{"id":15046,"date":"2023-04-17T11:30:34","date_gmt":"2023-04-17T09:30:34","guid":{"rendered":"https:\/\/dingogear.si\/o-nama\/"},"modified":"2023-04-17T11:30:43","modified_gmt":"2023-04-17T09:30:43","slug":"o-nama","status":"publish","type":"page","link":"https:\/\/dingogear.si\/hr\/o-nama\/","title":{"rendered":"O nama"},"content":{"rendered":"\n<div class=\"container section-title-container\" ><h1 class=\"section-title section-title-bold-center\"><b aria-hidden=\"true\"><\/b><span class=\"section-title-main\" ><i class=\"icon-checkmark\" aria-hidden=\"true\"><\/i>DINGO GEAR<\/span><b aria-hidden=\"true\"><\/b><\/h1><\/div>\n\n<div class=\"row\"  id=\"row-2137534997\">\n\n\n\t<div id=\"col-67856851\" class=\"col small-12 large-12\"  >\n\t\t\t\t<div class=\"col-inner\"  >\n\t\t\t\n\t\t\t\n\n<h2 class=\"thin-font\" style=\"text-align: center;\"><strong>OPREMA ZA SVE KOJI SLU\u017dE U UNIFORMIRANIM DJELATNOSTIMA TE ZA VODI\u010cE I MARKIRANTE UKLJU\u010cENE U DISCIPLINE SPORT, RAD I PROFESIONALNA KINOLOGIJA.<\/strong><\/h2>\n<p style=\"text-align: center;\">Dingo Gear je brend velike obiteljske tvrtke sa sjedi\u0161tem u Poljskoj, koja se bavi proizvodnjom opreme za profesionalnu obuku pasa koji slu\u017ee u policiji, vojsci, carini i drugim uniformiranim aktivnostima. Oprema je namijenjena vodi\u010dima, vodi\u010dima pasa, trenerima, i amaterima. Namijenjen je svima koji \u017eele kvalitetnu i dugotrajnu opremu, a prije svega opremu na profesionalnoj razini.<\/p>\n<p style=\"text-align: center;\">Konstantna i aktivna suradnja s visokokvalificiranom klasom trenera, koja je uvijek u kontinuiranom procesu stvaranja, omogu\u0107uje nam da razvijamo brend Dingo Gear i dalje unapre\u0111ujemo njegovu kvalitetu, \u010dime nadopunjujemo na\u0161u ponudu.<\/p>\n\n  <div class=\"banner has-hover\" id=\"banner-1025135163\">\n          <div class=\"banner-inner fill\">\n        <div class=\"banner-bg fill\" >\n            <img decoding=\"async\" width=\"960\" height=\"425\" src=\"https:\/\/dingogear.si\/wp-content\/uploads\/2019\/07\/DG_banner_pes-z-opremo.jpg\" class=\"bg attachment-large size-large\" alt=\"\" title=\"\">                        <div class=\"overlay\"><\/div>            \n                    <\/div>\n\t\t\n        <div class=\"banner-layers container\">\n            <div class=\"fill banner-link\"><\/div>            \n\n   <div id=\"text-box-76325392\" class=\"text-box banner-layer x5 md-x5 lg-x5 y5 md-y5 lg-y5 res-text\">\n                                <div class=\"text-box-content text dark\">\n              \n              <div class=\"text-inner text-center\">\n                  \n\n\t<div class=\"img has-hover x md-x lg-x y md-y lg-y\" id=\"image_841590063\">\n\t\t\t\t\t\t\t\t<div class=\"img-inner dark\" >\n\t\t\t<img decoding=\"async\" width=\"156\" height=\"180\" src=\"https:\/\/dingogear.si\/wp-content\/uploads\/2017\/10\/dingo-gear_logo_180.png\" class=\"attachment-large size-large\" alt=\"\" title=\"\">\t\t\t\t\t\t\n\t\t\t\t\t<\/div>\n\t\t\t\t\t\t\t\t\n<style>\n#image_841590063 {\n  width: 32%;\n}\n<\/style>\n\t<\/div>\n\t\n\n\n              <\/div>\n           <\/div>\n                            \n<style>\n#text-box-76325392 {\n  width: 60%;\n}\n#text-box-76325392 .text-box-content {\n  font-size: 100%;\n}\n@media (min-width:550px) {\n  #text-box-76325392 {\n    width: 40%;\n  }\n}\n<\/style>\n    <\/div>\n \n\n        <\/div>\n      <\/div>\n\n            \n<style>\n#banner-1025135163 {\n  padding-top: 500px;\n}\n#banner-1025135163 .overlay {\n  background-color: rgba(0, 0, 0, 0.31);\n}\n<\/style>\n  <\/div>\n\n\n\n\t\t<\/div>\n\t\t\t\t\t<\/div>\n\n\t\n\n<\/div>\n\n\t<section class=\"section\" id=\"section_1595717002\">\n\t\t<div class=\"section-bg fill\" >\n\t\t\t\t\t\t\t\t\t\n\t\t\t\n\n\t\t<\/div>\n\n\t\t\n\n\t\t<div class=\"section-content relative\">\n\t\t\t\n\n<div class=\"container section-title-container\" ><h3 class=\"section-title section-title-bold-center\"><b aria-hidden=\"true\"><\/b><span class=\"section-title-main\" ><i class=\"icon-heart\" aria-hidden=\"true\"><\/i>TO SMO MI - PODUZE\u0106E ASTOR<\/span><b aria-hidden=\"true\"><\/b><\/h3><\/div>\n\n<div class=\"row\"  id=\"row-1179579356\">\n\n\n\t<div id=\"col-257867808\" class=\"col medium-3 small-12 large-3\"  >\n\t\t\t\t<div class=\"col-inner\"  >\n\t\t\t\n\t\t\t\n\n    <div class=\"box has-hover has-hover box-text-bottom\" >\n\n                  <div class=\"box-image \" style=\"width:80%;\">\n           <div class=\"box-image-inner image-cover\" style=\"border-radius:100%;padding-top:100%;\">\n              <img decoding=\"async\" width=\"282\" height=\"524\" src=\"https:\/\/dingogear.si\/wp-content\/uploads\/2019\/07\/katika.jpg\" class=\"attachment- size-\" alt=\"\" srcset=\"https:\/\/dingogear.si\/wp-content\/uploads\/2019\/07\/katika.jpg 282w, https:\/\/dingogear.si\/wp-content\/uploads\/2019\/07\/katika-161x300.jpg 161w\" sizes=\"(max-width: 282px) 100vw, 282px\" title=\"\">                         <\/div>\n          <\/div>\n         \n          <div class=\"box-text text-center\" >\n                <div class=\"box-text-inner\">\n                  <h4 class=\"uppercase\">\n                    <span class=\"person-name\">Katja kol\u0161ek<\/span><br\/>\n                    <span class=\"person-title is-small thin-font op-7\">\n                      CEO \/ SUOSNIVA\u010c                    <\/span>\n                  <\/h4>\n\t\t\t\t\t<div class=\"social-icons follow-icons\" ><a href=\"https:\/\/www.facebook.com\/kolsek.katja\" target=\"_blank\" data-label=\"Facebook\" class=\"icon button circle is-outline tooltip facebook\" title=\"Follow on Facebook\" aria-label=\"Follow on Facebook\" rel=\"noopener nofollow\"><i class=\"icon-facebook\" aria-hidden=\"true\"><\/i><\/a><a href=\"https:\/\/www.instagram.com\/katika77\/\" target=\"_blank\" data-label=\"Instagram\" class=\"icon button circle is-outline tooltip instagram\" title=\"Follow on Instagram\" aria-label=\"Follow on Instagram\" rel=\"noopener nofollow\"><i class=\"icon-instagram\" aria-hidden=\"true\"><\/i><\/a><a href=\"mailto:kkolsek@astor.si\" data-label=\"E-mail\" target=\"_blank\" class=\"icon button circle is-outline tooltip email\" title=\"Send us an email\" aria-label=\"Send us an email\" rel=\"nofollow noopener\"><i class=\"icon-envelop\" aria-hidden=\"true\"><\/i><\/a><a href=\"tel:+38641449054\" data-label=\"Phone\" target=\"_blank\" class=\"icon button circle is-outline tooltip phone\" title=\"Call us\" aria-label=\"Call us\" rel=\"nofollow noopener\"><i class=\"icon-phone\" aria-hidden=\"true\"><\/i><\/a><a href=\"https:\/\/www.linkedin.com\/in\/katja-kolsek\/\" data-label=\"LinkedIn\" target=\"_blank\" class=\"icon button circle is-outline tooltip linkedin\" title=\"Follow on LinkedIn\" aria-label=\"Follow on LinkedIn\" rel=\"noopener nofollow\"><i class=\"icon-linkedin\" aria-hidden=\"true\"><\/i><\/a><\/div>\n\n<\/p>\n<p>Uvijek spremna za poslovni chat. Kava? Kada? Gdje?<\/p>\n<p>\n\n                <\/div>\n          <\/div>\n    <\/div>\n\n\t\n    \n\n\t\t<\/div>\n\t\t\t\t\t<\/div>\n\n\t\n\n\t<div id=\"col-465640170\" class=\"col medium-3 small-12 large-3\"  >\n\t\t\t\t<div class=\"col-inner\"  >\n\t\t\t\n\t\t\t\n\n    <div class=\"box has-hover has-hover box-text-bottom\" >\n\n                  <div class=\"box-image \" style=\"width:80%;\">\n           <div class=\"box-image-inner image-cover\" style=\"border-radius:100%;padding-top:100%;\">\n              <img decoding=\"async\" width=\"990\" height=\"1592\" src=\"https:\/\/dingogear.si\/wp-content\/uploads\/2019\/07\/TADEJ_1.jpg\" class=\"attachment- size-\" alt=\"\" srcset=\"https:\/\/dingogear.si\/wp-content\/uploads\/2019\/07\/TADEJ_1.jpg 990w, https:\/\/dingogear.si\/wp-content\/uploads\/2019\/07\/TADEJ_1-187x300.jpg 187w, https:\/\/dingogear.si\/wp-content\/uploads\/2019\/07\/TADEJ_1-768x1235.jpg 768w, https:\/\/dingogear.si\/wp-content\/uploads\/2019\/07\/TADEJ_1-637x1024.jpg 637w, https:\/\/dingogear.si\/wp-content\/uploads\/2019\/07\/TADEJ_1-500x804.jpg 500w, https:\/\/dingogear.si\/wp-content\/uploads\/2019\/07\/TADEJ_1-700x1126.jpg 700w\" sizes=\"(max-width: 990px) 100vw, 990px\" title=\"\">                         <\/div>\n          <\/div>\n         \n          <div class=\"box-text text-center\" >\n                <div class=\"box-text-inner\">\n                  <h4 class=\"uppercase\">\n                    <span class=\"person-name\">TADEJ KOL\u0160EK<\/span><br\/>\n                    <span class=\"person-title is-small thin-font op-7\">\n                      OSNIVA\u010c                    <\/span>\n                  <\/h4>\n\t\t\t\t\t<div class=\"social-icons follow-icons\" ><a href=\"https:\/\/www.facebook.com\/tadej.kolsek.1\" target=\"_blank\" data-label=\"Facebook\" class=\"icon button circle is-outline tooltip facebook\" title=\"Follow on Facebook\" aria-label=\"Follow on Facebook\" rel=\"noopener nofollow\"><i class=\"icon-facebook\" aria-hidden=\"true\"><\/i><\/a><a href=\"https:\/\/www.instagram.com\/tadejkolsek\/\" target=\"_blank\" data-label=\"Instagram\" class=\"icon button circle is-outline tooltip instagram\" title=\"Follow on Instagram\" aria-label=\"Follow on Instagram\" rel=\"noopener nofollow\"><i class=\"icon-instagram\" aria-hidden=\"true\"><\/i><\/a><a href=\"mailto:tkolsek@astor.si\" data-label=\"E-mail\" target=\"_blank\" class=\"icon button circle is-outline tooltip email\" title=\"Send us an email\" aria-label=\"Send us an email\" rel=\"nofollow noopener\"><i class=\"icon-envelop\" aria-hidden=\"true\"><\/i><\/a><a href=\"tel:+38640821421\" data-label=\"Phone\" target=\"_blank\" class=\"icon button circle is-outline tooltip phone\" title=\"Call us\" aria-label=\"Call us\" rel=\"nofollow noopener\"><i class=\"icon-phone\" aria-hidden=\"true\"><\/i><\/a><\/div>\n\n<\/p>\n<p>Zaljubljenik u mo\u0107ne pasmine pasa i entuzijasti\u010dni savjetnik za prehranu pasa i opremu za profesionalnu obuku pasa.<\/p>\n<p>\n\n                <\/div>\n          <\/div>\n    <\/div>\n\n\t\n    \n\n\t\t<\/div>\n\t\t\t\t\t<\/div>\n\n\t\n\n\t<div id=\"col-1970362212\" class=\"col medium-3 small-12 large-3\"  >\n\t\t\t\t<div class=\"col-inner\"  >\n\t\t\t\n\t\t\t\n\n    <div class=\"box has-hover has-hover box-text-bottom\" >\n\n                  <div class=\"box-image \" style=\"width:80%;\">\n           <div class=\"box-image-inner image-cover\" style=\"border-radius:100%;padding-top:100%;\">\n              <img decoding=\"async\" width=\"3264\" height=\"2448\" src=\"https:\/\/dingogear.si\/wp-content\/uploads\/2019\/07\/astor-2.jpg\" class=\"attachment- size-\" alt=\"\" srcset=\"https:\/\/dingogear.si\/wp-content\/uploads\/2019\/07\/astor-2.jpg 3264w, https:\/\/dingogear.si\/wp-content\/uploads\/2019\/07\/astor-2-300x225.jpg 300w, https:\/\/dingogear.si\/wp-content\/uploads\/2019\/07\/astor-2-768x576.jpg 768w, https:\/\/dingogear.si\/wp-content\/uploads\/2019\/07\/astor-2-1024x768.jpg 1024w, https:\/\/dingogear.si\/wp-content\/uploads\/2019\/07\/astor-2-500x375.jpg 500w, https:\/\/dingogear.si\/wp-content\/uploads\/2019\/07\/astor-2-700x525.jpg 700w\" sizes=\"(max-width: 3264px) 100vw, 3264px\" title=\"\">                         <\/div>\n          <\/div>\n         \n          <div class=\"box-text text-center\" >\n                <div class=\"box-text-inner\">\n                  <h4 class=\"uppercase\">\n                    <span class=\"person-name\">Astor<\/span><br\/>\n                    <span class=\"person-title is-small thin-font op-7\">\n                      tr\u010danje za dugom                    <\/span>\n                  <\/h4>\n\t\t\t\t\t<div class=\"social-icons follow-icons\" ><a href=\"mailto:info@astor.si\" data-label=\"E-mail\" target=\"_blank\" class=\"icon button circle is-outline tooltip email\" title=\"Send us an email\" aria-label=\"Send us an email\" rel=\"nofollow noopener\"><i class=\"icon-envelop\" aria-hidden=\"true\"><\/i><\/a><\/div>\n\n<\/p>\n<p>Na\u0161 pokojni doberman koji je postao inspiracija za ime na\u0161e tvrtke.<\/p>\n<p>Unato\u010d sna\u017enom dr\u017eanju psa \u010duvara, bio je najpoznatiji kao nje\u017ena i prijateljski raspolo\u017eena \u017eivotinja.<\/p>\n<p>\n\n                <\/div>\n          <\/div>\n    <\/div>\n\n\t\n    \n\n\t\t<\/div>\n\t\t\t\t\t<\/div>\n\n\t\n\n\t<div id=\"col-1020646901\" class=\"col medium-3 small-12 large-3\"  >\n\t\t\t\t<div class=\"col-inner\"  >\n\t\t\t\n\t\t\t\n\n    <div class=\"box has-hover has-hover box-text-bottom\" >\n\n                  <div class=\"box-image \" style=\"width:80%;\">\n           <div class=\"box-image-inner image-cover\" style=\"border-radius:100%;padding-top:100%;\">\n              <img decoding=\"async\" width=\"749\" height=\"744\" src=\"https:\/\/dingogear.si\/wp-content\/uploads\/2019\/07\/khan.png\" class=\"attachment- size-\" alt=\"\" srcset=\"https:\/\/dingogear.si\/wp-content\/uploads\/2019\/07\/khan.png 749w, https:\/\/dingogear.si\/wp-content\/uploads\/2019\/07\/khan-150x150.png 150w, https:\/\/dingogear.si\/wp-content\/uploads\/2019\/07\/khan-300x298.png 300w, https:\/\/dingogear.si\/wp-content\/uploads\/2019\/07\/khan-500x497.png 500w, https:\/\/dingogear.si\/wp-content\/uploads\/2019\/07\/khan-700x695.png 700w, https:\/\/dingogear.si\/wp-content\/uploads\/2019\/07\/khan-100x100.png 100w\" sizes=\"(max-width: 749px) 100vw, 749px\" title=\"\">                         <\/div>\n          <\/div>\n         \n          <div class=\"box-text text-center\" >\n                <div class=\"box-text-inner\">\n                  <h4 class=\"uppercase\">\n                    <span class=\"person-name\">khan<\/span><br\/>\n                    <span class=\"person-title is-small thin-font op-7\">\n                      pasji model\/amstaff                    <\/span>\n                  <\/h4>\n\t\t\t\t\t<div class=\"social-icons follow-icons\" ><a href=\"https:\/\/www.facebook.com\/astor.slovenija\/\" target=\"_blank\" data-label=\"Facebook\" class=\"icon button circle is-outline tooltip facebook\" title=\"Follow on Facebook\" aria-label=\"Follow on Facebook\" rel=\"noopener nofollow\"><i class=\"icon-facebook\" aria-hidden=\"true\"><\/i><\/a><a href=\"https:\/\/www.instagram.com\/kingkhanamstaff\/\" target=\"_blank\" data-label=\"Instagram\" class=\"icon button circle is-outline tooltip instagram\" title=\"Follow on Instagram\" aria-label=\"Follow on Instagram\" rel=\"noopener nofollow\"><i class=\"icon-instagram\" aria-hidden=\"true\"><\/i><\/a><\/div>\n\n<p>Tester hrane, poslastica i opreme. Iznad svega volim hranu! I poslastice! I hranu! A kad bolje razmislim, i poslastice! Bilo koje! Jesam li spomenuo da volim hranu?!<\/p>\n\n                <\/div>\n          <\/div>\n    <\/div>\n\n\t\n    \n\n\t\t<\/div>\n\t\t\t\t\t<\/div>\n\n\t\n\n<\/div>\n\n\t\t<\/div>\n\n\t\t\n<style>\n#section_1595717002 {\n  padding-top: 30px;\n  padding-bottom: 30px;\n}\n<\/style>\n\t<\/section>\n\t\n<div class=\"container section-title-container\" ><h3 class=\"section-title section-title-center\"><b aria-hidden=\"true\"><\/b><span class=\"section-title-main\" ><i class=\"icon-instagram\" aria-hidden=\"true\"><\/i>Khan pita pratite li ga ve\u0107 na instagramu?!<\/span><b aria-hidden=\"true\"><\/b><\/h3><\/div>\n\nError validating access token: The session has been invalidated because the user changed their password or Facebook has changed the session for security reasons.\n\n\t<div id=\"gap-247733052\" class=\"gap-element clearfix\" style=\"display:block; height:auto;\">\n\t\t\n<style>\n#gap-247733052 {\n  padding-top: 30px;\n}\n<\/style>\n\t<\/div>\n\t\n\n<div class=\"container section-title-container\" ><h3 class=\"section-title section-title-center\"><b aria-hidden=\"true\"><\/b><span class=\"section-title-main\" ><i class=\"icon-instagram\" aria-hidden=\"true\"><\/i>A nama?!<\/span><b aria-hidden=\"true\"><\/b><\/h3><\/div>\n\nError validating access token: The session has been invalidated because the user changed their password or Facebook has changed the session for security reasons.\n\n\n","protected":false},"excerpt":{"rendered":"","protected":false},"author":2,"featured_media":0,"parent":0,"menu_order":0,"comment_status":"closed","ping_status":"closed","template":"","meta":{"_acf_changed":false,"footnotes":""},"class_list":["post-15046","page","type-page","status-publish","hentry"],"acf":[],"_links":{"self":[{"href":"https:\/\/dingogear.si\/hr\/wp-json\/wp\/v2\/pages\/15046","targetHints":{"allow":["GET"]}}],"collection":[{"href":"https:\/\/dingogear.si\/hr\/wp-json\/wp\/v2\/pages"}],"about":[{"href":"https:\/\/dingogear.si\/hr\/wp-json\/wp\/v2\/types\/page"}],"author":[{"embeddable":true,"href":"https:\/\/dingogear.si\/hr\/wp-json\/wp\/v2\/users\/2"}],"replies":[{"embeddable":true,"href":"https:\/\/dingogear.si\/hr\/wp-json\/wp\/v2\/comments?post=15046"}],"version-history":[{"count":0,"href":"https:\/\/dingogear.si\/hr\/wp-json\/wp\/v2\/pages\/15046\/revisions"}],"wp:attachment":[{"href":"https:\/\/dingogear.si\/hr\/wp-json\/wp\/v2\/media?parent=15046"}],"curies":[{"name":"wp","href":"https:\/\/api.w.org\/{rel}","templated":true}]}}