{"id":5439,"date":"2018-11-14T13:15:21","date_gmt":"2018-11-14T12:15:21","guid":{"rendered":"http:\/\/dingogear.si\/?page_id=5439"},"modified":"2023-04-25T17:24:19","modified_gmt":"2023-04-25T15:24:19","slug":"dingo-gear-katalog-2","status":"publish","type":"page","link":"https:\/\/dingogear.si\/hr\/dingo-gear-katalog-2\/","title":{"rendered":"DINGO GEAR KATALOG"},"content":{"rendered":"\n<div class=\"container section-title-container\" ><h1 class=\"section-title section-title-bold-center\"><b aria-hidden=\"true\"><\/b><span class=\"section-title-main\" style=\"color:rgb(249, 177, 0);\">KATALOG DINGO GEAR<\/span><b aria-hidden=\"true\"><\/b><\/h1><\/div>\n\n\n  <div class=\"banner has-hover\" id=\"banner-35721425\">\n          <div class=\"banner-inner fill\">\n        <div class=\"banner-bg fill\" >\n            <img decoding=\"async\" width=\"960\" height=\"391\" src=\"https:\/\/dingogear.si\/wp-content\/uploads\/2019\/07\/DG_banner_pes-ska\u010de-v-vodo.jpg\" class=\"bg attachment-large size-large\" alt=\"\" title=\"\">                        <div class=\"overlay\"><\/div>            \n                    <\/div>\n\t\t\n        <div class=\"banner-layers container\">\n            <div class=\"fill banner-link\"><\/div>            \n\n   <div id=\"text-box-72003338\" class=\"text-box banner-layer x5 md-x5 lg-x5 y50 md-y50 lg-y50 res-text\">\n                                <div class=\"text-box-content text box-shadow-3\">\n              \n              <div class=\"text-inner text-left\">\n                  \n\n<h2 class=\"uppercase\"><strong>KATALOG<\/strong><\/h2>\n<h3 class=\"alt-font\">Sve na jednom mestu!<\/h3>\n<p>Otvorite i prenju\u0161kajte na\u0161 katalog ili jednostavno kontaktirajte na\u0161u ekipu, ako niste na\u0161li \u0161to ste tra\u017eili!<\/p>\n<a href=\"https:\/\/dingogear.si\/wp-content\/uploads\/2022\/07\/DINGO-GEAR-2022-1.pdf\" target=\"_blank\" class=\"button primary\" rel=\"noopener\" >\n\t\t<span>OTVORI KATALOG<\/span>\n\t<\/a>\n\n\n<a href=\"https:\/\/dingogear.si\/hr\/o-nama\/\" class=\"button primary is-outline\" >\n\t\t<span>KONTAKT<\/span>\n\t<\/a>\n\n\n\n              <\/div>\n           <\/div>\n                            \n<style>\n#text-box-72003338 .text-box-content {\n  background-color: rgb(255, 255, 255);\n  font-size: 100%;\n}\n#text-box-72003338 .text-inner {\n  padding: 30px 30px 30px 30px;\n}\n#text-box-72003338 {\n  width: 60%;\n}\n@media (min-width:550px) {\n  #text-box-72003338 {\n    width: 40%;\n  }\n}\n<\/style>\n    <\/div>\n \n\n        <\/div>\n      <\/div>\n\n            \n<style>\n#banner-35721425 {\n  padding-top: 500px;\n  background-color: rgb(255, 255, 255);\n}\n#banner-35721425 .overlay {\n  background-color: rgba(190, 190, 190, 0.2);\n}\n<\/style>\n  <\/div>\n\n\n\n","protected":false},"excerpt":{"rendered":"","protected":false},"author":2,"featured_media":0,"parent":0,"menu_order":0,"comment_status":"closed","ping_status":"closed","template":"","meta":{"_acf_changed":false,"footnotes":""},"class_list":["post-5439","page","type-page","status-publish","hentry"],"acf":[],"_links":{"self":[{"href":"https:\/\/dingogear.si\/hr\/wp-json\/wp\/v2\/pages\/5439","targetHints":{"allow":["GET"]}}],"collection":[{"href":"https:\/\/dingogear.si\/hr\/wp-json\/wp\/v2\/pages"}],"about":[{"href":"https:\/\/dingogear.si\/hr\/wp-json\/wp\/v2\/types\/page"}],"author":[{"embeddable":true,"href":"https:\/\/dingogear.si\/hr\/wp-json\/wp\/v2\/users\/2"}],"replies":[{"embeddable":true,"href":"https:\/\/dingogear.si\/hr\/wp-json\/wp\/v2\/comments?post=5439"}],"version-history":[{"count":0,"href":"https:\/\/dingogear.si\/hr\/wp-json\/wp\/v2\/pages\/5439\/revisions"}],"wp:attachment":[{"href":"https:\/\/dingogear.si\/hr\/wp-json\/wp\/v2\/media?parent=5439"}],"curies":[{"name":"wp","href":"https:\/\/api.w.org\/{rel}","templated":true}]}}