{"id":11074,"date":"2021-07-01T08:51:52","date_gmt":"2021-07-26T09:48:35","guid":{"rendered":"https:\/\/dingogear.si\/prostirka-za-hladenje-psa\/"},"modified":"2025-06-19T09:01:19","modified_gmt":"2025-06-19T07:01:19","slug":"prostirka-za-hladenje-psa","status":"publish","type":"product","link":"https:\/\/dingogear.si\/hr\/prostirka-za-hladenje-psa\/","title":{"rendered":"Prostirka za hla\u0111enje psa"},"content":{"rendered":"<p>CoolPets Premium prostirka za hla\u0111enje sprje\u010dava pregrijavanje va\u0161eg ljubimca! Prostirka brzo smanjuje tjelesnu temperaturu psa.<\/p>\n<p>Jastu\u010di\u0107 za hla\u0111enje ne treba stavljati u zamrziva\u010d ili hladnjak, ali uvijek radi. Prostirka je oko 10-15 stupnjeva hladnija od temperature okoline i djelotvorna je oko 3-4 sata. Kad pas ustane, prostirka je spremna za upotrebu nakon otprilike 30 sekundi.<\/p>\n<p><img decoding=\"async\" src=\"https:\/\/cdn.shopify.com\/s\/files\/1\/0088\/2317\/7252\/files\/coolpets-heat-absorbing-technology-en_480x480.png?v=1598098583\" alt=\"\" title=\"\"><\/p>\n<h3>Za\u0161to CoolPets Premium prostirke za hla\u0111enje?<\/h3>\n<h4>Br\u017ee, bolje i du\u017ee hla\u0111enje<\/h4>\n<p>Ova rashladna prostirka opremljena je izuzetno visokim udjelom neteku\u0107eg gela za hla\u0111enje. To se ne odra\u017eava samo na te\u017eini obloge, ve\u0107 se jastuk br\u017ee i bolje hladi, hladniji je i u\u010dinkovitiji dulje vrijeme. Uz to, va\u0161em ljubimcu nudi veliku udobnost zbog stalne raspodjele tlaka.<\/p>\n<h4>Protiv klizanja<\/h4>\n<p>Kondenzacija se mo\u017ee dogoditi zbog promjena temperature. Zahvaljuju\u0107i neklizaju\u0107em materijalu na dnu rashladne prostirke, on ostaje na pravom mjestu!<\/p>\n<h4>Debeli vanjski sloj poliestera<\/h4>\n<p>Vrhunska rashladna prostirka CoolPets ima deblji vanjski sloj od poliestera i stoga je ja\u010da, izdr\u017eljivija i otpornija na habanje.<\/p>\n<h4>Uvijek na pravom mjestu<\/h4>\n<p>Jastu\u010di\u0107 je podijeljen u odjeljke (4 do 24 odjeljka), \u0161to omogu\u0107uje da gel uvijek bude prisutan ispod psa kada le\u017ei na jastu\u010di\u0107u. Uz dodatnu prakti\u010dnost, ovo tako\u0111er nudi ve\u0107i u\u010dinak hla\u0111enja.<\/p>\n<h4>Lako se \u010disti<\/h4>\n<p>Prostirka se mo\u017ee lako o\u010distiti krpom zbog debelog poliesterskog sloja.<\/p>\n<h4>Pogodno za putovanja<\/h4>\n<p>Zbog pretinaca, prostirka se lako presavija i odnosi bilo gdje. To vam omogu\u0107uje da ljeti svom psu ponudite hladno odmori\u0161te bilo gdje .<\/p>\n<h4>Otporan na UV zrake i vremenske utjecaje<\/h4>\n<p>Budu\u0107i da se koriste samo visokokvalitetni materijali, mo\u017eete biti sigurni da \u0107e ovaj rashladni tepih trajati dugo.<\/p>\n<h4>Koju veli\u010dinu odabrati?<\/h4>\n<p>Podloga za hla\u0111enje dostupna je u razli\u010ditim veli\u010dinama. Tu je i XL veli\u010dina, koja je prikladna za vi\u0161e pasa odjednom ili vrlo velike pse.<\/p>\n<p><strong>Veli\u010dine:<\/strong><br \/>\nL &#8211; 90 x 60 cm<br \/>\nXL &#8211; 120 x 75 cm<\/p>\n","protected":false},"excerpt":{"rendered":"<p>Rashladna podloga za psa najvi\u0161e kvalitete. Ne trebate hladnjak, u\u010dinak do 3-4 sata. Odr\u017eava do 15 stupnjeva ni\u017eu temperaturu od okoline.<\/p>\n<p>Ima deblji vanjski sloj od poliestera i stoga je ja\u010di, postojaniji i otporniji na habanje.<\/p>\n<p>Jastu\u010di\u0107 za hla\u0111enje ne treba stavljati u zamrziva\u010d ili hladnjak, ali uvijek radi. Prostirka je oko 10-15 stupnjeva hladnija od temperature okoline i djelotvorna je oko 3-4 sata. Kad pas ustane, prostirka je spremna za upotrebu <span class=\"fancy-underline\">nakon otprilike 30 sekundi<\/span>.<\/p>\n","protected":false},"featured_media":17677,"comment_status":"open","ping_status":"closed","template":"","meta":{"_acf_changed":false},"product_brand":[2948],"product_cat":[819],"product_tag":[2496],"class_list":{"0":"post-11074","1":"product","2":"type-product","3":"status-publish","4":"has-post-thumbnail","6":"product_brand-dingo-gear","7":"product_cat-pomagala-za-trening","8":"product_tag-jastuci-za-hladenje","10":"first","11":"onbackorder","12":"taxable","13":"shipping-taxable","14":"purchasable","15":"product-type-variable"},"acf":[],"_links":{"self":[{"href":"https:\/\/dingogear.si\/hr\/wp-json\/wp\/v2\/product\/11074","targetHints":{"allow":["GET"]}}],"collection":[{"href":"https:\/\/dingogear.si\/hr\/wp-json\/wp\/v2\/product"}],"about":[{"href":"https:\/\/dingogear.si\/hr\/wp-json\/wp\/v2\/types\/product"}],"replies":[{"embeddable":true,"href":"https:\/\/dingogear.si\/hr\/wp-json\/wp\/v2\/comments?post=11074"}],"wp:featuredmedia":[{"embeddable":true,"href":"https:\/\/dingogear.si\/hr\/wp-json\/wp\/v2\/media\/17677"}],"wp:attachment":[{"href":"https:\/\/dingogear.si\/hr\/wp-json\/wp\/v2\/media?parent=11074"}],"wp:term":[{"taxonomy":"product_brand","embeddable":true,"href":"https:\/\/dingogear.si\/hr\/wp-json\/wp\/v2\/product_brand?post=11074"},{"taxonomy":"product_cat","embeddable":true,"href":"https:\/\/dingogear.si\/hr\/wp-json\/wp\/v2\/product_cat?post=11074"},{"taxonomy":"product_tag","embeddable":true,"href":"https:\/\/dingogear.si\/hr\/wp-json\/wp\/v2\/product_tag?post=11074"}],"curies":[{"name":"wp","href":"https:\/\/api.w.org\/{rel}","templated":true}]}}