{"id":11088,"date":"2021-05-21T19:30:34","date_gmt":"2021-07-26T10:06:37","guid":{"rendered":"https:\/\/dingogear.si\/piccolo-ring-jastucic-s-ruckom\/"},"modified":"2023-04-20T10:00:21","modified_gmt":"2023-04-20T08:00:21","slug":"piccolo-ring-jastucic-s-ruckom","status":"publish","type":"product","link":"https:\/\/dingogear.si\/hr\/piccolo-ring-jastucic-s-ruckom\/","title":{"rendered":"PICCOLO RING jastu\u010di\u0107 s ru\u010dkom"},"content":{"rendered":"","protected":false},"excerpt":{"rendered":"<h5 class=\"serp-title\">PICCOLO RING jastu\u010di\u0107 s ru\u010dkom<\/h5>\n<p>Mali jastu\u010di\u0107 s prikladnom ru\u010dkom od ring materijala (nylcot) s jednom ru\u010dkom, veli\u010dine 8x15cm. Nazvali smo ga PICCOLO. Dizajniran je za trening i igranje sa psom.<br \/>\nNa\u0161i su proizvodi namijenjeni zabavi i treningu uz pomo\u0107 skrbnika, pas ih nikada ne smije \u017evakati sam.<\/p>\n<p>Zna\u010dajke igra\u010daka:<\/p>\n<p>-Francuski materijal (nylcot) jamstvo je trajnosti<br \/>\n-specifi\u010dnost francuskog materijala (nylcot) poti\u010de psa na ugriz<br \/>\n&#8211; dodatni \u0161avovi na povr\u0161ini<br \/>\n&#8211; \u010dvrsti i sna\u017eni \u0161avovi osiguravaju visoku trajnost<br \/>\n&#8211; Ru\u010dka izra\u0111ena od \u0161irokog i mekog remena pru\u017ea veliku udobnost tijekom dr\u017eanja<br \/>\n-parametri: 8x15cm, te\u017eina 100g<\/p>\n","protected":false},"featured_media":11089,"comment_status":"open","ping_status":"closed","template":"","meta":{"_acf_changed":false},"product_brand":[2948],"product_cat":[809,807,803,819,823,1833],"product_tag":[763,747,1858],"class_list":{"0":"post-11088","1":"product","2":"type-product","3":"status-publish","4":"has-post-thumbnail","6":"product_brand-dingo-gear","7":"product_cat-igra-uz-trening","8":"product_cat-kobasice-aporti","9":"product_cat-oprema-za-psa","10":"product_cat-pomagala-za-trening","11":"product_cat-trening-vodljivosti","12":"product_cat-trening-vodljivosti-hr","13":"product_tag-dodatki-za-trening","14":"product_tag-igra-hr","15":"product_tag-trening-mladih-pasa","16":"pa_barva-aporta-crna-hr","17":"pa_barva-aporta-crvena","18":"pa_barva-aporta-narancasta","19":"pa_barva-aporta-pink-hr","20":"pa_barva-aporta-plava","21":"pa_barva-izdelka-crna-hr","22":"pa_barva-izdelka-crvena","23":"pa_barva-izdelka-narandzasta","24":"pa_barva-izdelka-pink-hr","25":"pa_barva-izdelka-plava","26":"pa_material-aporta-french-ring-nylcot-hr","27":"pa_namen-rokava-zvecila-aporta-trening-mladih-pasa","29":"first","30":"instock","31":"taxable","32":"shipping-taxable","33":"purchasable","34":"product-type-variable"},"acf":[],"_links":{"self":[{"href":"https:\/\/dingogear.si\/hr\/wp-json\/wp\/v2\/product\/11088","targetHints":{"allow":["GET"]}}],"collection":[{"href":"https:\/\/dingogear.si\/hr\/wp-json\/wp\/v2\/product"}],"about":[{"href":"https:\/\/dingogear.si\/hr\/wp-json\/wp\/v2\/types\/product"}],"replies":[{"embeddable":true,"href":"https:\/\/dingogear.si\/hr\/wp-json\/wp\/v2\/comments?post=11088"}],"wp:featuredmedia":[{"embeddable":true,"href":"https:\/\/dingogear.si\/hr\/wp-json\/wp\/v2\/media\/11089"}],"wp:attachment":[{"href":"https:\/\/dingogear.si\/hr\/wp-json\/wp\/v2\/media?parent=11088"}],"wp:term":[{"taxonomy":"product_brand","embeddable":true,"href":"https:\/\/dingogear.si\/hr\/wp-json\/wp\/v2\/product_brand?post=11088"},{"taxonomy":"product_cat","embeddable":true,"href":"https:\/\/dingogear.si\/hr\/wp-json\/wp\/v2\/product_cat?post=11088"},{"taxonomy":"product_tag","embeddable":true,"href":"https:\/\/dingogear.si\/hr\/wp-json\/wp\/v2\/product_tag?post=11088"}],"curies":[{"name":"wp","href":"https:\/\/api.w.org\/{rel}","templated":true}]}}