{"id":11128,"date":"2021-04-28T13:18:54","date_gmt":"2021-07-26T11:06:14","guid":{"rendered":"https:\/\/dingogear.si\/gumena-lopta-s-ruckom-meka\/"},"modified":"2023-04-16T16:22:15","modified_gmt":"2023-04-16T14:22:15","slug":"gumena-lopta-s-ruckom-meka","status":"publish","type":"product","link":"https:\/\/dingogear.si\/hr\/gumena-lopta-s-ruckom-meka\/","title":{"rendered":"Gumena lopta s ru\u010dkom MEKA"},"content":{"rendered":"<p>Gumena lopta s ru\u010dkom. Lopta izra\u0111ena od SOFT fleksibilne gume namijenjena je igri i podu\u010davanju psa. Testirano i odobreno od strane profesionalnih trenera.<\/p>\n<p>Zna\u010dajke lopte:<\/p>\n<ul>\n<li>sa loop ru\u010dkom (\u0161uplja traka)<\/li>\n<li>visoko kakovostna guma<\/li>\n<li>razli\u010dite boje gume i razli\u010dite boje ru\u010dki<\/li>\n<li>ru\u010dka sa \u0161upljim remenom<\/li>\n<li>fleksibilna guma<\/li>\n<li>parametri: #70mm; te\u017eina \u2013 0,2kg ili<\/li>\n<li>parametri: #60mm; te\u017eina \u2013 0,13kg<\/li>\n<\/ul>\n<p>Svrha lopte:<\/p>\n<ul>\n<li>aportiranje \/ dono\u0161enje predmeta<\/li>\n<li>igra<\/li>\n<\/ul>\n","protected":false},"excerpt":{"rendered":"<p>Gumena lopta s ru\u010dkom. Lopta izra\u0111ena od SOFT fleksibilne gume,<\/p>\n<p>Zna\u010dajke lopte:<\/p>\n<ul>\n<li>sa loop ru\u010dkom (\u0161uplja traka)<\/li>\n<li>visoko kakovostna guma<\/li>\n<li>razli\u010dite boje gume i razli\u010dite boje ru\u010dki<\/li>\n<li>ru\u010dka sa \u0161upljim remenom<\/li>\n<li>fleksibilna guma<\/li>\n<li>parametri: #70mm; te\u017eina \u2013 0,2kg ili<\/li>\n<li>parametri: #60mm; te\u017eina \u2013 0,13kg<\/li>\n<\/ul>\n<p>SAVJET: Lopte su namijenjene za zabavu i trening uz pomo\u0107 vodi\u010da, ne ostavljajte loptu i psa bez nadzora, jer to za psa ne zna\u010di igru \u200b\u200bi u\u010denje.<br \/>\nLopta nije namijenjena igri vu\u010denja (&#8221;tug of war&#8221;).<\/p>\n","protected":false},"featured_media":11124,"comment_status":"open","ping_status":"closed","template":"","meta":{"_acf_changed":false},"product_brand":[2949],"product_cat":[809,1831,803,819,823],"product_tag":[763,747,1858],"class_list":{"0":"post-11128","1":"product","2":"type-product","3":"status-publish","4":"has-post-thumbnail","6":"product_brand-raddog","7":"product_cat-igra-uz-trening","8":"product_cat-loptice","9":"product_cat-oprema-za-psa","10":"product_cat-pomagala-za-trening","11":"product_cat-trening-vodljivosti","12":"product_tag-dodatki-za-trening","13":"product_tag-igra-hr","14":"product_tag-trening-mladih-pasa","15":"pa_barva-zoge-mix-boja","16":"pa_oblika-velikost-zoge-okrugla-promjer-6-cm","17":"pa_oblika-velikost-zoge-okrugla-promjer-7-cm","18":"pa_trdota-zoge-meka-lopta-meka-guma","19":"pa_trdota-zoge-tvrda-lopta-puna-guma","21":"first","22":"instock","23":"taxable","24":"shipping-taxable","25":"purchasable","26":"product-type-variable"},"acf":[],"_links":{"self":[{"href":"https:\/\/dingogear.si\/hr\/wp-json\/wp\/v2\/product\/11128","targetHints":{"allow":["GET"]}}],"collection":[{"href":"https:\/\/dingogear.si\/hr\/wp-json\/wp\/v2\/product"}],"about":[{"href":"https:\/\/dingogear.si\/hr\/wp-json\/wp\/v2\/types\/product"}],"replies":[{"embeddable":true,"href":"https:\/\/dingogear.si\/hr\/wp-json\/wp\/v2\/comments?post=11128"}],"wp:featuredmedia":[{"embeddable":true,"href":"https:\/\/dingogear.si\/hr\/wp-json\/wp\/v2\/media\/11124"}],"wp:attachment":[{"href":"https:\/\/dingogear.si\/hr\/wp-json\/wp\/v2\/media?parent=11128"}],"wp:term":[{"taxonomy":"product_brand","embeddable":true,"href":"https:\/\/dingogear.si\/hr\/wp-json\/wp\/v2\/product_brand?post=11128"},{"taxonomy":"product_cat","embeddable":true,"href":"https:\/\/dingogear.si\/hr\/wp-json\/wp\/v2\/product_cat?post=11128"},{"taxonomy":"product_tag","embeddable":true,"href":"https:\/\/dingogear.si\/hr\/wp-json\/wp\/v2\/product_tag?post=11128"}],"curies":[{"name":"wp","href":"https:\/\/api.w.org\/{rel}","templated":true}]}}