{"id":11159,"date":"2021-05-04T16:50:56","date_gmt":"2021-07-26T12:01:40","guid":{"rendered":"https:\/\/dingogear.si\/metalna-brnjica-gumirana-metalna-brnjica-bokser\/"},"modified":"2022-08-19T12:57:44","modified_gmt":"2022-08-19T10:57:44","slug":"metalna-brnjica-gumirana-metalna-brnjica-bokser","status":"publish","type":"product","link":"https:\/\/dingogear.si\/hr\/metalna-brnjica-gumirana-metalna-brnjica-bokser\/","title":{"rendered":"Metalna brnjica \u2013 gumirana metalna brnjica BOKSER"},"content":{"rendered":"","protected":false},"excerpt":{"rendered":"<p>Ova profesionalna metalna brnjica udoban je i svestran proizvod, preporu\u010duje se za svakodnevnu upotrebu u dugim \u0161etnjama, kao i policijskim ophodnjama i vje\u017ebama.<br \/>\nPoseban dizajn ko\u0161are omogu\u0107uje psu da pravilno di\u0161e, pije vodu i uzima hranu. iz ruke vodni\u010da. Metal je presvu\u010den posebnom gumom, koja sprje\u010dava da se pse\u0107a usta, nos ili jezik smrznu na metalnim elementima nju\u0161ke.<br \/>\nSve trake izra\u0111ene su od najkvalitetnije prave ko\u017ee, a glavnu kop\u010du tipa &#8221;klik-klak&#8221; izra\u0111uje renomirana tvrtka HS. Sve zakovice izra\u0111ene su od kromiranog punog mesinga, koji sprje\u010dava koroziju ako ti elementi do\u0111u u kontakt s vodom.<br \/>\nKombinacija izdr\u017eljive, jake i istodobno lagane ko\u0161arice s ko\u017enim remenom, koju proizvodimo u tvrtki Dingo Gear, daje vam profesionalnu brnjicu koja \u0107e jo\u0161 dugo biti sastavni dio opreme va\u0161eg psa.<\/p>\n<ul>\n<li>Debeli podstavljeni komad filca \u0161titi i apsorbira ve\u0107inu sile koja djeluje na psa, u\u010dinkovito smanjuju\u0107i mogu\u0107nost bilo kakve boli \u010dine\u0107i da pas nestrpljivo i zaigrano ponavlja vje\u017ebu!<\/li>\n<li>Filc tako\u0111er pokriva bo\u010dne strane usana psa i \u0161titi od ogrebotina<\/li>\n<\/ul>\n<table style=\"height: 131px;\" width=\"348\">\n<tbody>\n<tr>\n<td width=\"94\">Koda<\/td>\n<td width=\"122\">Max. du\u017eina brnjice<\/td>\n<td width=\"64\">Opseg brnjice<\/td>\n<\/tr>\n<tr>\n<td>S03043<\/td>\n<td>8,5cm<\/td>\n<td>37cm<\/td>\n<\/tr>\n<tr>\n<td>S03044<\/td>\n<td>10cm<\/td>\n<td>39cm<\/td>\n<\/tr>\n<tr>\n<td><\/td>\n<td><\/td>\n<td><\/td>\n<\/tr>\n<\/tbody>\n<\/table>\n","protected":false},"featured_media":11160,"comment_status":"open","ping_status":"closed","template":"","meta":{"_acf_changed":false},"product_brand":[2948],"product_cat":[811,803,821],"product_tag":[751,1240],"class_list":{"0":"post-11159","1":"product","2":"type-product","3":"status-publish","4":"has-post-thumbnail","6":"product_brand-dingo-gear","7":"product_cat-brnjice","8":"product_cat-oprema-za-psa","9":"product_cat-trening-obrane","10":"product_tag-brnjice","11":"product_tag-obrana","12":"pa_material-nagobcnika-metalni","13":"pa_material-nagobcnika-metalni-preobucen-gumom","14":"pa_velikost-nagobcnika-velicina-kuja","15":"pa_velikost-nagobcnika-velicina-pas","17":"first","18":"instock","19":"taxable","20":"shipping-taxable","21":"purchasable","22":"product-type-variable"},"acf":[],"_links":{"self":[{"href":"https:\/\/dingogear.si\/hr\/wp-json\/wp\/v2\/product\/11159","targetHints":{"allow":["GET"]}}],"collection":[{"href":"https:\/\/dingogear.si\/hr\/wp-json\/wp\/v2\/product"}],"about":[{"href":"https:\/\/dingogear.si\/hr\/wp-json\/wp\/v2\/types\/product"}],"replies":[{"embeddable":true,"href":"https:\/\/dingogear.si\/hr\/wp-json\/wp\/v2\/comments?post=11159"}],"wp:featuredmedia":[{"embeddable":true,"href":"https:\/\/dingogear.si\/hr\/wp-json\/wp\/v2\/media\/11160"}],"wp:attachment":[{"href":"https:\/\/dingogear.si\/hr\/wp-json\/wp\/v2\/media?parent=11159"}],"wp:term":[{"taxonomy":"product_brand","embeddable":true,"href":"https:\/\/dingogear.si\/hr\/wp-json\/wp\/v2\/product_brand?post=11159"},{"taxonomy":"product_cat","embeddable":true,"href":"https:\/\/dingogear.si\/hr\/wp-json\/wp\/v2\/product_cat?post=11159"},{"taxonomy":"product_tag","embeddable":true,"href":"https:\/\/dingogear.si\/hr\/wp-json\/wp\/v2\/product_tag?post=11159"}],"curies":[{"name":"wp","href":"https:\/\/api.w.org\/{rel}","templated":true}]}}