{"id":11167,"date":"2021-05-04T16:40:17","date_gmt":"2021-05-04T14:40:17","guid":{"rendered":"https:\/\/dingogear.si\/poklopac-automobila-aluminijska-mreza\/"},"modified":"2025-01-01T00:00:03","modified_gmt":"2024-12-31T23:00:03","slug":"prekrivac-za-auto-alu-mreza","status":"publish","type":"product","link":"https:\/\/dingogear.si\/hr\/prekrivac-za-auto-alu-mreza\/","title":{"rendered":"Prekriva\u010d za auto &#8211; alu mre\u017ea"},"content":{"rendered":"<p>Aluminijska mre\u017ea\/prekriva\u010d za auto &#8211; za pokrivanje auta i odr\u017eavanje temperature unutar auta.<\/p>\n<div>Pametna mre\u017ea za automobile<\/div>\n<div><\/div>\n<div>&#8211; odbija 80% sun\u010deve svjetlosti<\/div>\n<div>&#8211; pru\u017ea ugodnu hladno\u0107u<\/div>\n<div>&#8211; vrlo lagana &#8211; samo 2 kg<\/div>\n<div>&#8211; za pri\u010dvr\u0161\u0107ivanje mre\u017ee &#8211; potreban vam je gumeni ekspander!<\/div>\n<div>&#8211; veli\u010dina 6 x 4 m, 90 g \/ m\u00b2<\/div>\n<div>&#8211; Odgovara gotovo svakom automobilu<\/div>\n<div><\/div>\n<div>Zahvaljuju\u0107i svojoj strukturi i premazu, aluminijska mre\u017ea mo\u017ee odbiti 80% sun\u010deve svjetlosti. To \u0161titi unutra\u0161njost va\u0161eg automobila, kamp prikolice, paviljona ili \u010dak terase od sunca, \u010dine\u0107i je ugodnijom od izravne sun\u010deve svjetlosti.<\/div>\n<div>Stoga je aluminijska mre\u017ea idealna za\u0161tita od sunca za vas, a posebno za va\u0161e \u010detverono\u017ene prijatelje.<\/div>\n<div><\/div>\n<div>Pogotovo za vlasnike pasa koji putuju automobilom, to je mobilno sjenovito parkirali\u0161te kojim se lako mo\u017ee voziti bilo gdje te\u017eine manje od 2 kg.<\/div>\n<div><\/div>\n<div>Na uglovima mre\u017ee nalaze se u\u0161ice za pri\u010dvr\u0161\u0107ivanje, tako da mre\u017eu mo\u017eete dobro pri\u010dvrstiti \u010dak i u vjetrovitim uvjetima.<\/div>\n","protected":false},"excerpt":{"rendered":"<p>Aluminijska mre\u017ea za pokrivanje automobila i odr\u017eavanje temperature u automobilu.<br \/>\nPametna mre\u017ea za automobile<\/p>\n<div>&#8211; odbija 80% sun\u010deve svjetlosti<\/div>\n<div>&#8211; pru\u017ea ugodnu hladno\u0107u<\/div>\n<div>&#8211; vrlo lagana &#8211; samo 2 kg<\/div>\n<div>&#8211; s u\u0161icama za pri\u010dvr\u0161\u0107ivanje mre\u017ee &#8211; ako \u0107ete poklopac koristiti pri\u010dvr\u0161\u0107ivanjem, tada vam treba i <span class=\"fancy-underline\">gumeni ekspander<\/span> (koji mo\u017eete kupiti na bilo kojoj pumpi)<\/div>\n<div>&#8211; veli\u010dina 6 x 4 m, 90 g \/ m\u00b2<\/div>\n<div>&#8211; Odgovara gotovo svakom automobilu<\/div>\n<div><\/div>\n<div>Pogotovo za vlasnike pasa koji putuju automobilom, to je mobilno sjenovito parkirali\u0161te kojim se lako mo\u017ee voziti bilo gdje te\u017eine manje od 2 kg.<\/div>\n<div>Na uglovima mre\u017ee nalaze se u\u0161ice za pri\u010dvr\u0161\u0107ivanje, tako da mre\u017eu mo\u017eete dobro pri\u010dvrstiti \u010dak i u vjetrovitim uvjetima.<\/div>\n","protected":false},"featured_media":21053,"comment_status":"open","ping_status":"closed","template":"","meta":{"_acf_changed":false},"product_brand":[],"product_cat":[783,2530,2494,819],"product_tag":[],"class_list":{"0":"post-11167","1":"product","2":"type-product","3":"status-publish","4":"has-post-thumbnail","6":"product_cat-oprema-za-trening-poligon","7":"product_cat-dodatci-za-auto","8":"product_cat-pokrivalo-za-avto-sencenje-hlad-hr","9":"product_cat-pomagala-za-trening","11":"first","12":"instock","13":"taxable","14":"shipping-taxable","15":"purchasable","16":"product-type-simple"},"acf":[],"_links":{"self":[{"href":"https:\/\/dingogear.si\/hr\/wp-json\/wp\/v2\/product\/11167","targetHints":{"allow":["GET"]}}],"collection":[{"href":"https:\/\/dingogear.si\/hr\/wp-json\/wp\/v2\/product"}],"about":[{"href":"https:\/\/dingogear.si\/hr\/wp-json\/wp\/v2\/types\/product"}],"replies":[{"embeddable":true,"href":"https:\/\/dingogear.si\/hr\/wp-json\/wp\/v2\/comments?post=11167"}],"wp:featuredmedia":[{"embeddable":true,"href":"https:\/\/dingogear.si\/hr\/wp-json\/wp\/v2\/media\/21053"}],"wp:attachment":[{"href":"https:\/\/dingogear.si\/hr\/wp-json\/wp\/v2\/media?parent=11167"}],"wp:term":[{"taxonomy":"product_brand","embeddable":true,"href":"https:\/\/dingogear.si\/hr\/wp-json\/wp\/v2\/product_brand?post=11167"},{"taxonomy":"product_cat","embeddable":true,"href":"https:\/\/dingogear.si\/hr\/wp-json\/wp\/v2\/product_cat?post=11167"},{"taxonomy":"product_tag","embeddable":true,"href":"https:\/\/dingogear.si\/hr\/wp-json\/wp\/v2\/product_tag?post=11167"}],"curies":[{"name":"wp","href":"https:\/\/api.w.org\/{rel}","templated":true}]}}