{"id":11543,"date":"2021-10-07T11:37:49","date_gmt":"2021-10-07T09:37:50","guid":{"rendered":"https:\/\/dingogear.si\/?post_type=product&#038;p=11543"},"modified":"2023-04-19T16:37:19","modified_gmt":"2023-04-19T14:37:19","slug":"radna-orma-cobra-coyote","status":"publish","type":"product","link":"https:\/\/dingogear.si\/hr\/radna-orma-cobra-coyote\/","title":{"rendered":"Radna orma COBRA COYOTE"},"content":{"rendered":"<p><img decoding=\"async\" class=\"aligncenter wp-image-954 size-full\" src=\"https:\/\/dingogear.si\/wp-content\/uploads\/2017\/11\/delovna-oprsnica_cobra_VEL.jpg\" alt=\"\" width=\"784\" height=\"658\" title=\"\" srcset=\"https:\/\/dingogear.si\/wp-content\/uploads\/2017\/11\/delovna-oprsnica_cobra_VEL.jpg 784w, https:\/\/dingogear.si\/wp-content\/uploads\/2017\/11\/delovna-oprsnica_cobra_VEL-500x420.jpg 500w, https:\/\/dingogear.si\/wp-content\/uploads\/2017\/11\/delovna-oprsnica_cobra_VEL-700x588.jpg 700w, https:\/\/dingogear.si\/wp-content\/uploads\/2017\/11\/delovna-oprsnica_cobra_VEL-300x252.jpg 300w, https:\/\/dingogear.si\/wp-content\/uploads\/2017\/11\/delovna-oprsnica_cobra_VEL-768x645.jpg 768w\" sizes=\"(max-width: 784px) 100vw, 784px\" \/><\/p>\n","protected":false},"excerpt":{"rendered":"<p>Radna orma za profesionalnu obuku pasa sa \u0161titnikom za pse, koji se spu\u0161ta niz ko\u0161, a ne popre\u010dno! Orma ima ru\u010dku na stra\u017enjoj strani . S COBRA kop\u010dom, patentiranom od strane Austrijskog poduze\u0107a Austrialpin. Kop\u010da se ne mo\u017ee sama automatski otvoriti!<\/p>\n<p>Dostupno u 3 veli\u010dine!<\/p>\n<p>Zna\u010dajke orme:<\/p>\n<ul>\n<li>\u0161iroki pojasevi<\/li>\n<li>\u0161titnik za prsa du\u017e prsa, a ne popre\u010dno, za dodatnu udobnost i sigurnost psa<\/li>\n<li>Pojasevi su podesivi<\/li>\n<li>zavareni krom<\/li>\n<li>Kop\u010da Cobra proizvod je poznate austrijske tvrtke koja proizvodi opremu za penjanje i kori\u0161tenje u ekstremnim sportovima.<\/li>\n<li>Cobra kop\u010da ima najvi\u0161i certifikat izdr\u017eljivosti, dizajnirana je za izvanredne izazove (spa\u0161avanje), prakti\u010dki je neuni\u0161tivi dio orme<\/li>\n<li>Kop\u010da Cobra ima mehanizam za brzo KLIK pri\u010dvr\u0161\u0107ivanje<\/li>\n<li>Posebno u\u0161ivena ru\u010dka na stra\u017enjoj strani za brzo zadr\u017eanje psa<\/li>\n<li>iznimna trajnost i otpornost na sna\u017eno mehani\u010dko djelovanje (brzi pokreti i dugotrajno zatezanje remena)<\/li>\n<li>otpornost na: prljav\u0161tinu, vodu, mraz<\/li>\n<li>Perite na 30 Celzijevih stupnjeva<\/li>\n<li>mogu\u0107nost personalizacije natpisa \/ imena pri\u010dvr\u0161\u0107enog \u010di\u010dak trakom<\/li>\n<\/ul>\n<p>Du\u017eina pasa (prsa)<\/p>\n<p>M 60-75 cm<br \/>\nL 75-90CM<br \/>\nXL 90-105CM<br \/>\nparametri: duljina 42 cm; \u0161irina 10cm; debljina 0,3 cm; te\u017eina 0,5kg<br \/>\nSvrha orme:<\/p>\n<ul>\n<li>Dresura i usavr\u0161avanje psa u obrani<\/li>\n<li>pra\u0107enje i tra\u017eenje<\/li>\n<li>spa\u0161avanje u ekstremnim uvjetima<\/li>\n<\/ul>\n","protected":false},"featured_media":11557,"comment_status":"open","ping_status":"closed","template":"","meta":{"_acf_changed":false},"product_brand":[2948],"product_cat":[813,803,821,823],"product_tag":[1242],"class_list":{"0":"post-11543","1":"product","2":"type-product","3":"status-publish","4":"has-post-thumbnail","6":"product_brand-dingo-gear","7":"product_cat-hamovi-orma","8":"product_cat-oprema-za-psa","9":"product_cat-trening-obrane","10":"product_cat-trening-vodljivosti","11":"product_tag-hamovi-i-orme","12":"pa_posebnost-oprsnice-cobra-sponka-hr","13":"pa_posebnost-oprsnice-radna-orma-orma-za-rad","14":"pa_velikost-delovne-oprsnice-l-opseg-prsa-75-90cm","15":"pa_velikost-delovne-oprsnice-m-opseg-prsa-60-75cm","16":"pa_velikost-delovne-oprsnice-xl-opseg-prsa-95-105cm","18":"first","19":"instock","20":"featured","21":"taxable","22":"shipping-taxable","23":"purchasable","24":"product-type-variable"},"acf":[],"_links":{"self":[{"href":"https:\/\/dingogear.si\/hr\/wp-json\/wp\/v2\/product\/11543","targetHints":{"allow":["GET"]}}],"collection":[{"href":"https:\/\/dingogear.si\/hr\/wp-json\/wp\/v2\/product"}],"about":[{"href":"https:\/\/dingogear.si\/hr\/wp-json\/wp\/v2\/types\/product"}],"replies":[{"embeddable":true,"href":"https:\/\/dingogear.si\/hr\/wp-json\/wp\/v2\/comments?post=11543"}],"wp:featuredmedia":[{"embeddable":true,"href":"https:\/\/dingogear.si\/hr\/wp-json\/wp\/v2\/media\/11557"}],"wp:attachment":[{"href":"https:\/\/dingogear.si\/hr\/wp-json\/wp\/v2\/media?parent=11543"}],"wp:term":[{"taxonomy":"product_brand","embeddable":true,"href":"https:\/\/dingogear.si\/hr\/wp-json\/wp\/v2\/product_brand?post=11543"},{"taxonomy":"product_cat","embeddable":true,"href":"https:\/\/dingogear.si\/hr\/wp-json\/wp\/v2\/product_cat?post=11543"},{"taxonomy":"product_tag","embeddable":true,"href":"https:\/\/dingogear.si\/hr\/wp-json\/wp\/v2\/product_tag?post=11543"}],"curies":[{"name":"wp","href":"https:\/\/api.w.org\/{rel}","templated":true}]}}