{"id":11604,"date":"2021-10-07T11:26:45","date_gmt":"2021-10-11T08:02:58","guid":{"rendered":"https:\/\/dingogear.si\/brava-za-provjetravanje-prtljaznika-automobila\/"},"modified":"2023-01-11T13:11:46","modified_gmt":"2023-01-11T12:11:46","slug":"brava-za-provjetravanje-prtljaznika-automobila","status":"publish","type":"product","link":"https:\/\/dingogear.si\/hr\/brava-za-provjetravanje-prtljaznika-automobila\/","title":{"rendered":"Brava za provjetravanje prtlja\u017enika automobila"},"content":{"rendered":"","protected":false},"excerpt":{"rendered":"<p>Jednostavna brava za vrata prtlja\u017enika koja omogu\u0107uje protok svje\u017eeg zraka tijekom prijevoza psa ili za uporabu u parkiranom automobilu. Brava je dostupna u tri duljine.<\/p>\n<p>&nbsp;<\/p>\n","protected":false},"featured_media":11537,"comment_status":"open","ping_status":"closed","template":"","meta":{"_acf_changed":false},"product_brand":[2948],"product_cat":[2530,783,819],"product_tag":[],"class_list":{"0":"post-11604","1":"product","2":"type-product","3":"status-publish","4":"has-post-thumbnail","6":"product_brand-dingo-gear","7":"product_cat-dodatci-za-auto","8":"product_cat-oprema-za-trening-poligon","9":"product_cat-pomagala-za-trening","11":"first","12":"instock","13":"taxable","14":"shipping-taxable","15":"purchasable","16":"product-type-variable"},"acf":[],"_links":{"self":[{"href":"https:\/\/dingogear.si\/hr\/wp-json\/wp\/v2\/product\/11604","targetHints":{"allow":["GET"]}}],"collection":[{"href":"https:\/\/dingogear.si\/hr\/wp-json\/wp\/v2\/product"}],"about":[{"href":"https:\/\/dingogear.si\/hr\/wp-json\/wp\/v2\/types\/product"}],"replies":[{"embeddable":true,"href":"https:\/\/dingogear.si\/hr\/wp-json\/wp\/v2\/comments?post=11604"}],"wp:featuredmedia":[{"embeddable":true,"href":"https:\/\/dingogear.si\/hr\/wp-json\/wp\/v2\/media\/11537"}],"wp:attachment":[{"href":"https:\/\/dingogear.si\/hr\/wp-json\/wp\/v2\/media?parent=11604"}],"wp:term":[{"taxonomy":"product_brand","embeddable":true,"href":"https:\/\/dingogear.si\/hr\/wp-json\/wp\/v2\/product_brand?post=11604"},{"taxonomy":"product_cat","embeddable":true,"href":"https:\/\/dingogear.si\/hr\/wp-json\/wp\/v2\/product_cat?post=11604"},{"taxonomy":"product_tag","embeddable":true,"href":"https:\/\/dingogear.si\/hr\/wp-json\/wp\/v2\/product_tag?post=11604"}],"curies":[{"name":"wp","href":"https:\/\/api.w.org\/{rel}","templated":true}]}}