{"id":11854,"date":"2022-01-06T12:51:08","date_gmt":"2022-01-06T11:51:08","guid":{"rendered":"https:\/\/dingogear.si\/?post_type=product&#038;p=11854"},"modified":"2023-04-19T16:32:03","modified_gmt":"2023-04-19T14:32:03","slug":"silterica-dingo-gear","status":"publish","type":"product","link":"https:\/\/dingogear.si\/hr\/silterica-dingo-gear\/","title":{"rendered":"\u0160ilterica DINGO GEAR"},"content":{"rendered":"<p>\u0160ilterica DINGO GEAR. <strong>Izuzetno kvalitetna.<\/strong><\/p>\n<p>\u0160ilterica za vodi\u010da pasa. Veli\u010dina kape je univerzalna i podesiva na stra\u017enjoj strani glave.<\/p>\n","protected":false},"excerpt":{"rendered":"<div>Standardna kapa s vizirom &#8211; \u0161ilterica. Veli\u010dina kape je univerzalna i podesiva na stra\u017enjoj strani glave.<\/div>\n<div><\/div>\n<div>Sastav materijala: 98% pamuk, 2% poliester.<\/div>\n","protected":false},"featured_media":17085,"comment_status":"open","ping_status":"closed","template":"","meta":{"_acf_changed":false},"product_brand":[2948],"product_cat":[2389,1740,817],"product_tag":[2543],"class_list":{"0":"post-11854","1":"product","2":"type-product","3":"status-publish","4":"has-post-thumbnail","6":"product_brand-dingo-gear","7":"product_cat-bandane-i-kape","8":"product_cat-odjela-za-vodica","9":"product_cat-oprema-za-vodica","10":"product_tag-silterica","12":"first","13":"instock","14":"featured","15":"taxable","16":"shipping-taxable","17":"purchasable","18":"product-type-simple"},"acf":[],"_links":{"self":[{"href":"https:\/\/dingogear.si\/hr\/wp-json\/wp\/v2\/product\/11854","targetHints":{"allow":["GET"]}}],"collection":[{"href":"https:\/\/dingogear.si\/hr\/wp-json\/wp\/v2\/product"}],"about":[{"href":"https:\/\/dingogear.si\/hr\/wp-json\/wp\/v2\/types\/product"}],"replies":[{"embeddable":true,"href":"https:\/\/dingogear.si\/hr\/wp-json\/wp\/v2\/comments?post=11854"}],"wp:featuredmedia":[{"embeddable":true,"href":"https:\/\/dingogear.si\/hr\/wp-json\/wp\/v2\/media\/17085"}],"wp:attachment":[{"href":"https:\/\/dingogear.si\/hr\/wp-json\/wp\/v2\/media?parent=11854"}],"wp:term":[{"taxonomy":"product_brand","embeddable":true,"href":"https:\/\/dingogear.si\/hr\/wp-json\/wp\/v2\/product_brand?post=11854"},{"taxonomy":"product_cat","embeddable":true,"href":"https:\/\/dingogear.si\/hr\/wp-json\/wp\/v2\/product_cat?post=11854"},{"taxonomy":"product_tag","embeddable":true,"href":"https:\/\/dingogear.si\/hr\/wp-json\/wp\/v2\/product_tag?post=11854"}],"curies":[{"name":"wp","href":"https:\/\/api.w.org\/{rel}","templated":true}]}}