{"id":11984,"date":"2022-01-13T18:31:35","date_gmt":"2022-01-13T17:31:35","guid":{"rendered":"https:\/\/dingogear.si\/?post_type=product&#038;p=11984"},"modified":"2022-12-20T12:59:52","modified_gmt":"2022-12-20T11:59:52","slug":"gumena-lopta-sa-30-cm-uzicom","status":"publish","type":"product","link":"https:\/\/dingogear.si\/hr\/gumena-lopta-sa-30-cm-uzicom\/","title":{"rendered":"Gumena lopta sa 30 cm uzicom"},"content":{"rendered":"<p>Mekana gumena lopta je dizajnirana za igru \u200b\u200bi u\u010denje psa. Tako\u0111er se mo\u017ee uspje\u0161no koristiti za igranje u vodi dok lopta pluta na povr\u0161ini! Lopta se mo\u017ee koristiti s <a href=\"https:\/\/dingogear.si\/hr\/nastavak-za-brzo-oslobadjanje-lopte\/\">nastavkom za brzo otpu\u0161tanje<\/a>.<\/p>\n<p>Testirano i odobreno od strane profesionalnih trenera.<\/p>\n<p>Zna\u010dajke lopte:<\/p>\n<ul>\n<li>guma osigurava trajnu upotrebu<\/li>\n<li>izra\u017eajne \u017eute boje za lak\u0161e pronala\u017eenje na poligonu<\/li>\n<li>meka<\/li>\n<li>plutaju\u0107a<\/li>\n<li>s 30cm uzicom<\/li>\n<li>parametri: # 70mm; te\u017eina &#8211; 0,1kg<\/li>\n<\/ul>\n<p>Svrha lopte:<\/p>\n<ul>\n<li>aportiranje \/ dono\u0161enje predmeta<\/li>\n<li>u\u010denje \u017evakanja<\/li>\n<li>trenirati pravilan ugriz psa<\/li>\n<li>igra<\/li>\n<\/ul>\n<p>&nbsp;<\/p>\n","protected":false},"excerpt":{"rendered":"<p>Mekana gumena lopta je dizajnirana za igru \u200b\u200bi u\u010denje psa. Tako\u0111er se mo\u017ee uspje\u0161no koristiti za igranje u vodi dok lopta pluta na povr\u0161ini! Lopta se mo\u017ee koristiti s <a href=\"https:\/\/dingogear.si\/izdelek\/nastavek-za-hiter-izpust-zoge\/\">nastavkom za brzo otpu\u0161tanje.<\/a><\/p>\n<p>Testirano i odobreno od strane profesionalnih trenera.<\/p>\n<p>Zna\u010dajke lopte:<\/p>\n<ul>\n<li>guma osigurava trajnu upotrebu<\/li>\n<li>izra\u017eajne \u017eute boje za lak\u0161e pronala\u017eenje na poligonu<\/li>\n<li>meka<\/li>\n<li>plutaju\u0107a<\/li>\n<li>s 30cm uzicom<\/li>\n<li>parametri: # 70mm; te\u017eina &#8211; 0,1kg<\/li>\n<\/ul>\n<p>Svrha lopte:<\/p>\n<ul>\n<li>aportiranje \/ dono\u0161enje predmeta<\/li>\n<li>u\u010denje \u017evakanja<\/li>\n<li>trenirati pravilan ugriz psa<\/li>\n<li>igra<\/li>\n<\/ul>\n<p>SAVJET: Lopte su namijenjene za zabavu i trening uz pomo\u0107 vodi\u010da, ne ostavljajte loptu i psa bez nadzora, jer to za psa ne zna\u010di igru \u200b\u200bi u\u010denje.<br \/>\nLopta nije namijenjena igri vu\u010denja (&#8221;tug of war&#8221;).<\/p>\n","protected":false},"featured_media":11989,"comment_status":"open","ping_status":"closed","template":"","meta":{"_acf_changed":false},"product_brand":[2948],"product_cat":[803,809,1831,819,823],"product_tag":[747,1238],"class_list":{"0":"post-11984","1":"product","2":"type-product","3":"status-publish","4":"has-post-thumbnail","6":"product_brand-dingo-gear","7":"product_cat-oprema-za-psa","8":"product_cat-igra-uz-trening","9":"product_cat-loptice","10":"product_cat-pomagala-za-trening","11":"product_cat-trening-vodljivosti","12":"product_tag-igra-hr","13":"product_tag-vodljivost","14":"pa_material-zoge-guma-hr","16":"first","17":"instock","18":"taxable","19":"shipping-taxable","20":"purchasable","21":"product-type-simple"},"acf":[],"_links":{"self":[{"href":"https:\/\/dingogear.si\/hr\/wp-json\/wp\/v2\/product\/11984","targetHints":{"allow":["GET"]}}],"collection":[{"href":"https:\/\/dingogear.si\/hr\/wp-json\/wp\/v2\/product"}],"about":[{"href":"https:\/\/dingogear.si\/hr\/wp-json\/wp\/v2\/types\/product"}],"replies":[{"embeddable":true,"href":"https:\/\/dingogear.si\/hr\/wp-json\/wp\/v2\/comments?post=11984"}],"wp:featuredmedia":[{"embeddable":true,"href":"https:\/\/dingogear.si\/hr\/wp-json\/wp\/v2\/media\/11989"}],"wp:attachment":[{"href":"https:\/\/dingogear.si\/hr\/wp-json\/wp\/v2\/media?parent=11984"}],"wp:term":[{"taxonomy":"product_brand","embeddable":true,"href":"https:\/\/dingogear.si\/hr\/wp-json\/wp\/v2\/product_brand?post=11984"},{"taxonomy":"product_cat","embeddable":true,"href":"https:\/\/dingogear.si\/hr\/wp-json\/wp\/v2\/product_cat?post=11984"},{"taxonomy":"product_tag","embeddable":true,"href":"https:\/\/dingogear.si\/hr\/wp-json\/wp\/v2\/product_tag?post=11984"}],"curies":[{"name":"wp","href":"https:\/\/api.w.org\/{rel}","templated":true}]}}