{"id":12028,"date":"2022-02-01T12:43:28","date_gmt":"2022-02-01T11:43:28","guid":{"rendered":"https:\/\/dingogear.si\/?post_type=product&#038;p=12028"},"modified":"2022-12-20T12:59:51","modified_gmt":"2022-12-20T11:59:51","slug":"povodnnik-za-rad-super-grip-s-aluminijskim-karabinom","status":"publish","type":"product","link":"https:\/\/dingogear.si\/hr\/povodnnik-za-rad-super-grip-s-aluminijskim-karabinom\/","title":{"rendered":"Povodnik za rad SUPER GRIP s ALU karabinom"},"content":{"rendered":"<div>Lagani povodac od gumene trake s aluminijskim karabinom &#8211; lagan i iznimno \u010dvrst u isto vrijeme. Mo\u017ee se koristiti za radne i sportske aktivnosti ili samo za trening i obi\u010dne \u0161etnje. Ru\u010dni rad sa posebnom, vrlo laganom gumicom (traka s duplom gumicom) koja ne klizi u ruci. Omogu\u0107uje \u010dvrsto prianjanje, izdr\u017eljivost i sigurnost kori\u0161tenja. Mala te\u017eina uz odr\u017eavanje odgovaraju\u0107e \u010dvrsto\u0107e i moderan dizajn zna\u010di da \u0107e ovaj povodac postati jedan od va\u0161ih omiljenih. Testirano i odobreno od strane profesionalnih trenera pasa.<\/div>\n<div><\/div>\n<div>Lagani povodnik za trening od gumene trake s aluminijskim karabinom dostupan je u 2 verzije:<\/div>\n<div>\u0161irina 2,0 cm x ukupna du\u017eina 5 m,<\/div>\n<div>\u0161irina 2,0 cm x ukupna du\u017eina 10 m.<\/div>\n","protected":false},"excerpt":{"rendered":"<div>Lagani povodnik od gumene trake s aluminijskim karabinom &#8211; lagan i iznimno \u010dvrst u isto vrijeme. Mo\u017ee se koristiti za radne i sportske aktivnosti ili samo za trening i obi\u010dne \u0161etnje. Ru\u010dni rad sa posebnom, vrlo laganom gumicom (traka s duplom gumicom) koja ne klizi u ruci. Omogu\u0107uje \u010dvrsto prianjanje, izdr\u017eljivost i sigurnost kori\u0161tenja. Mala te\u017eina uz odr\u017eavanje odgovaraju\u0107e \u010dvrsto\u0107e i moderan dizajn zna\u010di da \u0107e ovaj povodac postati jedan od va\u0161ih omiljenih. Testirano i odobreno od strane profesionalnih trenera pasa.<\/div>\n<div><\/div>\n<div>Lagani povodnik za trening od gumene trake s aluminijskim karabinom dostupan je u 2 verzije:<\/div>\n<div>\u0161irina 2,0 cm x ukupna du\u017eina 5 m,<\/div>\n<div>\u0161irina 2,0 cm x ukupna du\u017eina 10 m.<\/div>\n","protected":false},"featured_media":12042,"comment_status":"open","ping_status":"closed","template":"","meta":{"_acf_changed":false},"product_brand":[2948],"product_cat":[803,817,805,825,823],"product_tag":[1236,1238],"class_list":{"0":"post-12028","1":"product","2":"type-product","3":"status-publish","4":"has-post-thumbnail","6":"product_brand-dingo-gear","7":"product_cat-oprema-za-psa","8":"product_cat-oprema-za-vodica","9":"product_cat-povodnici","10":"product_cat-trening-traganja","11":"product_cat-trening-vodljivosti","12":"product_tag-povodnici","13":"product_tag-vodljivost","14":"pa_barva-povodca-crna-hr","15":"pa_dolzina-povodca-10m-hr","16":"pa_dolzina-povodca-5m-hr","17":"pa_material-povodca-gumiran-polipropilen-hr","18":"pa_posebnost-povodca-gumiran-povodnik","19":"pa_posebnost-povodca-karabin-od-aluminija","20":"pa_posebnost-povodca-povodnik-bez-rucke","21":"pa_posebnost-povodca-povodnik-za-rad","22":"pa_sirina-povodca-2cm-hr","24":"first","25":"instock","26":"featured","27":"taxable","28":"shipping-taxable","29":"purchasable","30":"product-type-variable"},"acf":[],"_links":{"self":[{"href":"https:\/\/dingogear.si\/hr\/wp-json\/wp\/v2\/product\/12028","targetHints":{"allow":["GET"]}}],"collection":[{"href":"https:\/\/dingogear.si\/hr\/wp-json\/wp\/v2\/product"}],"about":[{"href":"https:\/\/dingogear.si\/hr\/wp-json\/wp\/v2\/types\/product"}],"replies":[{"embeddable":true,"href":"https:\/\/dingogear.si\/hr\/wp-json\/wp\/v2\/comments?post=12028"}],"wp:featuredmedia":[{"embeddable":true,"href":"https:\/\/dingogear.si\/hr\/wp-json\/wp\/v2\/media\/12042"}],"wp:attachment":[{"href":"https:\/\/dingogear.si\/hr\/wp-json\/wp\/v2\/media?parent=12028"}],"wp:term":[{"taxonomy":"product_brand","embeddable":true,"href":"https:\/\/dingogear.si\/hr\/wp-json\/wp\/v2\/product_brand?post=12028"},{"taxonomy":"product_cat","embeddable":true,"href":"https:\/\/dingogear.si\/hr\/wp-json\/wp\/v2\/product_cat?post=12028"},{"taxonomy":"product_tag","embeddable":true,"href":"https:\/\/dingogear.si\/hr\/wp-json\/wp\/v2\/product_tag?post=12028"}],"curies":[{"name":"wp","href":"https:\/\/api.w.org\/{rel}","templated":true}]}}