{"id":12049,"date":"2022-02-01T12:59:12","date_gmt":"2022-02-01T11:59:13","guid":{"rendered":"https:\/\/dingogear.si\/?post_type=product&#038;p=12049"},"modified":"2022-12-20T12:59:47","modified_gmt":"2022-12-20T11:59:47","slug":"povodnik-super-grip-s-aluminijskim-karabinom-podesiva-duzina","status":"publish","type":"product","link":"https:\/\/dingogear.si\/hr\/povodnik-super-grip-s-aluminijskim-karabinom-podesiva-duzina\/","title":{"rendered":"Gumiran povodnik SUPER GRIP s ALU karabinom \u2013 podesiva du\u017eina"},"content":{"rendered":"<div>Lagani sklopivi povodnik od gumene trake s aluminijskim karabinom &#8211; lagan i iznimno \u010dvrst u isto vrijeme. Mo\u017ee se koristiti za uniformirane, sportske i le\u017eerne \u0161etnje. Ru\u010dni rad sa posebnom, vrlo laganom trakom (traka s dvostrukom gumenom crtom) koja ne klizi u ruci. Omogu\u0107uje \u010dvrsto prianjanje, izdr\u017eljivost i sigurnost kori\u0161tenja. Mala te\u017eina uz odr\u017eavanje odgovaraju\u0107e \u010dvrsto\u0107e i moderan dizajn zna\u010di da \u0107e ovaj povodac postati jedan od va\u0161ih omiljenih. Testirano i odobreno od strane profesionalnih trenera pasa.<\/div>\n<div><\/div>\n<div>Lagani, podesivi povodac od gumene trake s aluminijskim karabinom ima sljede\u0107e dimenzije:<\/div>\n<div>\u0161irina: 2,0 cm,<\/div>\n<div>du\u017eina: 150 &#8211; 250 cm.<\/div>\n","protected":false},"excerpt":{"rendered":"<div>Lagani podesivi povodnik od gumene trake s aluminijskim karabinom &#8211; lagan i iznimno \u010dvrst u isto vrijeme. Mo\u017ee se koristiti za uniformirane, sportske i le\u017eerne \u0161etnje. Ru\u010dni rad sa posebnom, vrlo laganom trakom (traka s dvostrukom gumenom crtom) koja ne klizi u ruci. Omogu\u0107uje \u010dvrsto prianjanje, izdr\u017eljivost i sigurnost kori\u0161tenja. Mala te\u017eina uz odr\u017eavanje odgovaraju\u0107e \u010dvrsto\u0107e i moderan dizajn zna\u010di da \u0107e ovaj povodac postati jedan od va\u0161ih omiljenih. Testirano i odobreno od strane profesionalnih trenera pasa.<\/div>\n<div><\/div>\n<div>Lagani, podesivi povodac od gumene trake s aluminijskim karabinom ima sljede\u0107e dimenzije:<\/div>\n<div>\u0161irina: 2,0 cm,<\/div>\n<div>du\u017eina: 150 &#8211; 250 cm.<\/div>\n","protected":false},"featured_media":12065,"comment_status":"open","ping_status":"closed","template":"","meta":{"_acf_changed":false},"product_brand":[2948],"product_cat":[823,803,805],"product_tag":[1236,1238],"class_list":{"0":"post-12049","1":"product","2":"type-product","3":"status-publish","4":"has-post-thumbnail","6":"product_brand-dingo-gear","7":"product_cat-trening-vodljivosti","8":"product_cat-oprema-za-psa","9":"product_cat-povodnici","10":"product_tag-povodnici","11":"product_tag-vodljivost","12":"pa_dolzina-povodca-150-250cm-hr","13":"pa_material-povodca-gumiran-najlon-hr","14":"pa_posebnost-povodca-gumiran-povodnik","15":"pa_posebnost-povodca-karabin-od-aluminija","16":"pa_posebnost-povodca-podesiva-duzina-povodnika","17":"pa_sirina-povodca-2cm-hr","19":"first","20":"instock","21":"taxable","22":"shipping-taxable","23":"purchasable","24":"product-type-simple"},"acf":[],"_links":{"self":[{"href":"https:\/\/dingogear.si\/hr\/wp-json\/wp\/v2\/product\/12049","targetHints":{"allow":["GET"]}}],"collection":[{"href":"https:\/\/dingogear.si\/hr\/wp-json\/wp\/v2\/product"}],"about":[{"href":"https:\/\/dingogear.si\/hr\/wp-json\/wp\/v2\/types\/product"}],"replies":[{"embeddable":true,"href":"https:\/\/dingogear.si\/hr\/wp-json\/wp\/v2\/comments?post=12049"}],"wp:featuredmedia":[{"embeddable":true,"href":"https:\/\/dingogear.si\/hr\/wp-json\/wp\/v2\/media\/12065"}],"wp:attachment":[{"href":"https:\/\/dingogear.si\/hr\/wp-json\/wp\/v2\/media?parent=12049"}],"wp:term":[{"taxonomy":"product_brand","embeddable":true,"href":"https:\/\/dingogear.si\/hr\/wp-json\/wp\/v2\/product_brand?post=12049"},{"taxonomy":"product_cat","embeddable":true,"href":"https:\/\/dingogear.si\/hr\/wp-json\/wp\/v2\/product_cat?post=12049"},{"taxonomy":"product_tag","embeddable":true,"href":"https:\/\/dingogear.si\/hr\/wp-json\/wp\/v2\/product_tag?post=12049"}],"curies":[{"name":"wp","href":"https:\/\/api.w.org\/{rel}","templated":true}]}}