{"id":12067,"date":"2022-02-01T13:13:47","date_gmt":"2022-02-01T12:13:48","guid":{"rendered":"https:\/\/dingogear.si\/?post_type=product&#038;p=12067"},"modified":"2023-04-19T16:41:00","modified_gmt":"2023-04-19T14:41:00","slug":"gumiran-povodnik-super-grip-s-alu-karabinom","status":"publish","type":"product","link":"https:\/\/dingogear.si\/hr\/gumiran-povodnik-super-grip-s-alu-karabinom\/","title":{"rendered":"Gumiran povodnik SUPER GRIP s ALU karabinom"},"content":{"rendered":"<div>Lagani sklopivi povodnik od gumene trake s aluminijskim karabinom &#8211; lagan i iznimno \u010dvrst u isto vrijeme. Mo\u017ee se koristiti za uniformirane, sportske i le\u017eerne \u0161etnje. Ru\u010dni rad sa posebnom, vrlo laganom trakom (traka s dvostrukom gumenom crtom) koja ne klizi u ruci. Omogu\u0107uje \u010dvrsto prianjanje, izdr\u017eljivost i sigurnost kori\u0161tenja. Mala te\u017eina uz odr\u017eavanje odgovaraju\u0107e \u010dvrsto\u0107e i moderan dizajn zna\u010di da \u0107e ovaj povodac postati jedan od va\u0161ih omiljenih. Testirano i odobreno od strane profesionalnih trenera pasa.<\/div>\n<div><\/div>\n<div>Lagani povodac s gumenom trakom s aluminijskim karabinom dostupan je u sljede\u0107im verzijama:<\/div>\n<div>\u0161irina 2,0 cm x ukupna du\u017eina 150 cm &#8211; jedna ru\u010dka,<br \/>\n\u0161irina 2,0 cm x ukupna du\u017eina 200 cm &#8211;<span class=\"fancy-underline\"><strong>dvije ru\u010dke.<\/strong><\/span><\/div>\n","protected":false},"excerpt":{"rendered":"<div>Lagani sklopivi povodnik od gumene trake s aluminijskim karabinom &#8211; lagan i iznimno \u010dvrst u isto vrijeme. Mo\u017ee se koristiti za uniformirane, sportske i le\u017eerne \u0161etnje. Ru\u010dni rad sa posebnom, vrlo laganom trakom (traka s dvostrukom gumenom crtom) koja ne klizi u ruci. Omogu\u0107uje \u010dvrsto prianjanje, izdr\u017eljivost i sigurnost kori\u0161tenja. Mala te\u017eina uz odr\u017eavanje odgovaraju\u0107e \u010dvrsto\u0107e i moderan dizajn zna\u010di da \u0107e ovaj povodac postati jedan od va\u0161ih omiljenih. Testirano i odobreno od strane profesionalnih trenera pasa.<\/div>\n<div><\/div>\n<div>Lagani povodac s gumenom trakom s aluminijskim karabinom dostupan je u sljede\u0107im verzijama:<\/div>\n<div>\u0161irina 2,0 cm x ukupna du\u017eina 150 cm &#8211; jedna ru\u010dka,<br \/>\n\u0161irina 2,0 cm x ukupna du\u017eina 200 cm &#8211;<span class=\"fancy-underline\"><strong>dvije ru\u010dke.<\/strong><\/span><\/div>\n<div><\/div>\n<div><a href=\"https:\/\/dingogear.si\/wp-content\/uploads\/2022\/02\/gumiran-povodec_dva-rocaja_1.jpg\"><img decoding=\"async\" class=\"aligncenter wp-image-12072 size-thumbnail\" src=\"https:\/\/dingogear.si\/wp-content\/uploads\/2022\/02\/gumiran-povodec_dva-rocaja_1-150x150.jpg\" alt=\"\" width=\"150\" height=\"150\" srcset=\"https:\/\/dingogear.si\/wp-content\/uploads\/2022\/02\/gumiran-povodec_dva-rocaja_1-150x150.jpg 150w, https:\/\/dingogear.si\/wp-content\/uploads\/2022\/02\/gumiran-povodec_dva-rocaja_1-300x300.jpg 300w, https:\/\/dingogear.si\/wp-content\/uploads\/2022\/02\/gumiran-povodec_dva-rocaja_1-1024x1024.jpg 1024w, https:\/\/dingogear.si\/wp-content\/uploads\/2022\/02\/gumiran-povodec_dva-rocaja_1-768x768.jpg 768w, https:\/\/dingogear.si\/wp-content\/uploads\/2022\/02\/gumiran-povodec_dva-rocaja_1-1536x1536.jpg 1536w, https:\/\/dingogear.si\/wp-content\/uploads\/2022\/02\/gumiran-povodec_dva-rocaja_1-500x500.jpg 500w, https:\/\/dingogear.si\/wp-content\/uploads\/2022\/02\/gumiran-povodec_dva-rocaja_1-700x700.jpg 700w, https:\/\/dingogear.si\/wp-content\/uploads\/2022\/02\/gumiran-povodec_dva-rocaja_1-100x100.jpg 100w, https:\/\/dingogear.si\/wp-content\/uploads\/2022\/02\/gumiran-povodec_dva-rocaja_1.jpg 2000w\" sizes=\"(max-width: 150px) 100vw, 150px\" \/><\/a><\/div>\n","protected":false},"featured_media":12075,"comment_status":"open","ping_status":"closed","template":"","meta":{"_acf_changed":false},"product_brand":[2948],"product_cat":[823,803,805],"product_tag":[1236,1238],"class_list":{"0":"post-12067","1":"product","2":"type-product","3":"status-publish","4":"has-post-thumbnail","6":"product_brand-dingo-gear","7":"product_cat-trening-vodljivosti","8":"product_cat-oprema-za-psa","9":"product_cat-povodnici","10":"product_tag-povodnici","11":"product_tag-vodljivost","12":"pa_dolzina-povodca-150cm-hr","13":"pa_dolzina-povodca-200cm-sa-2-rucke","14":"pa_material-povodca-gumiran-najlon-hr","15":"pa_posebnost-povodca-gumiran-povodnik","16":"pa_posebnost-povodca-karabin-od-aluminija","17":"pa_posebnost-povodca-povodnik-sa-dve-rucke","18":"pa_sirina-povodca-2cm-hr","20":"first","21":"instock","22":"taxable","23":"shipping-taxable","24":"purchasable","25":"product-type-variable"},"acf":[],"_links":{"self":[{"href":"https:\/\/dingogear.si\/hr\/wp-json\/wp\/v2\/product\/12067","targetHints":{"allow":["GET"]}}],"collection":[{"href":"https:\/\/dingogear.si\/hr\/wp-json\/wp\/v2\/product"}],"about":[{"href":"https:\/\/dingogear.si\/hr\/wp-json\/wp\/v2\/types\/product"}],"replies":[{"embeddable":true,"href":"https:\/\/dingogear.si\/hr\/wp-json\/wp\/v2\/comments?post=12067"}],"wp:featuredmedia":[{"embeddable":true,"href":"https:\/\/dingogear.si\/hr\/wp-json\/wp\/v2\/media\/12075"}],"wp:attachment":[{"href":"https:\/\/dingogear.si\/hr\/wp-json\/wp\/v2\/media?parent=12067"}],"wp:term":[{"taxonomy":"product_brand","embeddable":true,"href":"https:\/\/dingogear.si\/hr\/wp-json\/wp\/v2\/product_brand?post=12067"},{"taxonomy":"product_cat","embeddable":true,"href":"https:\/\/dingogear.si\/hr\/wp-json\/wp\/v2\/product_cat?post=12067"},{"taxonomy":"product_tag","embeddable":true,"href":"https:\/\/dingogear.si\/hr\/wp-json\/wp\/v2\/product_tag?post=12067"}],"curies":[{"name":"wp","href":"https:\/\/api.w.org\/{rel}","templated":true}]}}