{"id":13645,"date":"2022-11-15T13:45:17","date_gmt":"2022-11-15T12:45:19","guid":{"rendered":"https:\/\/dingogear.si\/?post_type=product&#038;p=13645"},"modified":"2022-12-21T16:30:55","modified_gmt":"2022-12-21T15:30:55","slug":"prsluk-za-trening-sa-psom-unisex-coyote","status":"publish","type":"product","link":"https:\/\/dingogear.si\/hr\/prsluk-za-trening-sa-psom-unisex-coyote\/","title":{"rendered":"Prsluk za trening sa psom unisex &#8211; COYOTE"},"content":{"rendered":"<h4><strong>Prsluk za trening pasa s prednjim d\u017eepovima i velikim stra\u017enjim d\u017eepom preko cijelog donjeg dijela le\u0111a. Posebno dizajniran za vodi\u010de pasa..<\/strong><\/h4>\n<p>Univerzalni prsluk za psa vodi\u010da izra\u0111en od lagane, otporne rip-stop tkanine. Lagani ljetni prsluk izra\u0111en od jakog materijala s mno\u0161tvom funkcionalnih d\u017eepova sprijeda i straga. Gornji i stra\u017enji dio izra\u0111eni su od mre\u017easte tkanine.<\/p>\n<p>Prsluk je opremljen lako dostupnim d\u017eepovima, prolaznim d\u017eepom na stra\u017enjoj strani <span style=\"color: #333333; font-size: 14.4px;\"><strong>s vrlo prakti\u010dnim sustavom pove\u0107anja kapaciteta d\u017eepova<\/strong><\/span> (svaki \u0107e vodi\u010d cijeniti ovo rje\u0161enje), unutarnjim d\u017eepom s utorom za kabel od slu\u0161alica, dva d\u017eepa na prsima s kop\u010dama i poseban <span style=\"color: #333333; font-size: 14.4px;\">kapci\/ru\u010dke koje omogu\u0107uju brzo skidanje nagrada (pohvala) za psa.<\/span><\/p>\n<p>Testirano i odobreno od strane profesionalnih trenera. Pouzdana kvaliteta i izvrsnost izvedbe omogu\u0107uju 100% zadovoljstvo korisnika.<\/p>\n<p>Prsluk za trening sa psom Ru\u010dno izra\u0111eni od strane stru\u010dnjaka za profesionalce!<\/p>\n<p>Posebne zna\u010dajke:<\/p>\n<ul>\n<li>ergonomski model<\/li>\n<li>izra\u0111eno od rip-stop lagane tkanine i izdr\u017eljive mre\u017easte tkanine, otporne na mehani\u010dka o\u0161te\u0107enja, npr. ogrebotine, trljanje.<\/li>\n<li>YKK smi\u010dak<\/li>\n<li>d\u017eep za pohranjivanje opreme za dresuru pasa kao \u0161to su aporti, igra\u010dke, \u017evaka\u0107e, s vrlo prakti\u010dnim sustavom pove\u0107anja kapaciteta d\u017eepova<\/li>\n<li>ima podesivu vezicu u struku za stabilizaciju prsluka tijekom intenzivnog kretanja<\/li>\n<li>posebna brava \/ ru\u010dka omogu\u0107uje vam brzo pu\u0161tanje nagrade (pohvale-igra\u010dke) za psa<\/li>\n<li>unutarnji d\u017eep s patentnim zatvara\u010dem<\/li>\n<li>mo\u017ee se prati u perilici rublja na 30 stupnjeva<\/li>\n<li>Dostupno u veli\u010dinama: S, M, L, XL, XXL, XXXL<\/li>\n<\/ul>\n<p>Zbog svog funkcionalnog kroja i prakti\u010dnih rje\u0161enja, prsluk je idealan izbor za sve aktivnosti sa psom (dresura, sport, \u0161etnje i sl.)<\/p>\n<table width=\"692\">\n<tbody>\n<tr>\n<td width=\"230\"><strong>Veli\u010dina<\/strong><\/td>\n<td width=\"77\"><strong>S<\/strong><\/td>\n<td width=\"77\"><strong>M<\/strong><\/td>\n<td width=\"77\"><strong>L<\/strong><\/td>\n<td width=\"77\"><strong>XL<\/strong><\/td>\n<td width=\"77\"><strong>XXL<\/strong><\/td>\n<td width=\"77\"><strong>XXXL<\/strong><\/td>\n<\/tr>\n<tr>\n<td>\u0160ifra<\/td>\n<td>S01494<\/td>\n<td>S01495<\/td>\n<td>S01496<\/td>\n<td>S01497<\/td>\n<td>S01498<\/td>\n<td>S01499<\/td>\n<\/tr>\n<tr>\n<td>Dol\u017eina (cm)<\/td>\n<td>74cm<\/td>\n<td>76cm<\/td>\n<td>78cm<\/td>\n<td>80cm<\/td>\n<td>82cm<\/td>\n<td>84cm<\/td>\n<\/tr>\n<tr>\n<td>Prsni obseg (cm)<\/td>\n<td>108cm<\/td>\n<td>116cm<\/td>\n<td>124cm<\/td>\n<td>132cm<\/td>\n<td>142cm<\/td>\n<td>154cm<\/td>\n<\/tr>\n<tr>\n<td>Spodnji obseg telovnika (cm)<\/td>\n<td>110cm<\/td>\n<td>118cm<\/td>\n<td>126cm<\/td>\n<td>134cm<\/td>\n<td>144cm<\/td>\n<td>156cm<\/td>\n<\/tr>\n<tr>\n<td>Debljina<\/td>\n<td>0,3cm<\/td>\n<td>0,3cm<\/td>\n<td>0,3cm<\/td>\n<td>0,3cm<\/td>\n<td>0,3cm<\/td>\n<td>0,3cm<\/td>\n<\/tr>\n<tr>\n<td>Te\u017eina<\/td>\n<td>985g<\/td>\n<td>987g<\/td>\n<td>989g<\/td>\n<td>1000g<\/td>\n<td>1002g<\/td>\n<td>1004g<\/td>\n<\/tr>\n<\/tbody>\n<\/table>\n","protected":false},"excerpt":{"rendered":"<h4><strong>Prsluk za trening pasa s prednjim d\u017eepovima i velikim stra\u017enjim d\u017eepom preko cijelog donjeg dijela le\u0111a. Posebno dizajniran za vodi\u010de pasa..<\/strong><\/h4>\n<p>Univerzalni prsluk za vodi\u010da psa izra\u0111en od lagane, otporne rip-stop tkanine. Lagani ljetni prsluk izra\u0111en od jakog materijala s mno\u0161tvom funkcionalnih d\u017eepova sprijeda i straga. Gornji i stra\u017enji dio izra\u0111eni su od mre\u017easte tkanine.<\/p>\n<p>Prsluk je opremljen lako dostupnim d\u017eepovima, prolaznim d\u017eepom na stra\u017enjoj strani <span style=\"color: #333333; font-size: 14.4px;\"><strong>s vrlo prakti\u010dnim sustavom pove\u0107anja kapaciteta d\u017eepova<\/strong><\/span> (svaki \u0107e vodi\u010d cijeniti ovo rje\u0161enje), unutarnjim d\u017eepom s utorom za kabel od slu\u0161alica, dva d\u017eepa na prsima s kop\u010dama i poseban <span style=\"color: #333333; font-size: 14.4px;\">kapci\/ru\u010dke koje omogu\u0107uju brzo skidanje nagrada (pohvala) za psa.<\/span><\/p>\n<p>Testirano i odobreno od strane profesionalnih trenera. Pouzdana kvaliteta i izvrsnost izvedbe omogu\u0107uju 100% zadovoljstvo korisnika.<\/p>\n<p>Prsluk za trening sa psom Ru\u010dno izra\u0111eni od strane stru\u010dnjaka za profesionalce!<\/p>\n<p>Posebne zna\u010dajke:<\/p>\n<ul>\n<li>ergonomski model<\/li>\n<li>izra\u0111eno od rip-stop lagane tkanine i izdr\u017eljive mre\u017easte tkanine, otporne na mehani\u010dka o\u0161te\u0107enja, npr. ogrebotine, trljanje.<\/li>\n<li>YKK smi\u010dak<\/li>\n<li>d\u017eep za pohranjivanje opreme za dresuru pasa kao \u0161to su aporti, igra\u010dke, \u017evaka\u0107e, s vrlo prakti\u010dnim sustavom pove\u0107anja kapaciteta d\u017eepova<\/li>\n<li>ima podesivu vezicu u struku za stabilizaciju prsluka tijekom intenzivnog kretanja<\/li>\n<li>posebna brava \/ ru\u010dka omogu\u0107uje vam brzo pu\u0161tanje nagrade (pohvale-igra\u010dke) za psa<\/li>\n<li>unutarnji d\u017eep s patentnim zatvara\u010dem<\/li>\n<li>mo\u017ee se prati u perilici rublja na 30 stupnjeva<\/li>\n<li>Dostupno u veli\u010dinama: S, M, L, XL, XXL, XXXL<\/li>\n<\/ul>\n<p>Zbog svog funkcionalnog kroja i prakti\u010dnih rje\u0161enja, prsluk je idealan izbor za sve aktivnosti sa psom (dresura, sport, \u0161etnje i sl.)<\/p>\n<table width=\"692\">\n<tbody>\n<tr>\n<td width=\"230\"><strong>Veli\u010dina<\/strong><\/td>\n<td width=\"77\"><strong>S<\/strong><\/td>\n<td width=\"77\"><strong>M<\/strong><\/td>\n<td width=\"77\"><strong>L<\/strong><\/td>\n<td width=\"77\"><strong>XL<\/strong><\/td>\n<td width=\"77\"><strong>XXL<\/strong><\/td>\n<td width=\"77\"><strong>XXXL<\/strong><\/td>\n<\/tr>\n<tr>\n<td>\u0160ifra<\/td>\n<td>S01494<\/td>\n<td>S01495<\/td>\n<td>S01496<\/td>\n<td>S01497<\/td>\n<td>S01498<\/td>\n<td>S01499<\/td>\n<\/tr>\n<tr>\n<td>Dol\u017eina (cm)<\/td>\n<td>74cm<\/td>\n<td>76cm<\/td>\n<td>78cm<\/td>\n<td>80cm<\/td>\n<td>82cm<\/td>\n<td>84cm<\/td>\n<\/tr>\n<tr>\n<td>Opseg prsa (cm)<\/td>\n<td>108cm<\/td>\n<td>116cm<\/td>\n<td>124cm<\/td>\n<td>132cm<\/td>\n<td>142cm<\/td>\n<td>154cm<\/td>\n<\/tr>\n<tr>\n<td>Donji opseg prsluka (cm)<\/td>\n<td>110cm<\/td>\n<td>118cm<\/td>\n<td>126cm<\/td>\n<td>134cm<\/td>\n<td>144cm<\/td>\n<td>156cm<\/td>\n<\/tr>\n<tr>\n<td>Debljina<\/td>\n<td>0,3cm<\/td>\n<td>0,3cm<\/td>\n<td>0,3cm<\/td>\n<td>0,3cm<\/td>\n<td>0,3cm<\/td>\n<td>0,3cm<\/td>\n<\/tr>\n<tr>\n<td>Te\u017eina<\/td>\n<td>985g<\/td>\n<td>987g<\/td>\n<td>989g<\/td>\n<td>1000g<\/td>\n<td>1002g<\/td>\n<td>1004g<\/td>\n<\/tr>\n<\/tbody>\n<\/table>\n","protected":false},"featured_media":13659,"comment_status":"open","ping_status":"closed","template":"","meta":{"_acf_changed":false},"product_brand":[2948],"product_cat":[1740,817,1836,825,823],"product_tag":[763],"class_list":{"0":"post-13645","1":"product","2":"type-product","3":"status-publish","4":"has-post-thumbnail","6":"product_brand-dingo-gear","7":"product_cat-odjela-za-vodica","8":"product_cat-oprema-za-vodica","9":"product_cat-prsluki-za-trening","10":"product_cat-trening-traganja","11":"product_cat-trening-vodljivosti","12":"product_tag-dodatki-za-trening","13":"pa_barva-izdelka-coyote-smeda","14":"pa_velikost-telovnika-unisex-l-atorso-78cm-bprsa-62cm-cpas-62cm","15":"pa_velikost-telovnika-unisex-m-atorso-76cm-bprsa-58cm-cpas-57cm","16":"pa_velikost-telovnika-unisex-s-atorso-74cm-bprsa-54cm-cpas-53cm","17":"pa_velikost-telovnika-unisex-xl-atorso-80cm-bprsa-66cm-cpas-65cm","18":"pa_velikost-telovnika-unisex-xxl-atorso-82cm-bprsa-71cm-cpas-70cm","19":"pa_velikost-telovnika-unisex-xxxl-atorso-84cm-bprsa-77cm-cpas-76cm","21":"first","22":"instock","23":"featured","24":"taxable","25":"shipping-taxable","26":"purchasable","27":"product-type-variable"},"acf":[],"_links":{"self":[{"href":"https:\/\/dingogear.si\/hr\/wp-json\/wp\/v2\/product\/13645","targetHints":{"allow":["GET"]}}],"collection":[{"href":"https:\/\/dingogear.si\/hr\/wp-json\/wp\/v2\/product"}],"about":[{"href":"https:\/\/dingogear.si\/hr\/wp-json\/wp\/v2\/types\/product"}],"replies":[{"embeddable":true,"href":"https:\/\/dingogear.si\/hr\/wp-json\/wp\/v2\/comments?post=13645"}],"wp:featuredmedia":[{"embeddable":true,"href":"https:\/\/dingogear.si\/hr\/wp-json\/wp\/v2\/media\/13659"}],"wp:attachment":[{"href":"https:\/\/dingogear.si\/hr\/wp-json\/wp\/v2\/media?parent=13645"}],"wp:term":[{"taxonomy":"product_brand","embeddable":true,"href":"https:\/\/dingogear.si\/hr\/wp-json\/wp\/v2\/product_brand?post=13645"},{"taxonomy":"product_cat","embeddable":true,"href":"https:\/\/dingogear.si\/hr\/wp-json\/wp\/v2\/product_cat?post=13645"},{"taxonomy":"product_tag","embeddable":true,"href":"https:\/\/dingogear.si\/hr\/wp-json\/wp\/v2\/product_tag?post=13645"}],"curies":[{"name":"wp","href":"https:\/\/api.w.org\/{rel}","templated":true}]}}