{"id":13725,"date":"2022-12-05T14:20:35","date_gmt":"2022-11-24T09:54:35","guid":{"rendered":"https:\/\/dingogear.si\/?post_type=product&#038;p=13725"},"modified":"2023-04-19T16:25:46","modified_gmt":"2023-04-19T14:25:46","slug":"biothane-povodnik-s-ruckom-2m","status":"publish","type":"product","link":"https:\/\/dingogear.si\/hr\/biothane-povodnik-s-ruckom-2m\/","title":{"rendered":"Biothane povodnik s ru\u010dkom 2m"},"content":{"rendered":"<p>BioThane povodnik namijenjen aktivnostima sa psom u svim vremenskim uvjetima. Prikladno za pljuskove, blato i snje\u017ene uvjete. Vrlo korisna u vla\u017enim ekstremnim vremenskim uvjetima, posebno za nesmetan rad sa psom koji mora biti savr\u0161eno pripremljen za svoje zadatke bez obzira na vremenske prilike.<\/p>\n<p>Biotan je naziv posebnog, patentiranog materijala (poliesterskih vlakana presvu\u010denih poliuretanom). Prije svega, karakterizira ga potpuna otpornost na ekstremne vremenske uvjete, uklju\u010duju\u0107i vodu. Proizvodi iz Biothana odr\u017eavaju konstantnu elasti\u010dnost bez obzira na temperaturu, povodac se lako i prakti\u010dno \u010disti. Zbog visoke vla\u010dne \u010dvrsto\u0107e (500 kg \/ cm2), svi proizvodi od BioThane materijala su vrlo izdr\u017eljivi.<\/p>\n<p>Pouzdana trajnost, kvaliteta i izvrsnost omogu\u0107uju 100% zadovoljstvo korisnika.<\/p>\n<p><strong>Od profesionalaca za profesionalce.<\/strong><\/p>\n<p>Dostupan je u du\u017eini od 2m i u tri boje.<\/p>\n<p><strong>Prednosti i konstrukcija povodnika:<\/strong><\/p>\n<ul>\n<li>Vodootporan<\/li>\n<li>Biotan je materijal koji imitira izgled i svojstva ko\u017ee, ima mat povr\u0161inu i ima brojne prednosti<\/li>\n<li>Jednostavan za \u010di\u0161\u0107enje<\/li>\n<li>Visoka otpornost na prljav\u0161tinu i vodu<\/li>\n<li>Nema vidljivih znakova no\u0161enja<\/li>\n<li>Ne upija vlagu, miris<\/li>\n<li>Ne gubi oblik<\/li>\n<li>Dobra otpornost u kemijski aktivnom okru\u017eenju<\/li>\n<li>Dobra postojanost i otpornost na UV zra\u010denje<\/li>\n<li>Temperatura \u2013 ne gubi svoja fizi\u010dka svojstva na ekstremno visokim i niskim temperaturama<\/li>\n<li>U\u017ee ne klizi iz ruku i tako osigurava pouzdano dr\u017eanje<\/li>\n<li>Kromirani dijelovi otporni su na koroziju, pru\u017eaju trajnost i sigurnost upotrebe<\/li>\n<li>S ru\u010dkom<\/li>\n<li>Traka \u0161irine 16 mm<\/li>\n<li>Prekidna nosivost karabinera: 120 kg<\/li>\n<\/ul>\n","protected":false},"excerpt":{"rendered":"<p>BioThane povodnik namijenjen aktivnostima sa psom u svim vremenskim uvjetima. Prikladno za pljuskove, blato i snje\u017ene uvjete. Vrlo korisna u vla\u017enim ekstremnim vremenskim uvjetima, posebno za nesmetan rad sa psom koji mora biti savr\u0161eno pripremljen za svoje zadatke bez obzira na vremenske prilike.<\/p>\n<p>Izuzetno lagan i ugodan na dodir povodac za pse od originalnog BioThane. Lako se \u010disti i dezinficira. <strong>Ovaj model je dodatno opremljen udobnom ru\u010dkom od neoprena.<\/strong><\/p>\n<ul>\n<li>Traka \u0161irine 16 mm<\/li>\n<li>Prekidna nosivost karabinera: 120 kg<\/li>\n<li>dostupna u 3 boja<\/li>\n<\/ul>\n<p>Provjerite i kombinacije s BIOTHANE ogrlicama.<\/p>\n","protected":false},"featured_media":13818,"comment_status":"open","ping_status":"closed","template":"","meta":{"_acf_changed":false},"product_brand":[],"product_cat":[803,817,805,823],"product_tag":[1236,1238],"class_list":{"0":"post-13725","1":"product","2":"type-product","3":"status-publish","4":"has-post-thumbnail","6":"product_cat-oprema-za-psa","7":"product_cat-oprema-za-vodica","8":"product_cat-povodnici","9":"product_cat-trening-vodljivosti","10":"product_tag-povodnici","11":"product_tag-vodljivost","12":"pa_barva-povodca-boja-masline","13":"pa_barva-povodca-crna-hr","14":"pa_barva-povodca-narancasta","15":"pa_dolzina-povodca-200cm-hr","16":"pa_material-izdelka-biothane-hr","17":"pa_material-povodca-biothane-hr","18":"pa_posebnost-povodca-povodnik-za-rad","19":"pa_posebnost-povodca-vodoodbojan-vodootporan","21":"first","22":"outofstock","23":"featured","24":"taxable","25":"shipping-taxable","26":"purchasable","27":"product-type-variable"},"acf":[],"_links":{"self":[{"href":"https:\/\/dingogear.si\/hr\/wp-json\/wp\/v2\/product\/13725","targetHints":{"allow":["GET"]}}],"collection":[{"href":"https:\/\/dingogear.si\/hr\/wp-json\/wp\/v2\/product"}],"about":[{"href":"https:\/\/dingogear.si\/hr\/wp-json\/wp\/v2\/types\/product"}],"replies":[{"embeddable":true,"href":"https:\/\/dingogear.si\/hr\/wp-json\/wp\/v2\/comments?post=13725"}],"wp:featuredmedia":[{"embeddable":true,"href":"https:\/\/dingogear.si\/hr\/wp-json\/wp\/v2\/media\/13818"}],"wp:attachment":[{"href":"https:\/\/dingogear.si\/hr\/wp-json\/wp\/v2\/media?parent=13725"}],"wp:term":[{"taxonomy":"product_brand","embeddable":true,"href":"https:\/\/dingogear.si\/hr\/wp-json\/wp\/v2\/product_brand?post=13725"},{"taxonomy":"product_cat","embeddable":true,"href":"https:\/\/dingogear.si\/hr\/wp-json\/wp\/v2\/product_cat?post=13725"},{"taxonomy":"product_tag","embeddable":true,"href":"https:\/\/dingogear.si\/hr\/wp-json\/wp\/v2\/product_tag?post=13725"}],"curies":[{"name":"wp","href":"https:\/\/api.w.org\/{rel}","templated":true}]}}