{"id":13880,"date":"2022-12-06T14:05:47","date_gmt":"2022-12-06T13:05:48","guid":{"rendered":"https:\/\/dingogear.si\/?post_type=product&#038;p=13880"},"modified":"2023-12-04T19:08:44","modified_gmt":"2023-12-04T18:08:44","slug":"aport-puck-pak-s-ruckom-od-30-cm","status":"publish","type":"product","link":"https:\/\/dingogear.si\/hr\/aport-puck-pak-s-ruckom-od-30-cm\/","title":{"rendered":"Aport PUCK pak s ru\u010dkom od 30 cm"},"content":{"rendered":"<p><a href=\"https:\/\/dingogear.si\/wp-content\/uploads\/2018\/11\/\u017eoga_RING_VEL.jpg\"><img decoding=\"async\" class=\"aligncenter size-full wp-image-3358\" src=\"https:\/\/dingogear.si\/wp-content\/uploads\/2018\/11\/\u017eoga_RING_VEL.jpg\" alt=\"\" width=\"1563\" height=\"772\" title=\"\" srcset=\"https:\/\/dingogear.si\/wp-content\/uploads\/2018\/11\/\u017eoga_RING_VEL.jpg 1563w, https:\/\/dingogear.si\/wp-content\/uploads\/2018\/11\/\u017eoga_RING_VEL-300x148.jpg 300w, https:\/\/dingogear.si\/wp-content\/uploads\/2018\/11\/\u017eoga_RING_VEL-768x379.jpg 768w, https:\/\/dingogear.si\/wp-content\/uploads\/2018\/11\/\u017eoga_RING_VEL-1024x506.jpg 1024w, https:\/\/dingogear.si\/wp-content\/uploads\/2018\/11\/\u017eoga_RING_VEL-200x99.jpg 200w, https:\/\/dingogear.si\/wp-content\/uploads\/2018\/11\/\u017eoga_RING_VEL-400x198.jpg 400w, https:\/\/dingogear.si\/wp-content\/uploads\/2018\/11\/\u017eoga_RING_VEL-600x296.jpg 600w, https:\/\/dingogear.si\/wp-content\/uploads\/2018\/11\/\u017eoga_RING_VEL-800x395.jpg 800w, https:\/\/dingogear.si\/wp-content\/uploads\/2018\/11\/\u017eoga_RING_VEL-1200x593.jpg 1200w, https:\/\/dingogear.si\/wp-content\/uploads\/2018\/11\/\u017eoga_RING_VEL-500x247.jpg 500w, https:\/\/dingogear.si\/wp-content\/uploads\/2018\/11\/\u017eoga_RING_VEL-700x346.jpg 700w\" sizes=\"(max-width: 1563px) 100vw, 1563px\" \/><\/a><\/p>\n","protected":false},"excerpt":{"rendered":"<p>Aport PUCK pak s ru\u010dkom od 30 cm, koji je izdr\u017eljiv i otporan na o\u0161te\u0107enja. \u010cvrsti i jaki \u0161avovi osiguravaju dug radni vijek, ru\u010dka osigurava visoku udobnost dr\u017eanja.<\/p>\n<p>Materijal od kojeg je retriver izra\u0111en je izdr\u017eljiv i otporan na o\u0161te\u0107enja, a \u010dvrsti i \u010dvrsti \u0161avovi osiguravaju dugi vijek trajanja, a od ovog materijala se izra\u0111uju i najizdr\u017eljivija za\u0161titna odijela za markere. Ru\u010dka s mekim remenom osigurava visoku udobnost dr\u017eanja.<\/p>\n<p>Dostupan u nekoliko varijanti boja, <strong>nije mogu\u0107e birati boju<\/strong><\/p>\n<ul>\n<li>promjer 7cm<\/li>\n<\/ul>\n<p>Zna\u010dajke aporta:<\/p>\n<ul>\n<li>izdr\u017eljiv nylcot RING materijal<\/li>\n<li>ru\u010dno \u0161ivano<\/li>\n<li>mekano<\/li>\n<li>ru\u010dka od \u0161iroke i mekane trake<\/li>\n<li>\u010dvrsti i jaki \u0161avovi<\/li>\n<\/ul>\n<p>Svrha lopte:<\/p>\n<ul>\n<li>aportiranje \/ dono\u0161enje predmeta<\/li>\n<li>u\u010denje \u017evakanja<\/li>\n<li>trenirati pravilan ugriz psa<\/li>\n<li>igra<\/li>\n<\/ul>\n<p>SAVJET: Igra\u010dka je namijenjena zabavi i treniranju uz pomo\u0107 vodi\u010da, ne ostavljajte psa bez nadzora jer to za psa ne zna\u010di igru \u200b\u200bi u\u010denje.<\/p>\n","protected":false},"featured_media":13850,"comment_status":"open","ping_status":"closed","template":"","meta":{"_acf_changed":false},"product_brand":[2949],"product_cat":[809,807,1831,803,819,823],"product_tag":[747,1858,1238],"class_list":{"0":"post-13880","1":"product","2":"type-product","3":"status-publish","4":"has-post-thumbnail","6":"product_brand-raddog","7":"product_cat-igra-uz-trening","8":"product_cat-kobasice-aporti","9":"product_cat-loptice","10":"product_cat-oprema-za-psa","11":"product_cat-pomagala-za-trening","12":"product_cat-trening-vodljivosti","13":"product_tag-igra-hr","14":"product_tag-trening-mladih-pasa","15":"product_tag-vodljivost","16":"pa_material-aporta-french-ring-nylcot-hr","17":"pa_material-zoge-french-ring-nylcot-hr","18":"pa_oblika-aporta-pak-plocica","20":"first","21":"instock","22":"taxable","23":"shipping-taxable","24":"purchasable","25":"product-type-simple"},"acf":[],"_links":{"self":[{"href":"https:\/\/dingogear.si\/hr\/wp-json\/wp\/v2\/product\/13880","targetHints":{"allow":["GET"]}}],"collection":[{"href":"https:\/\/dingogear.si\/hr\/wp-json\/wp\/v2\/product"}],"about":[{"href":"https:\/\/dingogear.si\/hr\/wp-json\/wp\/v2\/types\/product"}],"replies":[{"embeddable":true,"href":"https:\/\/dingogear.si\/hr\/wp-json\/wp\/v2\/comments?post=13880"}],"wp:featuredmedia":[{"embeddable":true,"href":"https:\/\/dingogear.si\/hr\/wp-json\/wp\/v2\/media\/13850"}],"wp:attachment":[{"href":"https:\/\/dingogear.si\/hr\/wp-json\/wp\/v2\/media?parent=13880"}],"wp:term":[{"taxonomy":"product_brand","embeddable":true,"href":"https:\/\/dingogear.si\/hr\/wp-json\/wp\/v2\/product_brand?post=13880"},{"taxonomy":"product_cat","embeddable":true,"href":"https:\/\/dingogear.si\/hr\/wp-json\/wp\/v2\/product_cat?post=13880"},{"taxonomy":"product_tag","embeddable":true,"href":"https:\/\/dingogear.si\/hr\/wp-json\/wp\/v2\/product_tag?post=13880"}],"curies":[{"name":"wp","href":"https:\/\/api.w.org\/{rel}","templated":true}]}}