{"id":13925,"date":"2022-12-14T17:22:27","date_gmt":"2022-12-14T16:22:27","guid":{"rendered":"https:\/\/dingogear.si\/?post_type=product&#038;p=13925"},"modified":"2022-12-20T12:58:09","modified_gmt":"2022-12-20T11:58:09","slug":"mrezasta-lopta-za-psa-jw-hol-ee-roller","status":"publish","type":"product","link":"https:\/\/dingogear.si\/hr\/mrezasta-lopta-za-psa-jw-hol-ee-roller\/","title":{"rendered":"Mre\u017easta lopta za psa JW Hol-ee Roller"},"content":{"rendered":"<p>Mre\u017easta \u017eoga za psa<\/p>\n<p>JW hol-ee Roller mre\u017easta lopta za pse izuzetno je popularna lopta. Jedinstveni oblik mekane lopte od izdr\u017eljive prirodne gume osigurava obilje zabave. U nju mo\u017eete staviti malu (cvile\u0107u) lopticu, poslastice, igrati s njom potezanje konopa,&#8230; Oblik loptice s rupicama smanjuje rizik da se pas njome ugu\u0161i ako je slu\u010dajno proguta.<br \/>\nDimenzije promjer:<br \/>\nMini = 4,5 cm<br \/>\nS=8cm<br \/>\nM=12cm<br \/>\nL=14cm<br \/>\nXL = 18 cm<br \/>\nNapomena: izbor boja nije mogu\u0107!<br \/>\nOp\u0107a napomena o igra\u010dkama za pse:<br \/>\nMolimo ne ostavljajte svog psa ili igra\u010dku za psa bez nadzora. Preporu\u010da se periodi\u010dni pregled radi mogu\u0107ih o\u0161te\u0107enja, kao i zamjena o\u0161te\u0107enih elemenata. Ina\u010de se ne mo\u017ee isklju\u010diti ozljeda \u017eivotinje.<\/p>\n","protected":false},"excerpt":{"rendered":"<p>JW Hol-ee mre\u017easta lopta za pse izuzetno je popularna lopta. Jedinstveni oblik mekane lopte od izdr\u017eljive prirodne gume osigurava obilje zabave. U nju mo\u017eete staviti malu (cvile\u0107u) lopticu, poslastice, igrati s njom potezanje konopa,&#8230; Oblik loptice s rupicama smanjuje rizik da se pas njome ugu\u0161i ako je slu\u010dajno proguta.<\/p>\n<ul>\n<li>pogodna za <strong>igru \u200b\u200bdovla\u010denja, povla\u010denja ili igru \u200b\u200bu vodi<\/strong><\/li>\n<li>izvrstna za <strong>higijenu zuba \u0161teneta<\/strong><\/li>\n<li><strong>izdr\u017eljiv i mekan materijal<\/strong>, prirodna guma prijazna zubima<\/li>\n<li><strong>dostupan u nekoliko veli\u010dina<\/strong><\/li>\n<li><span data-text-color=\"alert\"><strong>Napomena: izbor boja nije mogu\u0107!<\/strong><\/span><\/li>\n<\/ul>\n<p>SAVJET: Lopte su namijenjene za zabavu i trening uz pomo\u0107 vodi\u010da, ne ostavljajte loptu i psa bez nadzora, jer to za psa ne zna\u010di igru \u200b\u200bi u\u010denje.<\/p>\n","protected":false},"featured_media":13929,"comment_status":"closed","ping_status":"closed","template":"","meta":{"_acf_changed":false},"product_brand":[],"product_cat":[809,1831,803,819,823],"product_tag":[747,1860],"class_list":{"0":"post-13925","1":"product","2":"type-product","3":"status-publish","4":"has-post-thumbnail","6":"product_cat-igra-uz-trening","7":"product_cat-loptice","8":"product_cat-oprema-za-psa","9":"product_cat-pomagala-za-trening","10":"product_cat-trening-vodljivosti","11":"product_tag-igra-hr","12":"product_tag-trening-hr","13":"pa_oblika-velikost-zoge-okrugla-promjer-14cm","14":"pa_oblika-velikost-zoge-okrugla-promjer-18cm","16":"first","17":"instock","18":"taxable","19":"shipping-taxable","20":"purchasable","21":"product-type-variable"},"acf":[],"_links":{"self":[{"href":"https:\/\/dingogear.si\/hr\/wp-json\/wp\/v2\/product\/13925","targetHints":{"allow":["GET"]}}],"collection":[{"href":"https:\/\/dingogear.si\/hr\/wp-json\/wp\/v2\/product"}],"about":[{"href":"https:\/\/dingogear.si\/hr\/wp-json\/wp\/v2\/types\/product"}],"replies":[{"embeddable":true,"href":"https:\/\/dingogear.si\/hr\/wp-json\/wp\/v2\/comments?post=13925"}],"wp:featuredmedia":[{"embeddable":true,"href":"https:\/\/dingogear.si\/hr\/wp-json\/wp\/v2\/media\/13929"}],"wp:attachment":[{"href":"https:\/\/dingogear.si\/hr\/wp-json\/wp\/v2\/media?parent=13925"}],"wp:term":[{"taxonomy":"product_brand","embeddable":true,"href":"https:\/\/dingogear.si\/hr\/wp-json\/wp\/v2\/product_brand?post=13925"},{"taxonomy":"product_cat","embeddable":true,"href":"https:\/\/dingogear.si\/hr\/wp-json\/wp\/v2\/product_cat?post=13925"},{"taxonomy":"product_tag","embeddable":true,"href":"https:\/\/dingogear.si\/hr\/wp-json\/wp\/v2\/product_tag?post=13925"}],"curies":[{"name":"wp","href":"https:\/\/api.w.org\/{rel}","templated":true}]}}