{"id":13940,"date":"2022-12-14T18:22:16","date_gmt":"2022-12-14T17:22:18","guid":{"rendered":"https:\/\/dingogear.si\/?post_type=product&#038;p=13940"},"modified":"2024-06-19T10:07:47","modified_gmt":"2024-06-19T08:07:47","slug":"sprenger-metalna-davilica-long-crne-boje","status":"publish","type":"product","link":"https:\/\/dingogear.si\/hr\/sprenger-metalna-davilica-long-crne-boje\/","title":{"rendered":"SPRENGER metalna davilica LONG crne boje"},"content":{"rendered":"<div>\n<div><strong>Sprenger<\/strong> metalna davilica s dugim karikama debljine 3 mm. Izra\u0111eno od nehr\u0111aju\u0107eg \u010delika, crne boje.<\/div>\n<div><\/div>\n<div>Parametri:<\/div>\n<div>\n<table width=\"408\">\n<tbody>\n<tr>\n<td width=\"162\">\u0160ifra proizvoda<\/td>\n<td width=\"124\">Duljina ogrlice<\/td>\n<td width=\"122\"><span data-text-color=\"alert\"><strong>\u00d8 debljina rinke<\/strong><\/span><\/td>\n<\/tr>\n<tr>\n<td width=\"162\">51506 050 57<\/td>\n<td width=\"124\">50cm<\/td>\n<td width=\"122\">0,3mm<\/td>\n<\/tr>\n<tr>\n<td width=\"162\">51506 053 57<\/td>\n<td width=\"124\">53cm<\/td>\n<td width=\"122\">0,3mm<\/td>\n<\/tr>\n<tr>\n<td width=\"162\">51506 057 57<\/td>\n<td width=\"124\">57cm<\/td>\n<td width=\"122\">0,3mm<\/td>\n<\/tr>\n<tr>\n<td width=\"162\">51506 061 57<\/td>\n<td width=\"124\">61cm<\/td>\n<td width=\"122\">0,3mm<\/td>\n<\/tr>\n<tr>\n<td width=\"162\">51506 065 57<\/td>\n<td width=\"124\">65cm<\/td>\n<td width=\"122\">0,3mm<\/td>\n<\/tr>\n<tr>\n<td width=\"162\">51506 072 57<\/td>\n<td width=\"124\">72cm<\/td>\n<td width=\"122\">0,3mm<\/td>\n<\/tr>\n<tr>\n<td><\/td>\n<td><\/td>\n<td><\/td>\n<\/tr>\n<tr>\n<td>\u0160ifra proizvoda<\/td>\n<td>Duljina ogrlice<\/td>\n<td><span data-text-color=\"alert\"><strong>\u00d8 debljina rinke<\/strong><\/span><\/td>\n<\/tr>\n<tr>\n<td>51604 054 57<\/td>\n<td>54cm<\/td>\n<td>0,4mm<\/td>\n<\/tr>\n<tr>\n<td>51604 058 57<\/td>\n<td>58cm<\/td>\n<td>0,4mm<\/td>\n<\/tr>\n<tr>\n<td>51604 063 57<\/td>\n<td>63cm<\/td>\n<td>0,4mm<\/td>\n<\/tr>\n<tr>\n<td>51604 067 57<\/td>\n<td>67cm<\/td>\n<td>0,4mm<\/td>\n<\/tr>\n<tr>\n<td>51604 071 57<\/td>\n<td>71cm<\/td>\n<td>0,4mm<\/td>\n<\/tr>\n<tr>\n<td>51604 075 57<\/td>\n<td>75cm<\/td>\n<td>0,4mm<\/td>\n<\/tr>\n<\/tbody>\n<\/table>\n<\/div>\n<\/div>\n<div><\/div>\n","protected":false},"excerpt":{"rendered":"<div>\n<div><strong>Sprenger<\/strong> metalna davilica s dugim karikama debljine 3 ili 4 mm. Izra\u0111eno od nehr\u0111aju\u0107eg \u010delika, crne boje.<\/div>\n<div>Udobna za dugu i tanku dlaku zbog veli\u010dine i oblika zglobova.<\/div>\n<\/div>\n<div><\/div>\n","protected":false},"featured_media":13959,"comment_status":"open","ping_status":"closed","template":"","meta":{"_acf_changed":false},"product_brand":[2950],"product_cat":[815,803,823],"product_tag":[753,2692],"class_list":{"0":"post-13940","1":"product","2":"type-product","3":"status-publish","4":"has-post-thumbnail","6":"product_brand-sprenger","7":"product_cat-ogrlice","8":"product_cat-oprema-za-psa","9":"product_cat-trening-vodljivosti","10":"product_tag-ogrlice-i-davilice","11":"product_tag-sprenger-ogrlice","12":"pa_barva-ovratnice-crna-hr","13":"pa_debelina-rinke-3mm-hr","14":"pa_debelina-rinke-4mm-hr","15":"pa_material-ovratnice-metalna","16":"pa_material-ovratnice-nehrdajuci-celik","17":"pa_posebnost-ovratnice-nehrdajuci-celik","18":"pa_posebnost-ovratnice-zatezna-ogrlica","19":"pa_velikost-ovratnice-50cm-hr","20":"pa_velikost-ovratnice-53cm-hr","21":"pa_velikost-ovratnice-54cm-hr","22":"pa_velikost-ovratnice-57cm-hr","23":"pa_velikost-ovratnice-58cm-hr","24":"pa_velikost-ovratnice-61cm-hr","25":"pa_velikost-ovratnice-63cm-hr","26":"pa_velikost-ovratnice-65cm-hr","27":"pa_velikost-ovratnice-67cm-hr","28":"pa_velikost-ovratnice-71cm-hr","29":"pa_velikost-ovratnice-72cm-hr","30":"pa_velikost-ovratnice-75cm-hr","32":"first","33":"instock","34":"taxable","35":"shipping-taxable","36":"purchasable","37":"product-type-variable"},"acf":[],"_links":{"self":[{"href":"https:\/\/dingogear.si\/hr\/wp-json\/wp\/v2\/product\/13940","targetHints":{"allow":["GET"]}}],"collection":[{"href":"https:\/\/dingogear.si\/hr\/wp-json\/wp\/v2\/product"}],"about":[{"href":"https:\/\/dingogear.si\/hr\/wp-json\/wp\/v2\/types\/product"}],"replies":[{"embeddable":true,"href":"https:\/\/dingogear.si\/hr\/wp-json\/wp\/v2\/comments?post=13940"}],"wp:featuredmedia":[{"embeddable":true,"href":"https:\/\/dingogear.si\/hr\/wp-json\/wp\/v2\/media\/13959"}],"wp:attachment":[{"href":"https:\/\/dingogear.si\/hr\/wp-json\/wp\/v2\/media?parent=13940"}],"wp:term":[{"taxonomy":"product_brand","embeddable":true,"href":"https:\/\/dingogear.si\/hr\/wp-json\/wp\/v2\/product_brand?post=13940"},{"taxonomy":"product_cat","embeddable":true,"href":"https:\/\/dingogear.si\/hr\/wp-json\/wp\/v2\/product_cat?post=13940"},{"taxonomy":"product_tag","embeddable":true,"href":"https:\/\/dingogear.si\/hr\/wp-json\/wp\/v2\/product_tag?post=13940"}],"curies":[{"name":"wp","href":"https:\/\/api.w.org\/{rel}","templated":true}]}}