{"id":13991,"date":"2022-12-14T20:13:28","date_gmt":"2022-12-14T19:13:30","guid":{"rendered":"https:\/\/dingogear.si\/?post_type=product&#038;p=13991"},"modified":"2024-06-19T10:07:55","modified_gmt":"2024-06-19T08:07:55","slug":"sprenger-metalna-davilica-medium-crne-boje","status":"publish","type":"product","link":"https:\/\/dingogear.si\/hr\/sprenger-metalna-davilica-medium-crne-boje\/","title":{"rendered":"SPRENGER metalna davilica MEDIUM crne boje"},"content":{"rendered":"<div>\n<div>\n<div><strong>Sprenger<\/strong> metalna davilica sa srednje dugim karikama debljine 3mm. Izra\u0111eno od nehr\u0111aju\u0107eg \u010delika, crne boje.<\/div>\n<div>Ova ogrlica ima posebne karike koje dobro prolaze kroz prstenove. Gotovo da nema trzanja kao kod lanca s dugim karikama. Debljina 3 mm, prekidna nosivost cca 280 kg maks.<\/div>\n<\/div>\n<div><\/div>\n<div>Parametri:<\/div>\n<div>\n<table width=\"408\">\n<tbody>\n<tr>\n<td width=\"162\">\u0160ifra proizvoda<\/td>\n<td width=\"124\">Duljina ogrlice<\/td>\n<td width=\"122\">\u00d8 debljina rinke<\/td>\n<\/tr>\n<tr>\n<td width=\"162\">51541 039 57<\/td>\n<td width=\"124\">39cm<\/td>\n<td width=\"122\">0,3mm<\/td>\n<\/tr>\n<tr>\n<td width=\"162\">51541 043 57<\/td>\n<td width=\"124\">43cm<\/td>\n<td width=\"122\">0,3mm<\/td>\n<\/tr>\n<tr>\n<td width=\"162\">51541 049 57<\/td>\n<td width=\"124\">49cm<\/td>\n<td width=\"122\">0,3mm<\/td>\n<\/tr>\n<tr>\n<td width=\"162\">51541 054 57<\/td>\n<td width=\"124\">54cm<\/td>\n<td width=\"122\">0,3mm<\/td>\n<\/tr>\n<tr>\n<td width=\"162\">51541 060 57<\/td>\n<td width=\"124\">60cm<\/td>\n<td width=\"122\">0,3mm<\/td>\n<\/tr>\n<tr>\n<td width=\"162\">51541 067 57<\/td>\n<td width=\"124\">67cm<\/td>\n<td width=\"122\">0,3mm<\/td>\n<\/tr>\n<\/tbody>\n<\/table>\n<\/div>\n<div><\/div>\n<\/div>\n<div>\n<p>SUSRET TRADICIJE S MODERNIM IZGLEDOM<br \/>\nVisokokvalitetne crne ogrlice za pse od nehr\u0111aju\u0107eg \u010delika.<br \/>\nSve ogrlice u standardnom asortimanu izra\u0111ene su od nehr\u0111aju\u0107eg \u010delika, \u0161to je temelj ove kvalitete. Tijekom galvanskog procesa povr\u0161ina se zacrni, a zatim polira.<br \/>\nBudu\u0107i da nije tvrdi metal, trajno trenje krzna o metal mo\u017ee stvoriti atraktivan starinski izgled. Preporu\u010damo na\u0161 standardni asortiman proizvoda od poliranog nehr\u0111aju\u0107eg \u010delika ili CUROGAN za pse sklone obarvanosti boje dlake.<\/p>\n<p>Kada kupujete crni proizvod od nehr\u0111aju\u0107eg \u010delika, potra\u017eite metalnu oznaku s crvenom to\u010dkom i \u017eigom HSGERMANY INOX na svim prstenovima i zakretnicama.<\/p>\n<\/div>\n","protected":false},"excerpt":{"rendered":"<div>\n<div><strong>Sprenger<\/strong> kovinska zatezna ovratnica s srednje dolgimi \u010dleni debeline 3mm. Izra\u0111eno od nehr\u0111aju\u0107eg \u010delika, crne boje.<\/div>\n<div>Ova ogrlica ima posebne karike koje dobro prolaze kroz prstenove. Gotovo da nema trzanja kao kod lanca s dugim karikama. Debljina 3 mm, prekidna nosivost cca 280 kg maks.<\/div>\n<\/div>\n<div><\/div>\n","protected":false},"featured_media":14017,"comment_status":"open","ping_status":"closed","template":"","meta":{"_acf_changed":false},"product_brand":[2950],"product_cat":[815,803,823],"product_tag":[753,2692],"class_list":{"0":"post-13991","1":"product","2":"type-product","3":"status-publish","4":"has-post-thumbnail","6":"product_brand-sprenger","7":"product_cat-ogrlice","8":"product_cat-oprema-za-psa","9":"product_cat-trening-vodljivosti","10":"product_tag-ogrlice-i-davilice","11":"product_tag-sprenger-ogrlice","12":"pa_barva-ovratnice-crna-hr","13":"pa_debelina-rinke-3mm-hr","14":"pa_material-ovratnice-metalna","15":"pa_material-ovratnice-nehrdajuci-celik","16":"pa_posebnost-ovratnice-nehrdajuci-celik","17":"pa_posebnost-ovratnice-zatezna-ogrlica","18":"pa_velikost-ovratnice-39cm-hr","19":"pa_velikost-ovratnice-43cm-hr","20":"pa_velikost-ovratnice-49cm-hr","21":"pa_velikost-ovratnice-54cm-hr","22":"pa_velikost-ovratnice-60cm-hr","23":"pa_velikost-ovratnice-67cm-hr","25":"first","26":"instock","27":"taxable","28":"shipping-taxable","29":"purchasable","30":"product-type-variable"},"acf":[],"_links":{"self":[{"href":"https:\/\/dingogear.si\/hr\/wp-json\/wp\/v2\/product\/13991","targetHints":{"allow":["GET"]}}],"collection":[{"href":"https:\/\/dingogear.si\/hr\/wp-json\/wp\/v2\/product"}],"about":[{"href":"https:\/\/dingogear.si\/hr\/wp-json\/wp\/v2\/types\/product"}],"replies":[{"embeddable":true,"href":"https:\/\/dingogear.si\/hr\/wp-json\/wp\/v2\/comments?post=13991"}],"wp:featuredmedia":[{"embeddable":true,"href":"https:\/\/dingogear.si\/hr\/wp-json\/wp\/v2\/media\/14017"}],"wp:attachment":[{"href":"https:\/\/dingogear.si\/hr\/wp-json\/wp\/v2\/media?parent=13991"}],"wp:term":[{"taxonomy":"product_brand","embeddable":true,"href":"https:\/\/dingogear.si\/hr\/wp-json\/wp\/v2\/product_brand?post=13991"},{"taxonomy":"product_cat","embeddable":true,"href":"https:\/\/dingogear.si\/hr\/wp-json\/wp\/v2\/product_cat?post=13991"},{"taxonomy":"product_tag","embeddable":true,"href":"https:\/\/dingogear.si\/hr\/wp-json\/wp\/v2\/product_tag?post=13991"}],"curies":[{"name":"wp","href":"https:\/\/api.w.org\/{rel}","templated":true}]}}