{"id":14059,"date":"2022-11-02T11:05:45","date_gmt":"2022-12-20T12:00:33","guid":{"rendered":"https:\/\/dingogear.si\/?post_type=product&#038;p=14059"},"modified":"2024-05-04T18:00:31","modified_gmt":"2024-05-04T16:00:31","slug":"vetbed-drybed-prostirka-za-psa-antracit-siva-sa-bijelim-zvjezdicama","status":"publish","type":"product","link":"https:\/\/dingogear.si\/hr\/vetbed-drybed-prostirka-za-psa-antracit-siva-sa-bijelim-zvjezdicama\/","title":{"rendered":"VetBed &#8211; DryBed prostirka za psa &#8211; antracit siva sa bijelim zvjezdicama"},"content":{"rendered":"<p><strong>Originalni &#8220;DRYBED &#8211; VETBED&#8221; je jedinstveni krevet za \u017eivotinje. <\/strong><\/p>\n<p><strong><em>Drybed &#8211; Vet Bed razlikuje se od svih ostalih kreveta za pse na tr\u017ei\u0161tu zbog svog sastava, otpornosti, izvrsnog zadr\u017eavanja topline i jedinstvenih svojstava drena\u017ee.<\/em><\/strong><\/p>\n<p>Gornji dio je izrazito gust, \u010dupav s vlaknima du\u017eine izme\u0111u 25 i 30 mm i pru\u017ea udobnost ov\u010djeg krzna. Donja strana je rebrasta guma.<\/p>\n<p>DryBed-VetBed ima mnoge prednosti. Osim \u0161to psima pru\u017ea <strong><em>nevjerojatnu meko\u0107u i udobnost<\/em><\/strong>, odlikuje se i <strong><em>toplinom<\/em><\/strong> i <strong><em>prozra\u010dno\u0161\u0107u<\/em><\/strong>. Neka va\u0161 ljubimac uvijek le\u017ei na suhom mjestu. Vlaga iz psa curi izme\u0111u vlakana, a pas ostaje na uvijek suhom gornjem dijelu. Gumirana donja strana ima <strong><em>protuklizni u\u010dinak<\/em><\/strong> \u010dak i na glatkim povr\u0161inama, kako se pas ne bi sklizao pri ustajanju iz kreveta. Ovo je va\u017eno za zdravlje zglobova kod pasa svih dobi, posebno \u0161tenaca, starijih pasa i pasa koji se oporavljaju od ozljeda ili operacija. Dugi niz godina se stoga tako\u0111er koristi u uzgoju legla iu veterini. Odli\u010dno funkcionira kao dekica na postoje\u0107em le\u017eaju va\u0161eg ljubimca, u boksovima, na sofama, na podu kao tepih, kao prostirka u autu itd. Vrlo brzo postaje neizostavan dio opreme va\u0161eg ljubimca.<em> Lako se re\u017ee na \u017eeljenu veli\u010dinu. <\/em><\/p>\n<p>Izuzetno je <em><strong>izdr\u017eljiv<\/strong><\/em> i <strong><em>jednostavan za odr\u017eavanje<\/em><\/strong>. Redovito pranje do 40 stupnjeva (povremeno pranje i na 60 stupnjeva), preporu\u010da se su\u0161enje na zraku.<\/p>\n<p><em>Upozorenje: Izbjegavajte gristi i gutati bilo koji dio madraca.<\/em><\/p>\n<p><em>Dostupan je u nekoliko kombinacija boja i lako se re\u017ee na \u017eeljenu veli\u010dinu. <\/em><\/p>\n","protected":false},"excerpt":{"rendered":"<p>VetBed &#8211; Veterinarska prostirka za pse &#8211; dimenzija 100x150cm<br \/>\nZa mnoge vlasnike pasa VetBed prostirka je poznata vrsta prostirke za pse i rado \u0107emo je objasniti novim vlasnicima pasa. VedBed ima jedinstveno svojstvo da ne zadr\u017eava vlagu, pa je Va\u0161 ljubimac uvijek suh i topao. Veterinarski le\u017eaj idealan je za sve pse, a zbog dobre izolacije i upijanja savr\u0161en je i za \u0161tence, leglo i inkontinentne pse. Dodatni plus je poseban materijal koji je vrlo higijenski i hipoalergen, \u0161to izme\u0111u ostalog zna\u010di da sprje\u010dava razvoj bakterija.<\/p>\n<p>Prednosti:<br \/>\n&#8211; izra\u0111ena od visokokvalitetnog poliestera s visinom dlake od 28 mm, prema preporuci vode\u0107ih veterinara. Obi\u010dne prostirke za pse \u010desto su ne\u0161to vi\u0161e od komada tkanine, ali veterinarska prostirka ide korak dalje. Sve na\u0161e prostirke imaju protukliznu povr\u0161inu koja tako\u0111er djeluje kao izolator.<\/p>\n<p>Tehni\u010dke informacije:<br \/>\nUdoban i izdr\u017eljiv<br \/>\nOpremljen slojem protiv klizanja<br \/>\nPogodno za pranje u perilici rublja do 40 \u00b0C<br \/>\nZadovoljava najvi\u0161e higijenske zahtjeve<br \/>\nDr\u017eite svog ljubimca na toplom i suhom<br \/>\nDokazano hipoalergeno<br \/>\nMo\u017ee se rezati na bilo koju veli\u010dinu<br \/>\nProzra\u010dan &#8211; i odbija vodu\/vlagu<\/p>\n<p>Napomena: preporu\u010damo da veterinarsku prostirku ne vje\u0161ate na sunce niti da je su\u0161ite u su\u0161ilici.<\/p>\n","protected":false},"featured_media":13469,"comment_status":"open","ping_status":"closed","template":"","meta":{"_acf_changed":false},"product_brand":[2951],"product_cat":[2685,803],"product_tag":[2690,2691],"class_list":{"0":"post-14059","1":"product","2":"type-product","3":"status-publish","4":"has-post-thumbnail","6":"product_brand-topmast","7":"product_cat-kreveti-za-pse","8":"product_cat-oprema-za-psa","9":"product_tag-dry-bed-hr","10":"product_tag-vet-bed-hr","11":"pa_dimenzije-lezisca-100x150cm-hr","13":"first","14":"onbackorder","15":"taxable","16":"shipping-taxable","17":"purchasable","18":"product-type-simple"},"acf":[],"_links":{"self":[{"href":"https:\/\/dingogear.si\/hr\/wp-json\/wp\/v2\/product\/14059","targetHints":{"allow":["GET"]}}],"collection":[{"href":"https:\/\/dingogear.si\/hr\/wp-json\/wp\/v2\/product"}],"about":[{"href":"https:\/\/dingogear.si\/hr\/wp-json\/wp\/v2\/types\/product"}],"replies":[{"embeddable":true,"href":"https:\/\/dingogear.si\/hr\/wp-json\/wp\/v2\/comments?post=14059"}],"wp:featuredmedia":[{"embeddable":true,"href":"https:\/\/dingogear.si\/hr\/wp-json\/wp\/v2\/media\/13469"}],"wp:attachment":[{"href":"https:\/\/dingogear.si\/hr\/wp-json\/wp\/v2\/media?parent=14059"}],"wp:term":[{"taxonomy":"product_brand","embeddable":true,"href":"https:\/\/dingogear.si\/hr\/wp-json\/wp\/v2\/product_brand?post=14059"},{"taxonomy":"product_cat","embeddable":true,"href":"https:\/\/dingogear.si\/hr\/wp-json\/wp\/v2\/product_cat?post=14059"},{"taxonomy":"product_tag","embeddable":true,"href":"https:\/\/dingogear.si\/hr\/wp-json\/wp\/v2\/product_tag?post=14059"}],"curies":[{"name":"wp","href":"https:\/\/api.w.org\/{rel}","templated":true}]}}