{"id":14087,"date":"2022-11-02T14:22:14","date_gmt":"2022-12-21T15:47:13","guid":{"rendered":"https:\/\/dingogear.si\/aport-mini-od-ring-materijala\/"},"modified":"2022-12-21T16:47:13","modified_gmt":"2022-12-21T15:47:13","slug":"aport-mini-od-ring-materijala","status":"publish","type":"product","link":"https:\/\/dingogear.si\/hr\/aport-mini-od-ring-materijala\/","title":{"rendered":"Aport MINI od RING materijala"},"content":{"rendered":"","protected":false},"excerpt":{"rendered":"<p>Aport MINI je izra\u0111en od vrlo izdr\u017eljivog materijala, koji se tako\u0111er koristi za \u0161ivanje full-bite odijela za markirante. MINI izvedba aporta koja savr\u0161eno slu\u017ei u vje\u017ebama poslu\u0161nosti. Aport je toliko malen (5x10cm!) da je idealno skriven ispod pazuha i pas ga ne vidi tijekom vje\u017ebe. Brza nagrada!<\/p>\n<p>Pouzdana kvaliteta i 100% zadovoljstvo. Ru\u010dno izra\u0111en i profesionalno izra\u0111en za profesionalnu upotrebu.<\/p>\n<p>Zna\u010dajke:<\/p>\n<ul>\n<li>5x10cm<\/li>\n<li>odli\u010dan za nagradu u treningu poslu\u0161nosti jer se potpuno skriva ispod pazuha<\/li>\n<li>vrlo izdr\u017eljiv materijal<\/li>\n<li>meko\u0107a<\/li>\n<li>\u0161iroka i mekana ru\u010dka remena \u2013 pru\u017ea izvrsnu udobnost uz odr\u017eavanje vla\u010dne \u010dvrsto\u0107e<\/li>\n<li>robusni i \u010dvrsti \u0161avovi osiguravaju visoku toleranciju na potezanje<\/li>\n<\/ul>\n<p><strong>Dostupan u raznim ve\u0107im veli\u010dinama i opcijama s jednom ili dvije ru\u010dke, ovaj aport dostupan je ovdje -&gt; <a href=\"https:\/\/dingogear.si\/aport-iz-ring-materiala\/\">Aport od ring materijala<\/a> <\/strong><\/p>\n","protected":false},"featured_media":13553,"comment_status":"open","ping_status":"closed","template":"","meta":{"_acf_changed":false},"product_brand":[2948],"product_cat":[809,807,803,817,819],"product_tag":[747,745],"class_list":{"0":"post-14087","1":"product","2":"type-product","3":"status-publish","4":"has-post-thumbnail","6":"product_brand-dingo-gear","7":"product_cat-igra-uz-trening","8":"product_cat-kobasice-aporti","9":"product_cat-oprema-za-psa","10":"product_cat-oprema-za-vodica","11":"product_cat-pomagala-za-trening","12":"product_tag-igra-hr","13":"product_tag-kobasice","14":"pa_barva-aporta-crna-hr","15":"pa_barva-aporta-crvena","16":"pa_barva-aporta-narancasta","17":"pa_barva-aporta-pink-hr","18":"pa_barva-aporta-plava","19":"pa_barva-izdelka-crna-hr","20":"pa_barva-izdelka-crvena","21":"pa_barva-izdelka-narandzasta","22":"pa_barva-izdelka-pink-hr","23":"pa_barva-izdelka-plava","24":"pa_dimenzije-aporta-5-x-10cm-hr","25":"pa_material-aporta-french-ring-nylcot-hr","26":"pa_oblika-aporta-jastucic","27":"pa_stevilo-rocajev-na-aportu-1-rucka","29":"first","30":"instock","31":"featured","32":"taxable","33":"shipping-taxable","34":"purchasable","35":"product-type-variable"},"acf":[],"_links":{"self":[{"href":"https:\/\/dingogear.si\/hr\/wp-json\/wp\/v2\/product\/14087","targetHints":{"allow":["GET"]}}],"collection":[{"href":"https:\/\/dingogear.si\/hr\/wp-json\/wp\/v2\/product"}],"about":[{"href":"https:\/\/dingogear.si\/hr\/wp-json\/wp\/v2\/types\/product"}],"replies":[{"embeddable":true,"href":"https:\/\/dingogear.si\/hr\/wp-json\/wp\/v2\/comments?post=14087"}],"wp:featuredmedia":[{"embeddable":true,"href":"https:\/\/dingogear.si\/hr\/wp-json\/wp\/v2\/media\/13553"}],"wp:attachment":[{"href":"https:\/\/dingogear.si\/hr\/wp-json\/wp\/v2\/media?parent=14087"}],"wp:term":[{"taxonomy":"product_brand","embeddable":true,"href":"https:\/\/dingogear.si\/hr\/wp-json\/wp\/v2\/product_brand?post=14087"},{"taxonomy":"product_cat","embeddable":true,"href":"https:\/\/dingogear.si\/hr\/wp-json\/wp\/v2\/product_cat?post=14087"},{"taxonomy":"product_tag","embeddable":true,"href":"https:\/\/dingogear.si\/hr\/wp-json\/wp\/v2\/product_tag?post=14087"}],"curies":[{"name":"wp","href":"https:\/\/api.w.org\/{rel}","templated":true}]}}