{"id":14114,"date":"2022-12-23T10:03:55","date_gmt":"2022-12-23T09:03:55","guid":{"rendered":"https:\/\/dingogear.si\/?post_type=product&#038;p=14114"},"modified":"2024-06-19T10:06:11","modified_gmt":"2024-06-19T08:06:11","slug":"dodatne-karike-2kom-3cm-za-sprenger-necktech-sport-bodlje","status":"publish","type":"product","link":"https:\/\/dingogear.si\/hr\/dodatne-karike-2kom-3cm-za-sprenger-necktech-sport-bodlje\/","title":{"rendered":"Dodatne karike 2 kom (+3cm) za SPRENGER NeckTech SPORT bodlje"},"content":{"rendered":"<p>Dodatne karike 2 kom (+3cm) za SPRENGER NeckTech SPORT bodlje<\/p>\n<p>SUSRET TRADICIJE S MODERNIM IZGLEDOM<br \/>\nVisokokvalitetne SPRENGER ogrlice od crnjenog nehr\u0111aju\u0107eg \u010delika.<br \/>\nSve ogrlice u standardnom asortimanu izra\u0111ene su od nehr\u0111aju\u0107eg \u010delika, \u0161to je temelj ove kvalitete. Tijekom galvanskog procesa povr\u0161ina se zacrni, a zatim polira.<br \/>\nBudu\u0107i da nije tvrdi metal, trajno trenje krzna o metal mo\u017ee stvoriti atraktivan starinski izgled. Preporu\u010damo na\u0161 standardni asortiman proizvoda od poliranog nehr\u0111aju\u0107eg \u010delika ili CUROGAN za pse sklone obarvanosti boje dlake.<\/p>\n<p>Kada kupujete crni proizvod od nehr\u0111aju\u0107eg \u010delika, potra\u017eite metalnu oznaku s crvenom to\u010dkom i \u017eigom HSGERMANY INOX na svim prstenovima i zakretnicama.<\/p>\n","protected":false},"excerpt":{"rendered":"<p>Dodatne karike 2 kom (+3cm) za SPRENGER NeckTech SPORT bodlje.<\/p>\n","protected":false},"featured_media":14120,"comment_status":"open","ping_status":"closed","template":"","meta":{"_acf_changed":false},"product_brand":[2950],"product_cat":[815,803,821,823],"product_tag":[3019,753,2692],"class_list":{"0":"post-14114","1":"product","2":"type-product","3":"status-publish","4":"has-post-thumbnail","6":"product_brand-sprenger","7":"product_cat-ogrlice","8":"product_cat-oprema-za-psa","9":"product_cat-trening-obrane","10":"product_cat-trening-vodljivosti","11":"product_tag-bodljikava-ogrlica","12":"product_tag-ogrlice-i-davilice","13":"product_tag-sprenger-ogrlice","14":"pa_material-ovratnice-metalna","15":"pa_material-ovratnice-nehrdajuci-celik","16":"pa_posebnost-ovratnice-bodljikava-ogrlica","17":"pa_posebnost-ovratnice-zatezna-ogrlica","19":"first","20":"instock","21":"taxable","22":"shipping-taxable","23":"purchasable","24":"product-type-variable"},"acf":[],"_links":{"self":[{"href":"https:\/\/dingogear.si\/hr\/wp-json\/wp\/v2\/product\/14114","targetHints":{"allow":["GET"]}}],"collection":[{"href":"https:\/\/dingogear.si\/hr\/wp-json\/wp\/v2\/product"}],"about":[{"href":"https:\/\/dingogear.si\/hr\/wp-json\/wp\/v2\/types\/product"}],"replies":[{"embeddable":true,"href":"https:\/\/dingogear.si\/hr\/wp-json\/wp\/v2\/comments?post=14114"}],"wp:featuredmedia":[{"embeddable":true,"href":"https:\/\/dingogear.si\/hr\/wp-json\/wp\/v2\/media\/14120"}],"wp:attachment":[{"href":"https:\/\/dingogear.si\/hr\/wp-json\/wp\/v2\/media?parent=14114"}],"wp:term":[{"taxonomy":"product_brand","embeddable":true,"href":"https:\/\/dingogear.si\/hr\/wp-json\/wp\/v2\/product_brand?post=14114"},{"taxonomy":"product_cat","embeddable":true,"href":"https:\/\/dingogear.si\/hr\/wp-json\/wp\/v2\/product_cat?post=14114"},{"taxonomy":"product_tag","embeddable":true,"href":"https:\/\/dingogear.si\/hr\/wp-json\/wp\/v2\/product_tag?post=14114"}],"curies":[{"name":"wp","href":"https:\/\/api.w.org\/{rel}","templated":true}]}}