{"id":14136,"date":"2022-12-23T10:35:47","date_gmt":"2022-12-23T09:35:47","guid":{"rendered":"https:\/\/dingogear.si\/?post_type=product&#038;p=14136"},"modified":"2024-06-19T10:07:55","modified_gmt":"2024-06-19T08:07:55","slug":"sprenger-metalna-davilica-long-curogan","status":"publish","type":"product","link":"https:\/\/dingogear.si\/hr\/sprenger-metalna-davilica-long-curogan\/","title":{"rendered":"SPRENGER metalna davilica LONG Curogan"},"content":{"rendered":"<div>\n<div><strong>Sprenger ogrlica <\/strong><\/div>\n<div><strong>Sprenger<\/strong> metalna davilica s dugim karikama debljine 3mm ili 4mm, od nehr\u0111aju\u0107eg \u010delika, bakrene boje, 100% bez nikla.<\/div>\n<div><\/div>\n<div>Parametri:<\/div>\n<div>\n<table width=\"408\">\n<tbody>\n<tr>\n<td width=\"162\">\u0160ifra proizvoda<\/td>\n<td width=\"124\">Duljina ogrlice<\/td>\n<td width=\"122\">\u00d8 debljina rinke<\/td>\n<\/tr>\n<tr>\n<td width=\"162\">51506 046 67<\/td>\n<td width=\"124\">46cm<\/td>\n<td width=\"122\">0,3mm<\/td>\n<\/tr>\n<tr>\n<td width=\"162\">51506 050 67<\/td>\n<td width=\"124\">50cm<\/td>\n<td width=\"122\">0,3mm<\/td>\n<\/tr>\n<tr>\n<td width=\"162\">51506 053 67<\/td>\n<td width=\"124\">53cm<\/td>\n<td width=\"122\">0,3mm<\/td>\n<\/tr>\n<tr>\n<td width=\"162\">51506 057 67<\/td>\n<td width=\"124\">57cm<\/td>\n<td width=\"122\">0,3mm<\/td>\n<\/tr>\n<tr>\n<td width=\"162\">51506 061 67<\/td>\n<td width=\"124\">61cm<\/td>\n<td width=\"122\">0,3mm<\/td>\n<\/tr>\n<tr>\n<td width=\"162\">51506 065 67<\/td>\n<td width=\"124\">65cm<\/td>\n<td width=\"122\">0,3mm<\/td>\n<\/tr>\n<\/tbody>\n<\/table>\n<p>&nbsp;<\/p>\n<\/div>\n<table width=\"408\">\n<tbody>\n<tr>\n<td width=\"162\">\u0160ifra proizvoda<\/td>\n<td width=\"124\">Duljina ogrlice<\/td>\n<td width=\"122\">\u00d8 debljina rinke<\/td>\n<\/tr>\n<tr>\n<td width=\"162\">51604 054 67<\/td>\n<td width=\"124\">54cm<\/td>\n<td width=\"122\">0,4mm<\/td>\n<\/tr>\n<tr>\n<td width=\"162\">51604 058 67<\/td>\n<td width=\"124\">58cm<\/td>\n<td width=\"122\">0,4mm<\/td>\n<\/tr>\n<tr>\n<td width=\"162\">51604 063 67<\/td>\n<td width=\"124\">63cm<\/td>\n<td width=\"122\">0,4mm<\/td>\n<\/tr>\n<tr>\n<td width=\"162\">51604 066 67<\/td>\n<td width=\"124\">66cm<\/td>\n<td width=\"122\">0,4mm<\/td>\n<\/tr>\n<tr>\n<td width=\"162\">51604 071 67<\/td>\n<td width=\"124\">71cm<\/td>\n<td width=\"122\">0,4mm<\/td>\n<\/tr>\n<tr>\n<td width=\"162\">51604 075 67<\/td>\n<td width=\"124\">75cm<\/td>\n<td width=\"122\">0,4mm<\/td>\n<\/tr>\n<\/tbody>\n<\/table>\n<div>\n<p><strong>ALTERNATIVA BEZ NIKLA <\/strong><\/p>\n<p>Visokokvalitetne ogrlice za pse od CUROGAN Ova kvaliteta je razvijena za pse koji <span style=\"font-size: 14.4px;\">na druge materijale<\/span> <span style=\"font-size: 14.4px;\">reagiraju s promijenjenom bojom krzna. CUROGAN je izvrsna alternativa za vi\u0161e od 90% takvih pasa. Osim antialergijskih svojstava (bez nikla), CUROGAN ogrlice su vrlo popularne zbog svog atraktivnog izgleda. Visok sadr\u017eaj bakra daje ovratniku sjajnu boju koja tamni tijekom uporabe. Uz pomo\u0107 na\u0161e dijamantne paste u svakom trenutku mo\u017eete vratiti prvobitno stanje. Zbog visokog sadr\u017eaja bakra, ovi lanci imaju ve\u0107e tro\u0161enje materijala iznutra. Stoga preporu\u010damo da redovito vizualno pregledavate ogrlice i zamijenite ih na vrijeme.<\/span><\/p>\n<\/div>\n<\/div>\n<div><\/div>\n","protected":false},"excerpt":{"rendered":"<div>\n<div><strong>Sprenger<\/strong> metalna davilica s dugim karikama debljine 3 mm. Od nehr\u0111aju\u0107eg \u010delika, bakrene boje, BEZ NIKLA!<\/div>\n<div>Ova ogrlica za pse udobna je za dugu i finu dlaku zbog veli\u010dine i oblika zglobova.<br \/>\nOvaj ogrlica ima dodatni nastavak s podijeljenim prstenom koji omogu\u0107uje ograni\u010denje napetosti.<br \/>\nPremaz CUROGAN zna\u010di da je ova ogrlica za pse bez nikla i otporna na hr\u0111u. Izvrstan je izbor za pse koji imaju tendenciju promjene boje ili reakcije na druge materijale ogrlice<\/div>\n<\/div>\n<div><a href=\"https:\/\/dingogear.si\/wp-content\/uploads\/2022\/12\/sprenger_DOLZINA-OVRATNICE.png\"><img decoding=\"async\" class=\"alignleft size-full wp-image-14630\" src=\"https:\/\/dingogear.si\/wp-content\/uploads\/2022\/12\/sprenger_DOLZINA-OVRATNICE.png\" alt=\"\" width=\"934\" height=\"160\" srcset=\"https:\/\/dingogear.si\/wp-content\/uploads\/2022\/12\/sprenger_DOLZINA-OVRATNICE.png 934w, https:\/\/dingogear.si\/wp-content\/uploads\/2022\/12\/sprenger_DOLZINA-OVRATNICE-300x51.png 300w, https:\/\/dingogear.si\/wp-content\/uploads\/2022\/12\/sprenger_DOLZINA-OVRATNICE-768x132.png 768w, https:\/\/dingogear.si\/wp-content\/uploads\/2022\/12\/sprenger_DOLZINA-OVRATNICE-500x86.png 500w, https:\/\/dingogear.si\/wp-content\/uploads\/2022\/12\/sprenger_DOLZINA-OVRATNICE-700x120.png 700w\" sizes=\"(max-width: 934px) 100vw, 934px\" \/><\/a><\/div>\n","protected":false},"featured_media":14165,"comment_status":"open","ping_status":"closed","template":"","meta":{"_acf_changed":false},"product_brand":[],"product_cat":[815,803,823],"product_tag":[753,2692],"class_list":{"0":"post-14136","1":"product","2":"type-product","3":"status-publish","4":"has-post-thumbnail","6":"product_cat-ogrlice","7":"product_cat-oprema-za-psa","8":"product_cat-trening-vodljivosti","9":"product_tag-ogrlice-i-davilice","10":"product_tag-sprenger-ogrlice","11":"pa_barva-ovratnice-bakrena-hr","12":"pa_debelina-rinke-3mm-hr","13":"pa_debelina-rinke-4mm-hr","14":"pa_material-ovratnice-curogan-hr","15":"pa_material-ovratnice-metalna","16":"pa_material-ovratnice-nehrdajuci-celik","17":"pa_posebnost-ovratnice-100-bez-nikla","18":"pa_posebnost-ovratnice-nehrdajuci-celik","19":"pa_posebnost-ovratnice-zatezna-ogrlica","20":"pa_velikost-ovratnice-46cm-hr","21":"pa_velikost-ovratnice-50cm-hr","22":"pa_velikost-ovratnice-53cm-hr","23":"pa_velikost-ovratnice-54cm-hr","24":"pa_velikost-ovratnice-57cm-hr","25":"pa_velikost-ovratnice-58cm-hr","26":"pa_velikost-ovratnice-61cm-hr","27":"pa_velikost-ovratnice-63cm-hr","28":"pa_velikost-ovratnice-65cm-hr","29":"pa_velikost-ovratnice-66cm-hr","30":"pa_velikost-ovratnice-71cm-hr","31":"pa_velikost-ovratnice-75cm-hr","33":"first","34":"instock","35":"taxable","36":"shipping-taxable","37":"purchasable","38":"product-type-variable"},"acf":[],"_links":{"self":[{"href":"https:\/\/dingogear.si\/hr\/wp-json\/wp\/v2\/product\/14136","targetHints":{"allow":["GET"]}}],"collection":[{"href":"https:\/\/dingogear.si\/hr\/wp-json\/wp\/v2\/product"}],"about":[{"href":"https:\/\/dingogear.si\/hr\/wp-json\/wp\/v2\/types\/product"}],"replies":[{"embeddable":true,"href":"https:\/\/dingogear.si\/hr\/wp-json\/wp\/v2\/comments?post=14136"}],"wp:featuredmedia":[{"embeddable":true,"href":"https:\/\/dingogear.si\/hr\/wp-json\/wp\/v2\/media\/14165"}],"wp:attachment":[{"href":"https:\/\/dingogear.si\/hr\/wp-json\/wp\/v2\/media?parent=14136"}],"wp:term":[{"taxonomy":"product_brand","embeddable":true,"href":"https:\/\/dingogear.si\/hr\/wp-json\/wp\/v2\/product_brand?post=14136"},{"taxonomy":"product_cat","embeddable":true,"href":"https:\/\/dingogear.si\/hr\/wp-json\/wp\/v2\/product_cat?post=14136"},{"taxonomy":"product_tag","embeddable":true,"href":"https:\/\/dingogear.si\/hr\/wp-json\/wp\/v2\/product_tag?post=14136"}],"curies":[{"name":"wp","href":"https:\/\/api.w.org\/{rel}","templated":true}]}}