{"id":14169,"date":"2022-12-23T17:28:37","date_gmt":"2022-12-23T16:28:37","guid":{"rendered":"https:\/\/dingogear.si\/?post_type=product&#038;p=14169"},"modified":"2024-06-19T10:08:44","modified_gmt":"2024-06-19T08:08:44","slug":"sprenger-ultra-plus-clicklock-ogrlica-crna","status":"publish","type":"product","link":"https:\/\/dingogear.si\/hr\/sprenger-ultra-plus-clicklock-ogrlica-crna\/","title":{"rendered":"SPRENGER ULTRA-PLUS ClickLock ogrlica crna"},"content":{"rendered":"<p>SPRENGER ULTRA-PLUS ClickLock ogrlica crna<\/p>\n<p>Dostupne su sljede\u0107e dimenzije:<\/p>\n<table width=\"523\">\n<tbody>\n<tr>\n<td width=\"184\">\u0160ifra proizvoda<\/td>\n<td width=\"139\">Duljina ogrlice<\/td>\n<td width=\"200\">\u00d8 debljina rinke<\/td>\n<\/tr>\n<tr>\n<td width=\"184\">50037 010 57<\/td>\n<td width=\"139\">40cm<\/td>\n<td width=\"200\">2,5mm<\/td>\n<\/tr>\n<tr>\n<td width=\"184\">50007 010 57<\/td>\n<td width=\"139\">52cm<\/td>\n<td width=\"200\">3,2mm<\/td>\n<\/tr>\n<tr>\n<td width=\"184\">50047 010 57<\/td>\n<td width=\"139\">60cm<\/td>\n<td width=\"200\">4mm<\/td>\n<\/tr>\n<\/tbody>\n<\/table>\n<p>SUSRET TRADICIJE S MODERNIM IZGLEDOM<br \/>\nVisokokvalitetne SPRENGER ogrlice od crnjenog nehr\u0111aju\u0107eg \u010delika.<br \/>\nSve ogrlice u standardnom asortimanu izra\u0111ene su od nehr\u0111aju\u0107eg \u010delika, \u0161to je temelj ove kvalitete. Tijekom galvanskog procesa povr\u0161ina se zacrni, a zatim polira.<br \/>\nBudu\u0107i da nije tvrdi metal, trajno trenje krzna o metal mo\u017ee stvoriti atraktivan starinski izgled. Preporu\u010damo na\u0161 standardni asortiman proizvoda od poliranog nehr\u0111aju\u0107eg \u010delika ili CUROGAN za pse sklone obarvanosti boje dlake.<\/p>\n<p>Kada kupujete crni proizvod od nehr\u0111aju\u0107eg \u010delika, potra\u017eite metalnu oznaku s crvenom to\u010dkom i \u017eigom HSGERMANY INOX na svim prstenovima i zakretnicama.<\/p>\n","protected":false},"excerpt":{"rendered":"<p>SPRENGER ULTRA-PLUS ClickLock ogrlica sa me\u0111uplo\u010dom. Crne boje.<\/p>\n<p>Pogodno za kratkodlake i dugodlake pasmine.<\/p>\n<p><span data-text-color=\"alert\"><strong>Mogu\u0107nost varijabilne prilagodbe duljine zahvaljuju\u0107i dodatnim karikama koje se mogu kupiti pojedina\u010dno. <a href=\"https:\/\/dingogear.si\/dodatni-cleni-3kos-za-sprenger-ultra-plus-clicklock-bodecko\/\">Dodatni linkovi 3kom za SPRENGER ULTRA-PLUS ClickLock ogrlicu<\/a><\/strong><\/span><\/p>\n<p>Izra\u0111ena od bruniranog nehr\u0111aju\u0107eg \u010delika (crna povr\u0161ina).<\/p>\n","protected":false},"featured_media":14175,"comment_status":"open","ping_status":"closed","template":"","meta":{"_acf_changed":false},"product_brand":[2950],"product_cat":[815,803,821,823],"product_tag":[3019,753,2692],"class_list":{"0":"post-14169","1":"product","2":"type-product","3":"status-publish","4":"has-post-thumbnail","6":"product_brand-sprenger","7":"product_cat-ogrlice","8":"product_cat-oprema-za-psa","9":"product_cat-trening-obrane","10":"product_cat-trening-vodljivosti","11":"product_tag-bodljikava-ogrlica","12":"product_tag-ogrlice-i-davilice","13":"product_tag-sprenger-ogrlice","14":"pa_barva-ovratnice-crna-hr","15":"pa_debelina-rinke-225mm-hr","16":"pa_debelina-rinke-3-2mm-hr","17":"pa_debelina-rinke-4mm-hr","18":"pa_material-ovratnice-metalna","19":"pa_material-ovratnice-nehrdajuci-celik","20":"pa_posebnost-ovratnice-bodljikava-ogrlica","21":"pa_posebnost-ovratnice-clicklock-pricvrscivanje","22":"pa_posebnost-ovratnice-zatezna-ogrlica","23":"pa_velikost-ovratnice-40cm-hr","24":"pa_velikost-ovratnice-52cm-hr","25":"pa_velikost-ovratnice-60cm-hr","27":"first","28":"instock","29":"taxable","30":"shipping-taxable","31":"purchasable","32":"product-type-variable"},"acf":[],"_links":{"self":[{"href":"https:\/\/dingogear.si\/hr\/wp-json\/wp\/v2\/product\/14169","targetHints":{"allow":["GET"]}}],"collection":[{"href":"https:\/\/dingogear.si\/hr\/wp-json\/wp\/v2\/product"}],"about":[{"href":"https:\/\/dingogear.si\/hr\/wp-json\/wp\/v2\/types\/product"}],"replies":[{"embeddable":true,"href":"https:\/\/dingogear.si\/hr\/wp-json\/wp\/v2\/comments?post=14169"}],"wp:featuredmedia":[{"embeddable":true,"href":"https:\/\/dingogear.si\/hr\/wp-json\/wp\/v2\/media\/14175"}],"wp:attachment":[{"href":"https:\/\/dingogear.si\/hr\/wp-json\/wp\/v2\/media?parent=14169"}],"wp:term":[{"taxonomy":"product_brand","embeddable":true,"href":"https:\/\/dingogear.si\/hr\/wp-json\/wp\/v2\/product_brand?post=14169"},{"taxonomy":"product_cat","embeddable":true,"href":"https:\/\/dingogear.si\/hr\/wp-json\/wp\/v2\/product_cat?post=14169"},{"taxonomy":"product_tag","embeddable":true,"href":"https:\/\/dingogear.si\/hr\/wp-json\/wp\/v2\/product_tag?post=14169"}],"curies":[{"name":"wp","href":"https:\/\/api.w.org\/{rel}","templated":true}]}}