{"id":14210,"date":"2022-12-23T19:06:05","date_gmt":"2022-12-23T18:06:05","guid":{"rendered":"https:\/\/dingogear.si\/?post_type=product&#038;p=14210"},"modified":"2024-06-19T10:06:27","modified_gmt":"2024-06-19T08:06:27","slug":"dodatni-linkovi-3kom-za-sprenger-ultra-plus-clicklock-ogrlicu","status":"publish","type":"product","link":"https:\/\/dingogear.si\/hr\/dodatni-linkovi-3kom-za-sprenger-ultra-plus-clicklock-ogrlicu\/","title":{"rendered":"Dodatni linkovi 3kom za SPRENGER ULTRA-PLUS ClickLock ogrlicu"},"content":{"rendered":"<p>Dodatni linkovi 3kom za SPRENGER ULTRA-PLUS ClickLock ogrlicu<\/p>\n<p>Dostupne su sljede\u0107e dimenzije:<\/p>\n<table width=\"506\">\n<tbody>\n<tr>\n<td width=\"105\">\u0160ifra proizvoda<\/td>\n<td width=\"117\">Boja ogrlice<\/td>\n<td width=\"122\">\u00d8 debljina rinke<\/td>\n<td width=\"162\">Pro\u0161iruje ogrlicu za:<\/td>\n<\/tr>\n<tr>\n<td width=\"105\">50530 503 55<\/td>\n<td width=\"117\">Srebrna<\/td>\n<td width=\"122\">0,225mm<\/td>\n<td width=\"162\">3cm<\/td>\n<\/tr>\n<tr>\n<td width=\"105\">50530 503 57<\/td>\n<td width=\"117\">Crna<\/td>\n<td width=\"122\">0,225mm<\/td>\n<td width=\"162\">3cm<\/td>\n<\/tr>\n<tr>\n<td width=\"105\">50500 503 55<\/td>\n<td width=\"117\">Srebrna<\/td>\n<td width=\"122\">0,32mm<\/td>\n<td width=\"162\">4cm<\/td>\n<\/tr>\n<tr>\n<td width=\"105\">50500 503 57<\/td>\n<td width=\"117\">Crna<\/td>\n<td width=\"122\">0,32mm<\/td>\n<td width=\"162\">4cm<\/td>\n<\/tr>\n<tr>\n<td width=\"105\">50540 503 55<\/td>\n<td width=\"117\">Srebrna<\/td>\n<td width=\"122\">0,4mm<\/td>\n<td width=\"162\">5cm<\/td>\n<\/tr>\n<tr>\n<td width=\"105\">50540 503 57<\/td>\n<td width=\"117\">Crna<\/td>\n<td width=\"122\">0,4mm<\/td>\n<td width=\"162\">5cm<\/td>\n<\/tr>\n<\/tbody>\n<\/table>\n<p>KVALITETA S TRADICIJOM<br \/>\nVisokokvalitetne ogrlice za pse od nehr\u0111aju\u0107eg \u010delika. Mnoge prednosti ove kvalitete razlog su za\u0161to vodi\u010di koji se bave sportom pasa i profesionalni treneri koriste upravo ove ogrlice od nehr\u0111aju\u0107eg \u010delika. Posebni koraci obrade u proizvodnji i izbor materijala stvaraju svojstva kao \u0161to su otpornost na morsku vodu, robusnost i sigurnost. Pri kupnji Sprenger proizvoda od nehr\u0111aju\u0107eg \u010delika obratite pa\u017enju na na\u0161u metalnu naljepnicu s crvenom to\u010dkom i \u017eigom HS-GERMANY INOX na svim prstenovima i zakretnicama, \u0161to vam jam\u010di opisanu vrhunsku SPRENGER kvalitetu.<\/p>\n","protected":false},"excerpt":{"rendered":"<p>Dodatni linkovi 3kom za SPRENGER ULTRA-PLUS ClickLock ogrlicu<\/p>\n<table width=\"506\">\n<tbody>\n<tr>\n<td width=\"105\">\u0160ifra proizvoda<\/td>\n<td width=\"117\">Boja ogrlice<\/td>\n<td width=\"122\">\u00d8 debljina rinke<\/td>\n<td width=\"162\">Pro\u0161iruje ogrlicu za:<\/td>\n<\/tr>\n<tr>\n<td width=\"105\">50530 503 55<\/td>\n<td width=\"117\">Srebrna<\/td>\n<td width=\"122\">0,225mm<\/td>\n<td width=\"162\">3cm<\/td>\n<\/tr>\n<tr>\n<td width=\"105\">50530 503 57<\/td>\n<td width=\"117\">Crna<\/td>\n<td width=\"122\">0,225mm<\/td>\n<td width=\"162\">3cm<\/td>\n<\/tr>\n<tr>\n<td width=\"105\">50500 503 55<\/td>\n<td width=\"117\">Srebrna<\/td>\n<td width=\"122\">0,32mm<\/td>\n<td width=\"162\">4cm<\/td>\n<\/tr>\n<tr>\n<td width=\"105\">50500 503 57<\/td>\n<td width=\"117\">Crna<\/td>\n<td width=\"122\">0,32mm<\/td>\n<td width=\"162\">4cm<\/td>\n<\/tr>\n<tr>\n<td width=\"105\">50540 503 55<\/td>\n<td width=\"117\">Srebrna<\/td>\n<td width=\"122\">0,4mm<\/td>\n<td width=\"162\">5cm<\/td>\n<\/tr>\n<tr>\n<td width=\"105\">50540 503 57<\/td>\n<td width=\"117\">Crna<\/td>\n<td width=\"122\">0,4mm<\/td>\n<td width=\"162\">5cm<\/td>\n<\/tr>\n<\/tbody>\n<\/table>\n<p><span data-text-color=\"alert\"><strong>Odaberite pravu veli\u010dinu karika, deblje karike ne pristaju uz ovratnike s tanjim i obrnuto.<\/strong><\/span><\/p>\n","protected":false},"featured_media":14215,"comment_status":"open","ping_status":"closed","template":"","meta":{"_acf_changed":false},"product_brand":[2950],"product_cat":[815,803,821,823],"product_tag":[3019,753,2692],"class_list":{"0":"post-14210","1":"product","2":"type-product","3":"status-publish","4":"has-post-thumbnail","6":"product_brand-sprenger","7":"product_cat-ogrlice","8":"product_cat-oprema-za-psa","9":"product_cat-trening-obrane","10":"product_cat-trening-vodljivosti","11":"product_tag-bodljikava-ogrlica","12":"product_tag-ogrlice-i-davilice","13":"product_tag-sprenger-ogrlice","14":"pa_barva-ovratnice-srebrna-hr","15":"pa_debelina-rinke-225mm-hr","16":"pa_debelina-rinke-3-2mm-hr","17":"pa_debelina-rinke-4mm-hr","18":"pa_material-ovratnice-metalna","19":"pa_material-ovratnice-nehrdajuci-celik","20":"pa_posebnost-ovratnice-bodljikava-ogrlica","21":"pa_posebnost-ovratnice-zatezna-ogrlica","23":"first","24":"instock","25":"taxable","26":"shipping-taxable","27":"purchasable","28":"product-type-variable"},"acf":[],"_links":{"self":[{"href":"https:\/\/dingogear.si\/hr\/wp-json\/wp\/v2\/product\/14210","targetHints":{"allow":["GET"]}}],"collection":[{"href":"https:\/\/dingogear.si\/hr\/wp-json\/wp\/v2\/product"}],"about":[{"href":"https:\/\/dingogear.si\/hr\/wp-json\/wp\/v2\/types\/product"}],"replies":[{"embeddable":true,"href":"https:\/\/dingogear.si\/hr\/wp-json\/wp\/v2\/comments?post=14210"}],"wp:featuredmedia":[{"embeddable":true,"href":"https:\/\/dingogear.si\/hr\/wp-json\/wp\/v2\/media\/14215"}],"wp:attachment":[{"href":"https:\/\/dingogear.si\/hr\/wp-json\/wp\/v2\/media?parent=14210"}],"wp:term":[{"taxonomy":"product_brand","embeddable":true,"href":"https:\/\/dingogear.si\/hr\/wp-json\/wp\/v2\/product_brand?post=14210"},{"taxonomy":"product_cat","embeddable":true,"href":"https:\/\/dingogear.si\/hr\/wp-json\/wp\/v2\/product_cat?post=14210"},{"taxonomy":"product_tag","embeddable":true,"href":"https:\/\/dingogear.si\/hr\/wp-json\/wp\/v2\/product_tag?post=14210"}],"curies":[{"name":"wp","href":"https:\/\/api.w.org\/{rel}","templated":true}]}}