{"id":14434,"date":"2023-02-28T12:57:17","date_gmt":"2023-02-28T11:57:17","guid":{"rendered":"https:\/\/dingogear.si\/?post_type=product&#038;p=14434"},"modified":"2024-06-19T10:08:44","modified_gmt":"2024-06-19T08:08:44","slug":"sprenger-ultra-plus-clicklock-bodljikava-ogrlica-sa-2xd-ring-srebrna","status":"publish","type":"product","link":"https:\/\/dingogear.si\/hr\/sprenger-ultra-plus-clicklock-bodljikava-ogrlica-sa-2xd-ring-srebrna\/","title":{"rendered":"SPRENGER ULTRA-PLUS ClickLock bodljikava ogrlica sa 2xD-ring srebrna"},"content":{"rendered":"<p>SPRENGER ULTRA-PLUS ClickLock bodljikava ogrlica srebrne boje s dva D-prstena za pri\u010dvr\u0161\u0107ivanje uzice, .<\/p>\n<p>Dostupne su sljede\u0107e dimenzije:<\/p>\n<table width=\"523\">\n<tbody>\n<tr>\n<td width=\"184\">\u0160ifra proizvoda<\/td>\n<td width=\"139\">Duljina ogrlice<\/td>\n<td width=\"200\">\u00d8 debljina rinke<\/td>\n<\/tr>\n<tr>\n<td width=\"184\">50039 010 55<\/td>\n<td width=\"139\">40cm<\/td>\n<td width=\"200\">2,5mm<\/td>\n<\/tr>\n<tr>\n<td width=\"184\"><span class=\"fontstyle0\">50029 010 55<\/span><\/td>\n<td width=\"139\">52cm<\/td>\n<td width=\"200\">3,2mm<\/td>\n<\/tr>\n<tr>\n<td width=\"184\">50049 010 55<\/td>\n<td width=\"139\">60cm<\/td>\n<td width=\"200\">4mm<\/td>\n<\/tr>\n<\/tbody>\n<\/table>\n<p>KVALITETA S TRADICIJOM<br \/>\nVisokokvalitetne ogrlice za pse od nehr\u0111aju\u0107eg \u010delika. Mnoge prednosti ove kvalitete razlog su za\u0161to vodi\u010di koji se bave sportom pasa i profesionalni treneri koriste upravo ove ogrlice od nehr\u0111aju\u0107eg \u010delika. Posebni koraci obrade u proizvodnji i izbor materijala stvaraju svojstva kao \u0161to su otpornost na morsku vodu, robusnost i sigurnost. Pri kupnji Sprenger proizvoda od nehr\u0111aju\u0107eg \u010delika obratite pa\u017enju na na\u0161u metalnu naljepnicu s crvenom to\u010dkom i \u017eigom HS-GERMANY INOX na svim prstenovima i zakretnicama, \u0161to vam jam\u010di opisanu vrhunsku SPRENGER kvalitetu.<\/p>\n<p><a href=\"https:\/\/dingogear.si\/wp-content\/uploads\/2023\/02\/SPRENGER_UltraPlus_ClickLock_2D_tabela-1024x354.jpg\"><img decoding=\"async\" class=\"alignleft wp-image-14445 size-large\" src=\"https:\/\/dingogear.si\/wp-content\/uploads\/2023\/02\/SPRENGER_UltraPlus_ClickLock_2D_tabela-1024x354.jpg\" alt=\"\" width=\"1024\" height=\"354\" title=\"\" srcset=\"https:\/\/dingogear.si\/wp-content\/uploads\/2023\/02\/SPRENGER_UltraPlus_ClickLock_2D_tabela-1024x354.jpg 1024w, https:\/\/dingogear.si\/wp-content\/uploads\/2023\/02\/SPRENGER_UltraPlus_ClickLock_2D_tabela-300x104.jpg 300w, https:\/\/dingogear.si\/wp-content\/uploads\/2023\/02\/SPRENGER_UltraPlus_ClickLock_2D_tabela-768x266.jpg 768w, https:\/\/dingogear.si\/wp-content\/uploads\/2023\/02\/SPRENGER_UltraPlus_ClickLock_2D_tabela-500x173.jpg 500w, https:\/\/dingogear.si\/wp-content\/uploads\/2023\/02\/SPRENGER_UltraPlus_ClickLock_2D_tabela-700x242.jpg 700w, https:\/\/dingogear.si\/wp-content\/uploads\/2023\/02\/SPRENGER_UltraPlus_ClickLock_2D_tabela.jpg 1531w\" sizes=\"(max-width: 1024px) 100vw, 1024px\" \/><\/a><\/p>\n","protected":false},"excerpt":{"rendered":"<p>SPRENGER ULTRA-PLUS ClickLock bodljikava ogrlica s me\u0111uplo\u010dom i dva D-prstena. Srebrne boje.<\/p>\n<p>Ova ogrlica za vje\u017ebanje olak\u0161ava centriranje povodca zaka\u010denjem kuke za povodac u oba prstena. Postavljanje ogrlice sigurno je i jednostavno zahvaljuju\u0107i ClicLock-u.<\/p>\n<p>Pogodno za kratkodlake i dugodlake pasmine.<\/p>\n<p><span data-text-color=\"alert\"><strong>Mogu\u0107nost varijabilne prilagodbe duljine zahvaljuju\u0107i dodatnim karikama koje se mogu kupiti pojedina\u010dno. <a href=\"https:\/\/dingogear.si\/dodatni-cleni-3kos-za-sprenger-ultra-plus-clicklock-bodecko\/\">Dodatni linkovi 3kom za SPRENGER ULTRA-PLUS ClickLock ogrlicu<\/a><\/strong><\/span><\/p>\n<p><span data-text-color=\"success\"><strong>Mogu\u0107nost pokrivanja ovratnika<\/strong> &#8211;<\/span> <a href=\"https:\/\/dingogear.si\/prevleka-za-sprenger-ultra-plus-clicklock-ovratnice\/\">Navlaka za SPRENGER ULTRA-PLUS ClickLock ogrlice<\/a><\/p>\n<p>Izra\u0111ena od nehr\u0111aju\u0107eg \u010delika.<\/p>\n<p><span data-text-color=\"alert\"><strong>U svojoj sr\u017ei, bodljikavi ovratnik je poseban alat za obuku koji bi trebali koristiti samo profesionalci. Ogrlica je uvijek samo pomo\u0107 u dresuri psa i nikada ne zamjenjuje zdravu i stru\u010dnu obuku. Zato Vas molimo da se kod odabira prave bodljikave ogrlice posavjetujete s nama te potra\u017eite pomo\u0107 iskusnog trenera i posjetite odgovaraju\u0107u \u0161kolu za pse.<\/strong><\/span><\/p>\n","protected":false},"featured_media":14444,"comment_status":"open","ping_status":"closed","template":"","meta":{"_acf_changed":false},"product_brand":[2950],"product_cat":[815,803,821,823],"product_tag":[3019,753,2692],"class_list":{"0":"post-14434","1":"product","2":"type-product","3":"status-publish","4":"has-post-thumbnail","6":"product_brand-sprenger","7":"product_cat-ogrlice","8":"product_cat-oprema-za-psa","9":"product_cat-trening-obrane","10":"product_cat-trening-vodljivosti","11":"product_tag-bodljikava-ogrlica","12":"product_tag-ogrlice-i-davilice","13":"product_tag-sprenger-ogrlice","14":"pa_barva-ovratnice-srebrna-hr","15":"pa_debelina-rinke-225mm-hr","16":"pa_debelina-rinke-3-2mm-hr","17":"pa_debelina-rinke-4mm-hr","18":"pa_material-ovratnice-metalna","19":"pa_material-ovratnice-nehrdajuci-celik","20":"pa_posebnost-ovratnice-bodljikava-ogrlica","21":"pa_posebnost-ovratnice-clicklock-pricvrscivanje","22":"pa_posebnost-ovratnice-zatezna-ogrlica","23":"pa_velikost-ovratnice-40cm-hr","24":"pa_velikost-ovratnice-52cm-hr","25":"pa_velikost-ovratnice-60cm-hr","27":"first","28":"instock","29":"taxable","30":"shipping-taxable","31":"purchasable","32":"product-type-variable"},"acf":[],"_links":{"self":[{"href":"https:\/\/dingogear.si\/hr\/wp-json\/wp\/v2\/product\/14434","targetHints":{"allow":["GET"]}}],"collection":[{"href":"https:\/\/dingogear.si\/hr\/wp-json\/wp\/v2\/product"}],"about":[{"href":"https:\/\/dingogear.si\/hr\/wp-json\/wp\/v2\/types\/product"}],"replies":[{"embeddable":true,"href":"https:\/\/dingogear.si\/hr\/wp-json\/wp\/v2\/comments?post=14434"}],"wp:featuredmedia":[{"embeddable":true,"href":"https:\/\/dingogear.si\/hr\/wp-json\/wp\/v2\/media\/14444"}],"wp:attachment":[{"href":"https:\/\/dingogear.si\/hr\/wp-json\/wp\/v2\/media?parent=14434"}],"wp:term":[{"taxonomy":"product_brand","embeddable":true,"href":"https:\/\/dingogear.si\/hr\/wp-json\/wp\/v2\/product_brand?post=14434"},{"taxonomy":"product_cat","embeddable":true,"href":"https:\/\/dingogear.si\/hr\/wp-json\/wp\/v2\/product_cat?post=14434"},{"taxonomy":"product_tag","embeddable":true,"href":"https:\/\/dingogear.si\/hr\/wp-json\/wp\/v2\/product_tag?post=14434"}],"curies":[{"name":"wp","href":"https:\/\/api.w.org\/{rel}","templated":true}]}}