{"id":14905,"date":"2023-03-24T13:51:38","date_gmt":"2023-03-24T12:51:38","guid":{"rendered":"https:\/\/dingogear.si\/?post_type=product&#038;p=14905"},"modified":"2023-04-17T10:58:27","modified_gmt":"2023-04-17T08:58:27","slug":"lopta-cilindar-od-ring-materiala","status":"publish","type":"product","link":"https:\/\/dingogear.si\/hr\/lopta-cilindar-od-ring-materiala\/","title":{"rendered":"Lopta CILINDAR od RING materiala"},"content":{"rendered":"<p><a href=\"https:\/\/dingogear.si\/wp-content\/uploads\/2018\/11\/\u017eoga_RING_VEL.jpg\"><img decoding=\"async\" class=\"aligncenter size-full wp-image-3358\" src=\"https:\/\/dingogear.si\/wp-content\/uploads\/2018\/11\/\u017eoga_RING_VEL.jpg\" alt=\"\" width=\"1563\" height=\"772\" title=\"\" srcset=\"https:\/\/dingogear.si\/wp-content\/uploads\/2018\/11\/\u017eoga_RING_VEL.jpg 1563w, https:\/\/dingogear.si\/wp-content\/uploads\/2018\/11\/\u017eoga_RING_VEL-300x148.jpg 300w, https:\/\/dingogear.si\/wp-content\/uploads\/2018\/11\/\u017eoga_RING_VEL-768x379.jpg 768w, https:\/\/dingogear.si\/wp-content\/uploads\/2018\/11\/\u017eoga_RING_VEL-1024x506.jpg 1024w, https:\/\/dingogear.si\/wp-content\/uploads\/2018\/11\/\u017eoga_RING_VEL-200x99.jpg 200w, https:\/\/dingogear.si\/wp-content\/uploads\/2018\/11\/\u017eoga_RING_VEL-400x198.jpg 400w, https:\/\/dingogear.si\/wp-content\/uploads\/2018\/11\/\u017eoga_RING_VEL-600x296.jpg 600w, https:\/\/dingogear.si\/wp-content\/uploads\/2018\/11\/\u017eoga_RING_VEL-800x395.jpg 800w, https:\/\/dingogear.si\/wp-content\/uploads\/2018\/11\/\u017eoga_RING_VEL-1200x593.jpg 1200w, https:\/\/dingogear.si\/wp-content\/uploads\/2018\/11\/\u017eoga_RING_VEL-500x247.jpg 500w, https:\/\/dingogear.si\/wp-content\/uploads\/2018\/11\/\u017eoga_RING_VEL-700x346.jpg 700w\" sizes=\"(max-width: 1563px) 100vw, 1563px\" \/><\/a><\/p>\n","protected":false},"excerpt":{"rendered":"<p>Lopta CILINDAR od RING materiala &#8211; Mekana lopta od materijala koji je izdr\u017eljiv i otporan na o\u0161te\u0107enja. Materijal od kojeg smo izradili lopticu je izdr\u017eljiv i otporan na o\u0161te\u0107enja, a tvrdi i \u010dvrsti \u0161avovi osiguravaju dugi vijek trajanja, od ovog materijala izra\u0111ena su najizdr\u017eljivija za\u0161titna odijela za markirante. Ru\u010dka s mekim remenom osigurava visoku udobnost dr\u017eanja. Lopta nije osjetljiva pa je mo\u017eete koristiti du\u017ee vrijeme za treniranje i igru \u200b\u200bsa svojim psom.<\/p>\n<ul>\n<li>crno-crvena, crno-naran\u010dasta, crno-plava, crno-ru\u017ei\u010dasta<\/li>\n<li>oblik CILINDAR 25x8cm<\/li>\n<\/ul>\n<p>Zna\u010dajke lopte:<\/p>\n<ul>\n<li>izdr\u017eljiv nylcot RING materijal<\/li>\n<li>ru\u010dno \u0161ivano<\/li>\n<li>meka<\/li>\n<li>ru\u010dka od \u0161iroke i mekane trake<\/li>\n<li>\u010dvrsti i jaki \u0161avovi<\/li>\n<\/ul>\n<p>Svrha lopte:<\/p>\n<ul>\n<li>aportiranje \/ dono\u0161enje predmeta<\/li>\n<li>u\u010denje \u017evakanja<\/li>\n<li>trenirati pravilan ugriz psa<\/li>\n<li>igra<\/li>\n<\/ul>\n<p>SAVJET: Lopte su namijenjene za zabavu i trening uz pomo\u0107 vodi\u010da, ne ostavljajte loptu i psa bez nadzora, jer to za psa ne zna\u010di igru \u200b\u200bi u\u010denje.<br \/>\nLopta nije namijenjena igri vu\u010de!<\/p>\n","protected":false},"featured_media":10748,"comment_status":"open","ping_status":"closed","template":"","meta":{"_acf_changed":false},"product_brand":[2948],"product_cat":[809,807,803,819,823],"product_tag":[747,1858,1238],"class_list":{"0":"post-14905","1":"product","2":"type-product","3":"status-publish","4":"has-post-thumbnail","6":"product_brand-dingo-gear","7":"product_cat-igra-uz-trening","8":"product_cat-kobasice-aporti","9":"product_cat-oprema-za-psa","10":"product_cat-pomagala-za-trening","11":"product_cat-trening-vodljivosti","12":"product_tag-igra-hr","13":"product_tag-trening-mladih-pasa","14":"product_tag-vodljivost","15":"pa_barva-izdelka-crvena","16":"pa_barva-izdelka-narandzasta","17":"pa_barva-izdelka-pink-hr","18":"pa_barva-izdelka-plava","19":"pa_barva-zoge-crno-crvena","20":"pa_barva-zoge-crno-naradzasta","21":"pa_barva-zoge-crno-plava","22":"pa_barva-zoge-pink-hr","23":"pa_material-zoge-french-ring-nylcot-hr","24":"pa_oblika-velikost-zoge-cilindar-25x8cm","26":"first","27":"instock","28":"taxable","29":"shipping-taxable","30":"purchasable","31":"product-type-variable"},"acf":[],"_links":{"self":[{"href":"https:\/\/dingogear.si\/hr\/wp-json\/wp\/v2\/product\/14905","targetHints":{"allow":["GET"]}}],"collection":[{"href":"https:\/\/dingogear.si\/hr\/wp-json\/wp\/v2\/product"}],"about":[{"href":"https:\/\/dingogear.si\/hr\/wp-json\/wp\/v2\/types\/product"}],"replies":[{"embeddable":true,"href":"https:\/\/dingogear.si\/hr\/wp-json\/wp\/v2\/comments?post=14905"}],"wp:featuredmedia":[{"embeddable":true,"href":"https:\/\/dingogear.si\/hr\/wp-json\/wp\/v2\/media\/10748"}],"wp:attachment":[{"href":"https:\/\/dingogear.si\/hr\/wp-json\/wp\/v2\/media?parent=14905"}],"wp:term":[{"taxonomy":"product_brand","embeddable":true,"href":"https:\/\/dingogear.si\/hr\/wp-json\/wp\/v2\/product_brand?post=14905"},{"taxonomy":"product_cat","embeddable":true,"href":"https:\/\/dingogear.si\/hr\/wp-json\/wp\/v2\/product_cat?post=14905"},{"taxonomy":"product_tag","embeddable":true,"href":"https:\/\/dingogear.si\/hr\/wp-json\/wp\/v2\/product_tag?post=14905"}],"curies":[{"name":"wp","href":"https:\/\/api.w.org\/{rel}","templated":true}]}}