{"id":15039,"date":"2022-07-11T15:51:03","date_gmt":"2022-07-11T13:51:03","guid":{"rendered":"https:\/\/dingogear.si\/idealeash-trekking-povodnik-protiv-potezanja-medium\/"},"modified":"2023-04-17T11:17:55","modified_gmt":"2023-04-17T09:17:55","slug":"idealeash-trekking-povodnik-protiv-potezanja-medium","status":"publish","type":"product","link":"https:\/\/dingogear.si\/hr\/idealeash-trekking-povodnik-protiv-potezanja-medium\/","title":{"rendered":"IdeaLeash Trekking povodnik protiv potezanja MEDIUM"},"content":{"rendered":"<div>Povodnik protiv potezanja<\/div>\n<div>Idealeash Trekking povodnik protiv potezanja povezuje vas i va\u0161eg psa na najsigurniji i najudobniji na\u010din. Osmislili su ga stru\u010dnjaci i znanstvenici kao pomo\u0107 pri vje\u017ebanju hodanja na opu\u0161tenom povodniku. Istovremeno, zahvaljuju\u0107i posebnom patentu sa spiralno rastezljivom navlakom, sprje\u010dava gri\u017eenje donjeg dijela povodca.<\/div>\n<div><\/div>\n<div>\n<div><strong>Ostale dostupne veli\u010dine:<\/strong><\/div>\n<div><\/div>\n<div>za pse do 10 kg\/22 lbs \u2013 Trekking MINI<br \/>\nza pse izme\u0111u 20-60 kg\/44-132 lbs \u2013 Trekking MAXI<\/div>\n<\/div>\n","protected":false},"excerpt":{"rendered":"<div>Povodnik protiv potezanja<\/div>\n<div>Idealeash Trekking povodnik protiv potezanja povezuje vas i va\u0161eg psa na najsigurniji i najudobniji na\u010din. Osmislili su ga stru\u010dnjaci i znanstvenici kao pomo\u0107 pri vje\u017ebanju hodanja na opu\u0161tenom povodniku. Istovremeno, zahvaljuju\u0107i posebnom patentu sa spiralno rastezljivom navlakom, sprje\u010dava gri\u017eenje donjeg dijela povodca.<\/div>\n<div><\/div>\n<div>Dimenzije: fi 6mm x 200cm<\/div>\n<div><\/div>\n<div><strong>Ostale dostupne veli\u010dine:<\/strong><\/div>\n<div>\n<div><\/div>\n<div>za pse do 10 kg\/22 lbs \u2013 Trekking MINI<br \/>\nza pse izme\u0111u 20-60 kg\/44-132 lbs \u2013 Trekking MAXI<\/div>\n<\/div>\n","protected":false},"featured_media":13045,"comment_status":"open","ping_status":"closed","template":"","meta":{"_acf_changed":false},"product_brand":[2958],"product_cat":[805,2681,803,2683,823],"product_tag":[2688,2695,2694],"class_list":{"0":"post-15039","1":"product","2":"type-product","3":"status-publish","4":"has-post-thumbnail","6":"product_brand-idealeash","7":"product_cat-povodnici","8":"product_cat-idealeash-povodnici","9":"product_cat-oprema-za-psa","10":"product_cat-trekking-protiv-potezanja-i-grizanja-uzice","11":"product_cat-trening-vodljivosti","12":"product_tag-idealeash-hr","13":"product_tag-protiv-grizenja-uzice","14":"product_tag-protiv-potezanja","15":"pa_dolzina-povodca-200cm-hr","16":"pa_mere-povodca-fi-8mm-x-200cm-hr","17":"pa_posebnost-povodca-absorbira-brze-kretnje-potege-pasa","18":"pa_posebnost-povodca-otklanja-poremecaj-grizenja-uzice","19":"pa_posebnost-povodca-podesiva-duzina-povodnika","21":"first","22":"outofstock","23":"taxable","24":"shipping-taxable","25":"purchasable","26":"product-type-simple"},"acf":[],"_links":{"self":[{"href":"https:\/\/dingogear.si\/hr\/wp-json\/wp\/v2\/product\/15039","targetHints":{"allow":["GET"]}}],"collection":[{"href":"https:\/\/dingogear.si\/hr\/wp-json\/wp\/v2\/product"}],"about":[{"href":"https:\/\/dingogear.si\/hr\/wp-json\/wp\/v2\/types\/product"}],"replies":[{"embeddable":true,"href":"https:\/\/dingogear.si\/hr\/wp-json\/wp\/v2\/comments?post=15039"}],"wp:featuredmedia":[{"embeddable":true,"href":"https:\/\/dingogear.si\/hr\/wp-json\/wp\/v2\/media\/13045"}],"wp:attachment":[{"href":"https:\/\/dingogear.si\/hr\/wp-json\/wp\/v2\/media?parent=15039"}],"wp:term":[{"taxonomy":"product_brand","embeddable":true,"href":"https:\/\/dingogear.si\/hr\/wp-json\/wp\/v2\/product_brand?post=15039"},{"taxonomy":"product_cat","embeddable":true,"href":"https:\/\/dingogear.si\/hr\/wp-json\/wp\/v2\/product_cat?post=15039"},{"taxonomy":"product_tag","embeddable":true,"href":"https:\/\/dingogear.si\/hr\/wp-json\/wp\/v2\/product_tag?post=15039"}],"curies":[{"name":"wp","href":"https:\/\/api.w.org\/{rel}","templated":true}]}}