{"id":15078,"date":"2023-04-18T18:02:23","date_gmt":"2023-04-18T16:02:24","guid":{"rendered":"https:\/\/dingogear.si\/?post_type=product&#038;p=15078"},"modified":"2023-04-19T17:08:18","modified_gmt":"2023-04-19T15:08:18","slug":"lopta-pouch-od-ring-materiala-na-traci-od-65cm","status":"publish","type":"product","link":"https:\/\/dingogear.si\/hr\/lopta-pouch-od-ring-materiala-na-traci-od-65cm\/","title":{"rendered":"Lopta POUCH od RING materiala na traci od 65cm"},"content":{"rendered":"<p><a href=\"https:\/\/dingogear.si\/wp-content\/uploads\/2018\/11\/\u017eoga_RING_VEL.jpg\"><img decoding=\"async\" class=\"aligncenter size-full wp-image-3358\" src=\"https:\/\/dingogear.si\/wp-content\/uploads\/2018\/11\/\u017eoga_RING_VEL.jpg\" alt=\"\" width=\"1563\" height=\"772\" title=\"\" srcset=\"https:\/\/dingogear.si\/wp-content\/uploads\/2018\/11\/\u017eoga_RING_VEL.jpg 1563w, https:\/\/dingogear.si\/wp-content\/uploads\/2018\/11\/\u017eoga_RING_VEL-300x148.jpg 300w, https:\/\/dingogear.si\/wp-content\/uploads\/2018\/11\/\u017eoga_RING_VEL-768x379.jpg 768w, https:\/\/dingogear.si\/wp-content\/uploads\/2018\/11\/\u017eoga_RING_VEL-1024x506.jpg 1024w, https:\/\/dingogear.si\/wp-content\/uploads\/2018\/11\/\u017eoga_RING_VEL-200x99.jpg 200w, https:\/\/dingogear.si\/wp-content\/uploads\/2018\/11\/\u017eoga_RING_VEL-400x198.jpg 400w, https:\/\/dingogear.si\/wp-content\/uploads\/2018\/11\/\u017eoga_RING_VEL-600x296.jpg 600w, https:\/\/dingogear.si\/wp-content\/uploads\/2018\/11\/\u017eoga_RING_VEL-800x395.jpg 800w, https:\/\/dingogear.si\/wp-content\/uploads\/2018\/11\/\u017eoga_RING_VEL-1200x593.jpg 1200w, https:\/\/dingogear.si\/wp-content\/uploads\/2018\/11\/\u017eoga_RING_VEL-500x247.jpg 500w, https:\/\/dingogear.si\/wp-content\/uploads\/2018\/11\/\u017eoga_RING_VEL-700x346.jpg 700w\" sizes=\"(max-width: 1563px) 100vw, 1563px\" \/><\/a><\/p>\n","protected":false},"excerpt":{"rendered":"<p>Mekana lopta za dresuru pasa od ring (NYLCOT) materijala punjena mekanim punjenjem &#8211; <span data-text-color=\"alert\"><strong>u obliku MO\u0160NJE<\/strong><\/span>. Materijal od kojeg smo izradili lopticu je izdr\u017eljiv i otporan na o\u0161te\u0107enja, a tvrdi i \u010dvrsti \u0161avovi osiguravaju dugi vijek trajanja, od ovog materijala izra\u0111ena su najizdr\u017eljivija za\u0161titna odijela za markirante. Lopta nije osjetljiva pa je mo\u017eete koristiti du\u017ee vrijeme za treniranje i igru \u200b\u200bsa svojim psom.<\/p>\n<p>Lopta je dostupna u nekoliko varijanti boja &#8211; <span data-text-color=\"alert\"><strong>boju nije mogu\u0107e birati!<\/strong><\/span><\/p>\n<ul>\n<li>promjer 8cm<\/li>\n<li>traka 65cm<\/li>\n<\/ul>\n<p>Zna\u010dajke lopte:<\/p>\n<ul>\n<li>izdr\u017eljiv nylcot RING materijal<\/li>\n<li>ru\u010dno \u0161ivano<\/li>\n<li>meka<\/li>\n<li>ru\u010dka od \u0161iroke i mekane trake<\/li>\n<li>\u010dvrsti i jaki \u0161avovi<\/li>\n<\/ul>\n<p>Svrha lopte:<\/p>\n<ul>\n<li>aportiranje \/ dono\u0161enje predmeta<\/li>\n<li>u\u010denje \u017evakanja<\/li>\n<li>trenirati pravilan ugriz psa<\/li>\n<li>igra<\/li>\n<\/ul>\n<p>SAVJET: Lopte su namijenjene za zabavu i trening uz pomo\u0107 vodi\u010da, ne ostavljajte loptu i psa bez nadzora, jer to za psa ne zna\u010di igru \u200b\u200bi u\u010denje.<br \/>\nLopta nije namijenjena igri vu\u010de!<\/p>\n","protected":false},"featured_media":15092,"comment_status":"open","ping_status":"closed","template":"","meta":{"_acf_changed":false},"product_brand":[2949],"product_cat":[809,1831,803,819,823],"product_tag":[747,1858,1238],"class_list":{"0":"post-15078","1":"product","2":"type-product","3":"status-publish","4":"has-post-thumbnail","6":"product_brand-raddog","7":"product_cat-igra-uz-trening","8":"product_cat-loptice","9":"product_cat-oprema-za-psa","10":"product_cat-pomagala-za-trening","11":"product_cat-trening-vodljivosti","12":"product_tag-igra-hr","13":"product_tag-trening-mladih-pasa","14":"product_tag-vodljivost","15":"pa_material-zoge-french-ring-nylcot-hr","16":"pa_oblika-velikost-zoge-okrugla-promjer-7-cm","18":"first","19":"instock","20":"taxable","21":"shipping-taxable","22":"purchasable","23":"product-type-simple"},"acf":[],"_links":{"self":[{"href":"https:\/\/dingogear.si\/hr\/wp-json\/wp\/v2\/product\/15078","targetHints":{"allow":["GET"]}}],"collection":[{"href":"https:\/\/dingogear.si\/hr\/wp-json\/wp\/v2\/product"}],"about":[{"href":"https:\/\/dingogear.si\/hr\/wp-json\/wp\/v2\/types\/product"}],"replies":[{"embeddable":true,"href":"https:\/\/dingogear.si\/hr\/wp-json\/wp\/v2\/comments?post=15078"}],"wp:featuredmedia":[{"embeddable":true,"href":"https:\/\/dingogear.si\/hr\/wp-json\/wp\/v2\/media\/15092"}],"wp:attachment":[{"href":"https:\/\/dingogear.si\/hr\/wp-json\/wp\/v2\/media?parent=15078"}],"wp:term":[{"taxonomy":"product_brand","embeddable":true,"href":"https:\/\/dingogear.si\/hr\/wp-json\/wp\/v2\/product_brand?post=15078"},{"taxonomy":"product_cat","embeddable":true,"href":"https:\/\/dingogear.si\/hr\/wp-json\/wp\/v2\/product_cat?post=15078"},{"taxonomy":"product_tag","embeddable":true,"href":"https:\/\/dingogear.si\/hr\/wp-json\/wp\/v2\/product_tag?post=15078"}],"curies":[{"name":"wp","href":"https:\/\/api.w.org\/{rel}","templated":true}]}}