{"id":15176,"date":"2023-04-25T10:07:17","date_gmt":"2023-04-25T08:07:17","guid":{"rendered":"https:\/\/dingogear.si\/?post_type=product&#038;p=15176"},"modified":"2024-12-23T12:37:08","modified_gmt":"2024-12-23T11:37:08","slug":"trening-bic-sa-sintetickom-uzicom","status":"publish","type":"product","link":"https:\/\/dingogear.si\/hr\/trening-bic-sa-sintetickom-uzicom\/","title":{"rendered":"Trening bi\u010d sa sinteti\u010dkom uzicom"},"content":{"rendered":"<div>\n<p>Trening bi\u010d sa sinteti\u010dkom uzicom<\/p>\n<p>Bi\u010d za markiranta sa sinteti\u010dkom uzicom izra\u0111en je od fleksibilne plasti\u010dne \u0161ipke s unutarnje strane i pro\u0161iven visokokvalitetnom ko\u017eom s vanjske strane. Kraj bi\u010da dvostruko je pro\u0161iven za dodatnu \u010dvrsto\u0107u protiv o\u0161te\u0107enja.<\/p>\n<p>Du\u017eina bi\u010da je 65 cm.<\/p>\n<\/div>\n","protected":false},"excerpt":{"rendered":"<p>Trening bi\u010d sa sinteti\u010dkom uzicom<\/p>\n<p>Bi\u010d za markiranta sa sinteti\u010dkom uzicom izra\u0111en je od fleksibilne plasti\u010dne \u0161ipke s unutarnje strane i pro\u0161iven visokokvalitetnom ko\u017eom s vanjske strane. Kraj bi\u010da dvostruko je pro\u0161iven za dodatnu \u010dvrsto\u0107u protiv o\u0161te\u0107enja.<\/p>\n<p>Du\u017eina bi\u010da je 65 cm.<\/p>\n","protected":false},"featured_media":15178,"comment_status":"open","ping_status":"closed","template":"","meta":{"_acf_changed":false},"product_brand":[2949],"product_cat":[1827,781,823],"product_tag":[1842,1848],"class_list":{"0":"post-15176","1":"product","2":"type-product","3":"status-publish","4":"has-post-thumbnail","6":"product_brand-raddog","7":"product_cat-bicevi-i-palice","8":"product_cat-oprema-za-markirante","9":"product_cat-trening-vodljivosti","10":"product_tag-bicevi-i-palice","11":"product_tag-palica-za-markiranta","13":"first","14":"onbackorder","15":"taxable","16":"shipping-taxable","17":"purchasable","18":"product-type-simple"},"acf":[],"_links":{"self":[{"href":"https:\/\/dingogear.si\/hr\/wp-json\/wp\/v2\/product\/15176","targetHints":{"allow":["GET"]}}],"collection":[{"href":"https:\/\/dingogear.si\/hr\/wp-json\/wp\/v2\/product"}],"about":[{"href":"https:\/\/dingogear.si\/hr\/wp-json\/wp\/v2\/types\/product"}],"replies":[{"embeddable":true,"href":"https:\/\/dingogear.si\/hr\/wp-json\/wp\/v2\/comments?post=15176"}],"wp:featuredmedia":[{"embeddable":true,"href":"https:\/\/dingogear.si\/hr\/wp-json\/wp\/v2\/media\/15178"}],"wp:attachment":[{"href":"https:\/\/dingogear.si\/hr\/wp-json\/wp\/v2\/media?parent=15176"}],"wp:term":[{"taxonomy":"product_brand","embeddable":true,"href":"https:\/\/dingogear.si\/hr\/wp-json\/wp\/v2\/product_brand?post=15176"},{"taxonomy":"product_cat","embeddable":true,"href":"https:\/\/dingogear.si\/hr\/wp-json\/wp\/v2\/product_cat?post=15176"},{"taxonomy":"product_tag","embeddable":true,"href":"https:\/\/dingogear.si\/hr\/wp-json\/wp\/v2\/product_tag?post=15176"}],"curies":[{"name":"wp","href":"https:\/\/api.w.org\/{rel}","templated":true}]}}