{"id":15180,"date":"2022-02-16T08:55:21","date_gmt":"2023-04-25T09:10:42","guid":{"rendered":"https:\/\/dingogear.si\/zastitna-pregaca-kodura-za-rad-sa-psima\/"},"modified":"2023-04-25T11:10:42","modified_gmt":"2023-04-25T09:10:42","slug":"zastitna-pregaca-kodura-za-rad-sa-psima","status":"publish","type":"product","link":"https:\/\/dingogear.si\/hr\/zastitna-pregaca-kodura-za-rad-sa-psima\/","title":{"rendered":"Za\u0161titna prega\u010da KODURA za rad sa psima"},"content":{"rendered":"<p>DINGOGEAR profesionalen lahek za\u0161\u010ditni predpasnik za delo s psi. Izuzetno izdr\u017eljiv.<\/p>\n<div>\n<p>DINGOGEAR profesionalna lagana sinteti\u010dka za\u0161titna prega\u010da. Izra\u0111ena od izdr\u017eljive CODURA tkanine koja je otporna na trenje i svjetlost i <span style=\"color: #333333;\">\u0161titi od grebanja pse\u0107im kand\u017eama. Izra\u0111en ru\u010dno s velikom pa\u017enjom za svaki detalj kako bi se osigurala trajnost i sigurnost kori\u0161tenja. Odjevni predmet je napravljen tako da nudi najbolju mogu\u0107u za\u0161titu i funkcionalnost. Idealno za brzu monta\u017eu i uklanjanje tijekom treninga pasa.<\/span><\/p>\n<\/div>\n<div>Zna\u010dajke prega\u010de:<\/div>\n<ul>\n<li>kori\u0161teni materijal &#8211; codura<\/li>\n<li>lagan, prozra\u010dan i vrlo otporan na mehani\u010dka o\u0161te\u0107enja<\/li>\n<li>dodatno pro\u0161iven po cijeloj povr\u0161ini produljuje trajnost materijala<\/li>\n<li>podesivi remen za vrat podstavljen ko\u017enom podlogom za ve\u0107u udobnost asistenta<\/li>\n<li>remen od polipropilenske trake s plasti\u010dnom kop\u010dom omogu\u0107uje savr\u0161eno pristajanje uz tijelo<\/li>\n<li>sve zavr\u0161ne obrade su dvostruko pro\u0161ivene za izdr\u017eljivost<\/li>\n<li>lako se \u010disti<\/li>\n<li>mo\u017ee se prati na 30 Celzijevih stupnjeva<\/li>\n<\/ul>\n<div>Svrha prega\u010de:<\/div>\n<ul>\n<li>trening obrane psa<\/li>\n<li>ring sportovi<\/li>\n<li>IGP vje\u017ebe<\/li>\n<li>njega \u017eivotinja<\/li>\n<\/ul>\n<div><\/div>\n<table width=\"328\">\n<tbody>\n<tr>\n<td width=\"72\"><span style=\"color: #333333;\"><span style=\"font-size: 14.4px;\">\u0160ifra<\/span><\/span><\/td>\n<td width=\"64\"><span style=\"color: #333333;\"><span style=\"font-size: 14.4px;\">Duljina<\/span><\/span><\/td>\n<td width=\"64\"><span style=\"color: #333333;\"><span style=\"font-size: 14.4px;\">\u0160irina<\/span><\/span><\/td>\n<td width=\"64\"><span style=\"color: #333333;\"><span style=\"font-size: 14.4px;\">Debljina<\/span><\/span><\/td>\n<td width=\"64\"><span style=\"color: #333333;\"><span style=\"font-size: 14.4px;\">Te\u017eina<\/span><\/span><\/td>\n<\/tr>\n<tr>\n<td width=\"72\"><span style=\"color: #333333;\"><span style=\"font-size: 14.4px;\">S01200<\/span><\/span><\/td>\n<td width=\"64\"><span style=\"color: #333333;\"><span style=\"font-size: 14.4px;\">109cm<\/span><\/span><\/td>\n<td width=\"64\"><span style=\"color: #333333;\"><span style=\"font-size: 14.4px;\">70cm<\/span><\/span><\/td>\n<td width=\"64\"><span style=\"color: #333333;\"><span style=\"font-size: 14.4px;\">0,2cm<\/span><\/span><\/td>\n<td width=\"64\"><span style=\"color: #333333;\"><span style=\"font-size: 14.4px;\">0,6kg<\/span><\/span><\/td>\n<\/tr>\n<\/tbody>\n<\/table>\n<div><\/div>\n<p><img decoding=\"async\" class=\"aligncenter wp-image-623 size-full\" src=\"https:\/\/dingogear.si\/wp-content\/uploads\/2017\/10\/predpasnik.jpg\" alt=\"\" width=\"707\" height=\"519\" title=\"\" srcset=\"https:\/\/dingogear.si\/wp-content\/uploads\/2017\/10\/predpasnik.jpg 707w, https:\/\/dingogear.si\/wp-content\/uploads\/2017\/10\/predpasnik-500x367.jpg 500w, https:\/\/dingogear.si\/wp-content\/uploads\/2017\/10\/predpasnik-700x514.jpg 700w, https:\/\/dingogear.si\/wp-content\/uploads\/2017\/10\/predpasnik-300x220.jpg 300w\" sizes=\"(max-width: 707px) 100vw, 707px\" \/><\/p>\n","protected":false},"excerpt":{"rendered":"<p>DINGOGEAR profesionalen lahek za\u0161\u010ditni predpasnik za delo s psi. Izuzetno izdr\u017eljiv.<\/p>\n<div>\n<p>DINGOGEAR profesionalna lagana sinteti\u010dka za\u0161titna prega\u010da. Izra\u0111ena od izdr\u017eljive CODURA tkanine koja je otporna na trenje i svjetlost i <span style=\"color: #333333;\">\u0161titi od grebanja pse\u0107im kand\u017eama. Izra\u0111en ru\u010dno s velikom pa\u017enjom za svaki detalj kako bi se osigurala trajnost i sigurnost kori\u0161tenja. Odjevni predmet je napravljen tako da nudi najbolju mogu\u0107u za\u0161titu i funkcionalnost. Idealno za brzu monta\u017eu i uklanjanje tijekom treninga pasa.<\/span><\/p>\n<\/div>\n<div>Zna\u010dajke prega\u010de:<\/div>\n<ul>\n<li>kori\u0161teni materijal &#8211; codura<\/li>\n<li>lagan, prozra\u010dan i vrlo otporan na mehani\u010dka o\u0161te\u0107enja<\/li>\n<li>dodatno pro\u0161iven po cijeloj povr\u0161ini produljuje trajnost materijala<\/li>\n<li>podesivi remen za vrat podstavljen ko\u017enom podlogom za ve\u0107u udobnost asistenta<\/li>\n<li>remen od polipropilenske trake s plasti\u010dnom kop\u010dom omogu\u0107uje savr\u0161eno pristajanje uz tijelo<\/li>\n<li>sve zavr\u0161ne obrade su dvostruko pro\u0161ivene za izdr\u017eljivost<\/li>\n<li>lako se \u010disti<\/li>\n<li>mo\u017ee se prati na 30 Celzijevih stupnjeva<\/li>\n<\/ul>\n<div>Svrha prega\u010de:<\/div>\n<ul>\n<li>trening obrane psa<\/li>\n<li>ring sportovi<\/li>\n<li>IGP vje\u017ebe<\/li>\n<li>njega \u017eivotinja<\/li>\n<\/ul>\n<div><\/div>\n<table width=\"328\">\n<tbody>\n<tr>\n<td width=\"72\"><span style=\"color: #333333;\"><span style=\"font-size: 14.4px;\">\u0160ifra<\/span><\/span><\/td>\n<td width=\"64\"><span style=\"color: #333333;\"><span style=\"font-size: 14.4px;\">Duljina<\/span><\/span><\/td>\n<td width=\"64\"><span style=\"color: #333333;\"><span style=\"font-size: 14.4px;\">\u0160irina<\/span><\/span><\/td>\n<td width=\"64\"><span style=\"color: #333333;\"><span style=\"font-size: 14.4px;\">Debljina<\/span><\/span><\/td>\n<td width=\"64\"><span style=\"color: #333333;\"><span style=\"font-size: 14.4px;\">Te\u017eina<\/span><\/span><\/td>\n<\/tr>\n<tr>\n<td width=\"72\"><span style=\"color: #333333;\"><span style=\"font-size: 14.4px;\">S01200<\/span><\/span><\/td>\n<td width=\"64\"><span style=\"color: #333333;\"><span style=\"font-size: 14.4px;\">109cm<\/span><\/span><\/td>\n<td width=\"64\"><span style=\"color: #333333;\"><span style=\"font-size: 14.4px;\">70cm<\/span><\/span><\/td>\n<td width=\"64\"><span style=\"color: #333333;\"><span style=\"font-size: 14.4px;\">0,2cm<\/span><\/span><\/td>\n<td width=\"64\"><span style=\"color: #333333;\"><span style=\"font-size: 14.4px;\">0,6kg<\/span><\/span><\/td>\n<\/tr>\n<\/tbody>\n<\/table>\n","protected":false},"featured_media":12194,"comment_status":"open","ping_status":"closed","template":"","meta":{"_acf_changed":false},"product_brand":[2948],"product_cat":[781,795,797],"product_tag":[1240,1234,767],"class_list":{"0":"post-15180","1":"product","2":"type-product","3":"status-publish","4":"has-post-thumbnail","6":"product_brand-dingo-gear","7":"product_cat-oprema-za-markirante","8":"product_cat-pregace","9":"product_cat-scitnici","10":"product_tag-obrana","11":"product_tag-scitnici","12":"product_tag-zastita-noge","13":"pa_barva-zascitne-obleke-crna-hr","14":"pa_material-zascitnih-oblacil-kodura-hr","16":"first","17":"instock","18":"taxable","19":"shipping-taxable","20":"purchasable","21":"product-type-simple"},"acf":[],"_links":{"self":[{"href":"https:\/\/dingogear.si\/hr\/wp-json\/wp\/v2\/product\/15180","targetHints":{"allow":["GET"]}}],"collection":[{"href":"https:\/\/dingogear.si\/hr\/wp-json\/wp\/v2\/product"}],"about":[{"href":"https:\/\/dingogear.si\/hr\/wp-json\/wp\/v2\/types\/product"}],"replies":[{"embeddable":true,"href":"https:\/\/dingogear.si\/hr\/wp-json\/wp\/v2\/comments?post=15180"}],"wp:featuredmedia":[{"embeddable":true,"href":"https:\/\/dingogear.si\/hr\/wp-json\/wp\/v2\/media\/12194"}],"wp:attachment":[{"href":"https:\/\/dingogear.si\/hr\/wp-json\/wp\/v2\/media?parent=15180"}],"wp:term":[{"taxonomy":"product_brand","embeddable":true,"href":"https:\/\/dingogear.si\/hr\/wp-json\/wp\/v2\/product_brand?post=15180"},{"taxonomy":"product_cat","embeddable":true,"href":"https:\/\/dingogear.si\/hr\/wp-json\/wp\/v2\/product_cat?post=15180"},{"taxonomy":"product_tag","embeddable":true,"href":"https:\/\/dingogear.si\/hr\/wp-json\/wp\/v2\/product_tag?post=15180"}],"curies":[{"name":"wp","href":"https:\/\/api.w.org\/{rel}","templated":true}]}}