{"id":15181,"date":"2022-11-02T12:31:50","date_gmt":"2022-11-02T11:31:50","guid":{"rendered":"https:\/\/dingogear.si\/prsluk-za-trening-prsluk-s-kapuljacom-army-zelena\/"},"modified":"2023-04-25T11:34:23","modified_gmt":"2023-04-25T09:34:23","slug":"prsluk-za-trening-prsluk-skapuljacom-army-zelena","status":"publish","type":"product","link":"https:\/\/dingogear.si\/hr\/prsluk-za-trening-prsluk-skapuljacom-army-zelena\/","title":{"rendered":"Prsluk za trening &#8211; prsluk s kapulja\u010dom &#8211; army zelena"},"content":{"rendered":"<table width=\"581\">\n<tbody>\n<tr>\n<td width=\"197\">Veli\u010dina<\/td>\n<td width=\"64\">S<\/td>\n<td width=\"64\">M<\/td>\n<td width=\"64\">L<\/td>\n<td width=\"64\">XL<\/td>\n<td width=\"64\">XXL<\/td>\n<td width=\"64\">XXXL<\/td>\n<\/tr>\n<tr>\n<td>\u0160ifra proizvoda<\/td>\n<td>S01512<\/td>\n<td>S01513<\/td>\n<td>S01514<\/td>\n<td>S01515<\/td>\n<td>S01516<\/td>\n<td>S01517<\/td>\n<\/tr>\n<tr>\n<td>Du\u017eina (cm)<\/td>\n<td>74cm<\/td>\n<td>76cm<\/td>\n<td>78cm<\/td>\n<td>80cm<\/td>\n<td>82cm<\/td>\n<td>84cm<\/td>\n<\/tr>\n<tr>\n<td>Prsni obseg (cm)<\/td>\n<td>108cm<\/td>\n<td>116cm<\/td>\n<td>124cm<\/td>\n<td>132cm<\/td>\n<td>142cm<\/td>\n<td>154cm<\/td>\n<\/tr>\n<tr>\n<td>Donji opseg prsluka &#8211; bokovi (cm)<\/td>\n<td>110cm<\/td>\n<td>118cm<\/td>\n<td>126cm<\/td>\n<td>134cm<\/td>\n<td>144cm<\/td>\n<td>156cm<\/td>\n<\/tr>\n<tr>\n<td>Debljina<\/td>\n<td>0,3cm<\/td>\n<td>0,3cm<\/td>\n<td>0,3cm<\/td>\n<td>0,3cm<\/td>\n<td>0,3cm<\/td>\n<td>0,3cm<\/td>\n<\/tr>\n<tr>\n<td>Te\u017eina<\/td>\n<td>985g<\/td>\n<td>987g<\/td>\n<td>989g<\/td>\n<td>1000g<\/td>\n<td>1002g<\/td>\n<td>1004g<\/td>\n<\/tr>\n<\/tbody>\n<\/table>\n","protected":false},"excerpt":{"rendered":"<p>Univerzalni prsluk s kapulja\u010dom za psa vodi\u010da izra\u0111en od lagane, trajne tkanine rip-stop, kombinacije jakog i izdr\u017eljivog poliestera. Podstavljen, za hladnije vrijeme, namijenjen hobistima i profesionalcima koji se bave dresurom pasa. Lagani prsluk izra\u0111en od jakog materijala s mno\u0161tvom funkcionalnih d\u017eepova sprijeda i straga.<\/p>\n<p>Posebne zna\u010dajke:<\/p>\n<ul>\n<li>ergonomski model<\/li>\n<li>pogodan za sva godi\u0161nja doba<\/li>\n<li>poliesterski materijal (OXFORD &#8211; tekstil zadovoljava zahtjeve EU REACH direktive)<\/li>\n<li>tkanina otporna na abraziju i istezanje<\/li>\n<li>s tankom kapulja\u010dom u\u0161ivenom u ovratnik<\/li>\n<li>patentni zatvara\u010di YKK<\/li>\n<li>veliki d\u017eep za odlaganje opreme poput dohvata, igra\u010daka, kobasica u donjem dijelu le\u0111a<\/li>\n<li>ima podesivu vezicu u struku za stabilizaciju prsluka tijekom intenzivnog kretanja<\/li>\n<li>unutarnji d\u017eepovi su vodootporni i omogu\u0107uju pohranu dokumenata ili telefona<\/li>\n<li>u\u0161iveni reflektori za ve\u0107u vidljivost korisnika<\/li>\n<li>velika \u010di\u010dak povr\u0161ina za bilo kakvu personalizaciju jakne<\/li>\n<li>posebna brava \/ ru\u010dka s \u010di\u010dkom omogu\u0107uju vam brzo pu\u0161tanje nagrade za psa<\/li>\n<li>mali d\u017eep iznad amblema Dingo Gear na prsima ima prostor za <a href=\"https:\/\/dingogear.si\/magnetni-nosilec-za-telovnik\/\">magnet<\/a>na koji mo\u017eete pri\u010dvrstiti magnetski dodatak i omogu\u0107iti brzo pu\u0161tanje nagrade<\/li>\n<li>na stra\u017enjoj strani izme\u0111u o\u0161trica u\u0161iven je mali d\u017eep pogodan za <a href=\"https:\/\/dingogear.si\/magnetni-nosilec-za-telovnik\/\">magnet<\/a>na koji mo\u017eete pri\u010dvrstiti magnetske ure\u0111aje<\/li>\n<li>6 velikih, prakti\u010dnih d\u017eepova, pogodnih za sav pribor za \u0161etnju \/ \u0161kolovanje pasa<\/li>\n<li>Dostupno u veli\u010dinama: S, M, L, XL, XXL, XXXL<\/li>\n<\/ul>\n<table width=\"581\">\n<tbody>\n<tr>\n<td width=\"197\">Veli\u010dina<\/td>\n<td width=\"64\">S<\/td>\n<td width=\"64\">M<\/td>\n<td width=\"64\">L<\/td>\n<td width=\"64\">XL<\/td>\n<td width=\"64\">XXL<\/td>\n<td width=\"64\">XXXL<\/td>\n<\/tr>\n<tr>\n<td>\u0160ifra proizvoda<\/td>\n<td>S01512<\/td>\n<td>S01513<\/td>\n<td>S01514<\/td>\n<td>S01515<\/td>\n<td>S01516<\/td>\n<td>S01517<\/td>\n<\/tr>\n<tr>\n<td>Dol\u017eina (cm)<\/td>\n<td>74cm<\/td>\n<td>76cm<\/td>\n<td>78cm<\/td>\n<td>80cm<\/td>\n<td>82cm<\/td>\n<td>84cm<\/td>\n<\/tr>\n<tr>\n<td>Prsni obseg (cm)<\/td>\n<td>108cm<\/td>\n<td>116cm<\/td>\n<td>124cm<\/td>\n<td>132cm<\/td>\n<td>142cm<\/td>\n<td>154cm<\/td>\n<\/tr>\n<tr>\n<td>Donji opseg prsluka &#8211; bokovi (cm)<\/td>\n<td>110cm<\/td>\n<td>118cm<\/td>\n<td>126cm<\/td>\n<td>134cm<\/td>\n<td>144cm<\/td>\n<td>156cm<\/td>\n<\/tr>\n<tr>\n<td>Debljina<\/td>\n<td>0,3cm<\/td>\n<td>0,3cm<\/td>\n<td>0,3cm<\/td>\n<td>0,3cm<\/td>\n<td>0,3cm<\/td>\n<td>0,3cm<\/td>\n<\/tr>\n<tr>\n<td>Te\u017eina<\/td>\n<td>985g<\/td>\n<td>987g<\/td>\n<td>989g<\/td>\n<td>1000g<\/td>\n<td>1002g<\/td>\n<td>1004g<\/td>\n<\/tr>\n<\/tbody>\n<\/table>\n<p>&nbsp;<\/p>\n","protected":false},"featured_media":13502,"comment_status":"open","ping_status":"closed","template":"","meta":{"_acf_changed":false},"product_brand":[2948],"product_cat":[1740,817,1836,825,823],"product_tag":[763],"class_list":{"0":"post-15181","1":"product","2":"type-product","3":"status-publish","4":"has-post-thumbnail","6":"product_brand-dingo-gear","7":"product_cat-odjela-za-vodica","8":"product_cat-oprema-za-vodica","9":"product_cat-prsluki-za-trening","10":"product_cat-trening-traganja","11":"product_cat-trening-vodljivosti","12":"product_tag-dodatki-za-trening","14":"first","15":"instock","16":"featured","17":"taxable","18":"shipping-taxable","19":"purchasable","20":"product-type-variable"},"acf":[],"_links":{"self":[{"href":"https:\/\/dingogear.si\/hr\/wp-json\/wp\/v2\/product\/15181","targetHints":{"allow":["GET"]}}],"collection":[{"href":"https:\/\/dingogear.si\/hr\/wp-json\/wp\/v2\/product"}],"about":[{"href":"https:\/\/dingogear.si\/hr\/wp-json\/wp\/v2\/types\/product"}],"replies":[{"embeddable":true,"href":"https:\/\/dingogear.si\/hr\/wp-json\/wp\/v2\/comments?post=15181"}],"wp:featuredmedia":[{"embeddable":true,"href":"https:\/\/dingogear.si\/hr\/wp-json\/wp\/v2\/media\/13502"}],"wp:attachment":[{"href":"https:\/\/dingogear.si\/hr\/wp-json\/wp\/v2\/media?parent=15181"}],"wp:term":[{"taxonomy":"product_brand","embeddable":true,"href":"https:\/\/dingogear.si\/hr\/wp-json\/wp\/v2\/product_brand?post=15181"},{"taxonomy":"product_cat","embeddable":true,"href":"https:\/\/dingogear.si\/hr\/wp-json\/wp\/v2\/product_cat?post=15181"},{"taxonomy":"product_tag","embeddable":true,"href":"https:\/\/dingogear.si\/hr\/wp-json\/wp\/v2\/product_tag?post=15181"}],"curies":[{"name":"wp","href":"https:\/\/api.w.org\/{rel}","templated":true}]}}