{"id":15191,"date":"2022-07-13T11:50:53","date_gmt":"2022-07-13T09:50:53","guid":{"rendered":"https:\/\/dingogear.si\/idealeash-flextender-adapter-protiv-povlacenja-na-uzici-medium\/"},"modified":"2023-04-25T13:30:05","modified_gmt":"2023-04-25T11:30:05","slug":"idealeash-flextender-adapter-protiv-povlacenja-na-uzici-medium","status":"publish","type":"product","link":"https:\/\/dingogear.si\/hr\/idealeash-flextender-adapter-protiv-povlacenja-na-uzici-medium\/","title":{"rendered":"IdeaLeash Flextender adapter protiv povla\u010denja na uzici MEDIUM"},"content":{"rendered":"<div>Adapter za povodnik protiv povla\u010denja povodca<\/div>\n<div>Adapter za povodac Idealeash Flextender jedini je dodatak 2-u-1 koji vam je potreban: nevjerojatan nastavak za povodac koji rje\u0161ava problem povla\u010denja i \u017evakanja povodca, te univerzalni adapter za sigurnosni pojas za siguran prijevoz va\u0161eg psa.<\/div>\n<div><\/div>\n<div>\n<div>Dimenzije: fi 8mm x 40cm<\/div>\n<div><\/div>\n<div><strong>Ostale dostupne veli\u010dine:<\/strong><\/div>\n<div><\/div>\n<div><a href=\"https:\/\/dingogear.si\/idealeash-flextender-adapter-proti-vlecenju-na-povodcu-mini\/\">za pse do 10 kg\/22 lbs \u2013 Flextender MINI<\/a><br \/>\n<a href=\"https:\/\/dingogear.si\/idealeash-flextender-adapter-proti-vlecenju-na-povodcu-maxi\/\">za pse izme\u0111u 20-60 kg\/44-122 lbs \u2013 Flextender MAXI<\/a><\/div>\n<\/div>\n<div><\/div>\n<div>Osmislili su ga stru\u010dnjaci i znanstvenici kao pomo\u0107 pri vje\u017ebanju hodanja na opu\u0161tenom povodniku. Istovremeno, zahvaljuju\u0107i posebnom patentu sa spiralno rastezljivom navlakom, sprje\u010dava gri\u017eenje donjeg dijela povodca.<\/div>\n<div>\n<div><\/div>\n<\/div>\n","protected":false},"excerpt":{"rendered":"<div>Adapter za povodnik protiv povla\u010denja povodca &#8211; sigurnosni pojas za pse<\/div>\n<div>Adapter za povodac Idealeash Flextender jedini je dodatak 2-u-1 koji vam je potreban: nevjerojatan nastavak za povodac koji rje\u0161ava problem povla\u010denja i \u017evakanja povodca, te univerzalni adapter za sigurnosni pojas za siguran prijevoz va\u0161eg psa.<\/div>\n<div><\/div>\n<div>\n<div>Dimenzije: fi 8mm x 40cm<\/div>\n<div><\/div>\n<div><strong>Ostale dostupne veli\u010dine:<\/strong><\/div>\n<div><\/div>\n<div>\n<div><a href=\"https:\/\/dingogear.si\/idealeash-flextender-adapter-proti-vlecenju-na-povodcu-mini\/\">za pse do 10 kg\/22 lbs \u2013 Flextender MINI<\/a><br \/>\n<a href=\"https:\/\/dingogear.si\/idealeash-flextender-adapter-proti-vlecenju-na-povodcu-maxi\/\">za pse izme\u0111u 20-60 kg\/44-122 lbs \u2013 Flextender MAXI<\/a><\/div>\n<\/div>\n<\/div>\n<div><\/div>\n<div>Osmislili su ga stru\u010dnjaci i znanstvenici kao pomo\u0107 pri vje\u017ebanju hodanja na opu\u0161tenom povodniku. Istovremeno, zahvaljuju\u0107i posebnom patentu sa spiralno rastezljivom navlakom, sprje\u010dava gri\u017eenje donjeg dijela povodca.<\/div>\n<div>\n<div><\/div>\n<\/div>\n","protected":false},"featured_media":13128,"comment_status":"open","ping_status":"closed","template":"","meta":{"_acf_changed":false},"product_brand":[2958],"product_cat":[805,2682,2681,803,2683,823],"product_tag":[2688,2695,2694,2693],"class_list":{"0":"post-15191","1":"product","2":"type-product","3":"status-publish","4":"has-post-thumbnail","6":"product_brand-idealeash","7":"product_cat-povodnici","8":"product_cat-flextender-protiv-grizenja-uzice","9":"product_cat-idealeash-povodnici","10":"product_cat-oprema-za-psa","11":"product_cat-trekking-protiv-potezanja-i-grizanja-uzice","12":"product_cat-trening-vodljivosti","13":"product_tag-idealeash-hr","14":"product_tag-protiv-grizenja-uzice","15":"product_tag-protiv-potezanja","16":"product_tag-sigurnosni-pojas-za-auto","17":"pa_dolzina-povodca-40cm-hr","18":"pa_mere-povodca-fi-8mm-x-40cm-hr","19":"pa_posebnost-povodca-absorbira-brze-kretnje-potege-pasa","20":"pa_posebnost-povodca-adapter-za-postojeci-povodnik","21":"pa_posebnost-povodca-otklanja-poremecaj-grizenja-uzice","22":"pa_posebnost-povodca-sigurnosni-pojas-za-psa","24":"first","25":"outofstock","26":"taxable","27":"shipping-taxable","28":"purchasable","29":"product-type-simple"},"acf":[],"_links":{"self":[{"href":"https:\/\/dingogear.si\/hr\/wp-json\/wp\/v2\/product\/15191","targetHints":{"allow":["GET"]}}],"collection":[{"href":"https:\/\/dingogear.si\/hr\/wp-json\/wp\/v2\/product"}],"about":[{"href":"https:\/\/dingogear.si\/hr\/wp-json\/wp\/v2\/types\/product"}],"replies":[{"embeddable":true,"href":"https:\/\/dingogear.si\/hr\/wp-json\/wp\/v2\/comments?post=15191"}],"wp:featuredmedia":[{"embeddable":true,"href":"https:\/\/dingogear.si\/hr\/wp-json\/wp\/v2\/media\/13128"}],"wp:attachment":[{"href":"https:\/\/dingogear.si\/hr\/wp-json\/wp\/v2\/media?parent=15191"}],"wp:term":[{"taxonomy":"product_brand","embeddable":true,"href":"https:\/\/dingogear.si\/hr\/wp-json\/wp\/v2\/product_brand?post=15191"},{"taxonomy":"product_cat","embeddable":true,"href":"https:\/\/dingogear.si\/hr\/wp-json\/wp\/v2\/product_cat?post=15191"},{"taxonomy":"product_tag","embeddable":true,"href":"https:\/\/dingogear.si\/hr\/wp-json\/wp\/v2\/product_tag?post=15191"}],"curies":[{"name":"wp","href":"https:\/\/api.w.org\/{rel}","templated":true}]}}