{"id":15192,"date":"2022-06-09T19:41:09","date_gmt":"2023-04-25T11:35:12","guid":{"rendered":"https:\/\/dingogear.si\/lezaljka-za-psa-pomoc-u-obuci\/"},"modified":"2023-04-25T13:35:12","modified_gmt":"2023-04-25T11:35:12","slug":"lezaljka-za-psa-pomoc-u-obuci","status":"publish","type":"product","link":"https:\/\/dingogear.si\/hr\/lezaljka-za-psa-pomoc-u-obuci\/","title":{"rendered":"Le\u017ealjka za psa &#8211; pomo\u0107 u obuci"},"content":{"rendered":"","protected":false},"excerpt":{"rendered":"<div>Le\u017ealjka za psa, pasji krevet.<\/div>\n<div>Podi\u017ee va\u0161eg psa s mokre, blatnjave trave kako bi bio \u010dist i rashla\u0111en, posebno za ki\u0161nih ili vru\u0107ih dana.<\/div>\n<div><\/div>\n<div>Prednosti:<\/div>\n<div>&#8211; Izdr\u017eljiva tkanina omogu\u0107uje prolaz zraka tako da va\u0161 pas mo\u017ee u\u017eivati \u200b\u200bu hladnom povjetarcu ljeti<\/div>\n<div>&#8211; Poliesterska tkanina oblo\u017eena vinilom i prozra\u010dna, stoga otporna na plijesan, buhe, grinje i krpelje<\/div>\n<div>&#8211; Mo\u017ee ubla\u017eiti stres\/bol u zglobovima va\u0161eg ljubimca<\/div>\n<div>&#8211; Jednostavno \u010di\u0161\u0107enje<\/div>\n<div>&#8211; Jednostavno sastavljanje i rastavljanje za transport, bez alata za nekoliko minuta.<\/div>\n","protected":false},"featured_media":12641,"comment_status":"open","ping_status":"closed","template":"","meta":{"_acf_changed":false},"product_brand":[2951],"product_cat":[2685,803,783,819,2686],"product_tag":[2689],"class_list":{"0":"post-15192","1":"product","2":"type-product","3":"status-publish","4":"has-post-thumbnail","6":"product_brand-topmast","7":"product_cat-kreveti-za-pse","8":"product_cat-oprema-za-psa","9":"product_cat-oprema-za-trening-poligon","10":"product_cat-pomagala-za-trening","11":"product_cat-transport-hr","12":"product_tag-lezaljka","14":"first","15":"instock","16":"taxable","17":"shipping-taxable","18":"purchasable","19":"product-type-variable"},"acf":[],"_links":{"self":[{"href":"https:\/\/dingogear.si\/hr\/wp-json\/wp\/v2\/product\/15192","targetHints":{"allow":["GET"]}}],"collection":[{"href":"https:\/\/dingogear.si\/hr\/wp-json\/wp\/v2\/product"}],"about":[{"href":"https:\/\/dingogear.si\/hr\/wp-json\/wp\/v2\/types\/product"}],"replies":[{"embeddable":true,"href":"https:\/\/dingogear.si\/hr\/wp-json\/wp\/v2\/comments?post=15192"}],"wp:featuredmedia":[{"embeddable":true,"href":"https:\/\/dingogear.si\/hr\/wp-json\/wp\/v2\/media\/12641"}],"wp:attachment":[{"href":"https:\/\/dingogear.si\/hr\/wp-json\/wp\/v2\/media?parent=15192"}],"wp:term":[{"taxonomy":"product_brand","embeddable":true,"href":"https:\/\/dingogear.si\/hr\/wp-json\/wp\/v2\/product_brand?post=15192"},{"taxonomy":"product_cat","embeddable":true,"href":"https:\/\/dingogear.si\/hr\/wp-json\/wp\/v2\/product_cat?post=15192"},{"taxonomy":"product_tag","embeddable":true,"href":"https:\/\/dingogear.si\/hr\/wp-json\/wp\/v2\/product_tag?post=15192"}],"curies":[{"name":"wp","href":"https:\/\/api.w.org\/{rel}","templated":true}]}}