{"id":15371,"date":"2023-05-17T13:25:21","date_gmt":"2023-05-17T11:25:22","guid":{"rendered":"https:\/\/dingogear.si\/?post_type=product&#038;p=15371"},"modified":"2023-05-18T13:41:04","modified_gmt":"2023-05-18T11:41:04","slug":"jastuk-za-zvakanje-puppy-sa-3-rucke-15x10cm","status":"publish","type":"product","link":"https:\/\/dingogear.si\/hr\/jastuk-za-zvakanje-puppy-sa-3-rucke-15x10cm\/","title":{"rendered":"Jastuk za \u017evakanje PUPPY sa 3 ru\u010dke 15x10cm"},"content":{"rendered":"<p><img decoding=\"async\" class=\"aligncenter size-full wp-image-1288\" src=\"https:\/\/dingogear.si\/wp-content\/uploads\/2017\/11\/blazina_MINI-SOFT_vel.jpg\" alt=\"\" width=\"972\" height=\"635\" title=\"\" srcset=\"https:\/\/dingogear.si\/wp-content\/uploads\/2017\/11\/blazina_MINI-SOFT_vel.jpg 972w, https:\/\/dingogear.si\/wp-content\/uploads\/2017\/11\/blazina_MINI-SOFT_vel-500x327.jpg 500w, https:\/\/dingogear.si\/wp-content\/uploads\/2017\/11\/blazina_MINI-SOFT_vel-700x457.jpg 700w, https:\/\/dingogear.si\/wp-content\/uploads\/2017\/11\/blazina_MINI-SOFT_vel-300x196.jpg 300w, https:\/\/dingogear.si\/wp-content\/uploads\/2017\/11\/blazina_MINI-SOFT_vel-768x502.jpg 768w, https:\/\/dingogear.si\/wp-content\/uploads\/2017\/11\/blazina_MINI-SOFT_vel-360x235.jpg 360w\" sizes=\"(max-width: 972px) 100vw, 972px\" \/><\/p>\n","protected":false},"excerpt":{"rendered":"<p>Jastuk za \u017evakanje PUPPY je profesionalna <span style=\"font-size: 14.4px;\">igra\u010dka sa 3 ru\u010dke i veli\u010dinom od 15<\/span><span style=\"color: #333333; font-size: 14.4px;\">x10 cm.<\/span><span style=\"font-size: 14.4px;\">. Profesionalna igra\u010dka za obuku pasa.<\/span><\/p>\n<p>Jastuk se \u0161iri prema sredi\u0161njoj ru\u010dki u obliku trokuta.<\/p>\n<p>Posebne zna\u010dajke:<\/p>\n<ul>\n<li>za obuku mladih pasa i \u0161tenaca<\/li>\n<li>odgovaraju\u0107a tvrdo\u0107a i te\u017eina<\/li>\n<li>profilirana odgovaraju\u0107a tvrdo\u0107a materiala<\/li>\n<li>izra\u0111ena od visokokvalitetnog materijala presvu\u010dena mekom krznenom umjetnom ov\u010djom ko\u017eom<\/li>\n<li>bez metala i plastike, \u0161to osigurava potpunu sigurnost<\/li>\n<li>materijal je nje\u017ean za desni<\/li>\n<li>3 ru\u010dke za ugodno i stabilno dr\u017eanje za kontroliranu igru \u200b\u200bsa psom<\/li>\n<\/ul>\n<p>Parametri:<\/p>\n<ul>\n<li>te\u017eina 0,12kg<\/li>\n<li><span data-text-color=\"alert\"><strong>boja se ne mo\u017ee odabrati<\/strong><\/span><\/li>\n<\/ul>\n<p>Svrha igra\u010dke je osposobiti psa za ispravan ugriz i stisak te pobolj\u0161ati ugriz do savr\u0161enstva! Zajam\u010dena sigurnost psa i pomaga\u010da!<\/p>\n","protected":false},"featured_media":15373,"comment_status":"open","ping_status":"closed","template":"","meta":{"_acf_changed":false},"product_brand":[2949],"product_cat":[809,2524,803,817,821],"product_tag":[747,2141,1240,1469,1858],"class_list":{"0":"post-15371","1":"product","2":"type-product","3":"status-publish","4":"has-post-thumbnail","6":"product_brand-raddog","7":"product_cat-igra-uz-trening","8":"product_cat-jastuci","9":"product_cat-oprema-za-psa","10":"product_cat-oprema-za-vodica","11":"product_cat-trening-obrane","12":"product_tag-igra-hr","13":"product_tag-jastuk-za-zvakanje","14":"product_tag-obrana","15":"product_tag-priprema-na-rukav","16":"product_tag-trening-mladih-pasa","17":"pa_material-zvecila-french-ring-nylcot-hr","18":"pa_namen-rokava-zvecila-aporta-trening-mladih-pasa","20":"first","21":"instock","22":"taxable","23":"shipping-taxable","24":"purchasable","25":"product-type-simple"},"acf":[],"_links":{"self":[{"href":"https:\/\/dingogear.si\/hr\/wp-json\/wp\/v2\/product\/15371","targetHints":{"allow":["GET"]}}],"collection":[{"href":"https:\/\/dingogear.si\/hr\/wp-json\/wp\/v2\/product"}],"about":[{"href":"https:\/\/dingogear.si\/hr\/wp-json\/wp\/v2\/types\/product"}],"replies":[{"embeddable":true,"href":"https:\/\/dingogear.si\/hr\/wp-json\/wp\/v2\/comments?post=15371"}],"wp:featuredmedia":[{"embeddable":true,"href":"https:\/\/dingogear.si\/hr\/wp-json\/wp\/v2\/media\/15373"}],"wp:attachment":[{"href":"https:\/\/dingogear.si\/hr\/wp-json\/wp\/v2\/media?parent=15371"}],"wp:term":[{"taxonomy":"product_brand","embeddable":true,"href":"https:\/\/dingogear.si\/hr\/wp-json\/wp\/v2\/product_brand?post=15371"},{"taxonomy":"product_cat","embeddable":true,"href":"https:\/\/dingogear.si\/hr\/wp-json\/wp\/v2\/product_cat?post=15371"},{"taxonomy":"product_tag","embeddable":true,"href":"https:\/\/dingogear.si\/hr\/wp-json\/wp\/v2\/product_tag?post=15371"}],"curies":[{"name":"wp","href":"https:\/\/api.w.org\/{rel}","templated":true}]}}