{"id":15625,"date":"2023-06-19T13:16:12","date_gmt":"2023-06-19T11:16:12","guid":{"rendered":"https:\/\/dingogear.si\/?post_type=product&#038;p=15625"},"modified":"2023-09-09T10:59:15","modified_gmt":"2023-09-09T08:59:15","slug":"jastuk-za-zvakanje-klin-vegas-sa-drzalom-18x20x13cm","status":"publish","type":"product","link":"https:\/\/dingogear.si\/hr\/jastuk-za-zvakanje-klin-vegas-sa-drzalom-18x20x13cm\/","title":{"rendered":"Jastuk za \u017evakanje KLIN VEGAS sa dr\u017ealom 18x20x13cm"},"content":{"rendered":"","protected":false},"excerpt":{"rendered":"<p>Jastuk za \u017evakanje KLIN VEGAS<span style=\"font-size: 14.4px;\">. Profesionalna igra\u010dka za dresuru pasa izra\u0111ena od materijala koji je mje\u0161avina poliamidnih vlakana.<\/span><\/p>\n<p>Jastuk se \u0161iri u obliku trokuta prema okomitoj ru\u010dki.<\/p>\n<p>Posebne zna\u010dajke:<\/p>\n<ul>\n<li>za dresuru mladih i odraslih pasa<\/li>\n<li>odgovaraju\u0107a tvrdo\u0107a i te\u017eina<\/li>\n<li>profilirana odgovaraju\u0107a tvrdo\u0107a materiala<\/li>\n<li>izra\u0111en od visokokvalitetnog materijala<\/li>\n<li>PAD materijal je tkanina koja je mje\u0161avina poliamidnih vlakana<\/li>\n<li>materijal grizne povr\u0161ine nje\u017ean je za desni<\/li>\n<li>1 plasti\u010dna udobna GRIP ru\u010dka za udobno i stabilno dr\u017eanje pomo\u0107nika za kontroliranu igru \u200b\u200bsa psom<\/li>\n<\/ul>\n<p>Parametri:<\/p>\n<ul>\n<li>te\u017eina 0,7kg<\/li>\n<li>mere 18x20x13cm<\/li>\n<li><span data-text-color=\"alert\"><strong>nije mogu\u0107e birati boju, dostupna je samo u bijeloj boji<\/strong><\/span><\/li>\n<\/ul>\n<p>Svrha igra\u010dke je osposobiti psa za ispravan ugriz i stisak te pobolj\u0161ati ugriz do savr\u0161enstva! Zajam\u010dena sigurnost psa i pomaga\u010da!<\/p>\n","protected":false},"featured_media":15627,"comment_status":"open","ping_status":"closed","template":"","meta":{"_acf_changed":false},"product_brand":[2949],"product_cat":[809,2524,803,817,821],"product_tag":[747,2141,1240,1469,1858],"class_list":{"0":"post-15625","1":"product","2":"type-product","3":"status-publish","4":"has-post-thumbnail","6":"product_brand-raddog","7":"product_cat-igra-uz-trening","8":"product_cat-jastuci","9":"product_cat-oprema-za-psa","10":"product_cat-oprema-za-vodica","11":"product_cat-trening-obrane","12":"product_tag-igra-hr","13":"product_tag-jastuk-za-zvakanje","14":"product_tag-obrana","15":"product_tag-priprema-na-rukav","16":"product_tag-trening-mladih-pasa","17":"pa_namen-rokava-zvecila-aporta-trening-mladih-pasa","18":"pa_namen-rokava-zvecila-aporta-trening-odraslih-pasa","20":"first","21":"instock","22":"taxable","23":"shipping-taxable","24":"purchasable","25":"product-type-simple"},"acf":[],"_links":{"self":[{"href":"https:\/\/dingogear.si\/hr\/wp-json\/wp\/v2\/product\/15625","targetHints":{"allow":["GET"]}}],"collection":[{"href":"https:\/\/dingogear.si\/hr\/wp-json\/wp\/v2\/product"}],"about":[{"href":"https:\/\/dingogear.si\/hr\/wp-json\/wp\/v2\/types\/product"}],"replies":[{"embeddable":true,"href":"https:\/\/dingogear.si\/hr\/wp-json\/wp\/v2\/comments?post=15625"}],"wp:featuredmedia":[{"embeddable":true,"href":"https:\/\/dingogear.si\/hr\/wp-json\/wp\/v2\/media\/15627"}],"wp:attachment":[{"href":"https:\/\/dingogear.si\/hr\/wp-json\/wp\/v2\/media?parent=15625"}],"wp:term":[{"taxonomy":"product_brand","embeddable":true,"href":"https:\/\/dingogear.si\/hr\/wp-json\/wp\/v2\/product_brand?post=15625"},{"taxonomy":"product_cat","embeddable":true,"href":"https:\/\/dingogear.si\/hr\/wp-json\/wp\/v2\/product_cat?post=15625"},{"taxonomy":"product_tag","embeddable":true,"href":"https:\/\/dingogear.si\/hr\/wp-json\/wp\/v2\/product_tag?post=15625"}],"curies":[{"name":"wp","href":"https:\/\/api.w.org\/{rel}","templated":true}]}}