{"id":16153,"date":"2023-10-26T14:34:24","date_gmt":"2023-10-26T12:34:25","guid":{"rendered":"https:\/\/dingogear.si\/?post_type=product&#038;p=16153"},"modified":"2024-12-18T11:12:11","modified_gmt":"2024-12-18T10:12:11","slug":"gumena-lopta-s-uzetom-starmark-swing-n-fling-chew","status":"publish","type":"product","link":"https:\/\/dingogear.si\/hr\/gumena-lopta-s-uzetom-starmark-swing-n-fling-chew\/","title":{"rendered":"Gumena lopta s u\u017eetom Starmark Swing &#8216;n Fling Chew"},"content":{"rendered":"<h4>GLAVNE ZNA\u010cAJKE PROIZVODA:<\/h4>\n<ul>\n<li>pogodan za <strong>igru dono\u0161enje, \u017evakanje ili igru \u200b\u200bu vodi<\/strong><\/li>\n<li>izvrstna za <strong>higijenu zuba \u0161teneta<\/strong><\/li>\n<li><strong>izdr\u017eljiv i mekan materijal<\/strong>, prijatan za zube<\/li>\n<li>poseban oblik omogu\u0107uje <strong>dugo bacanje<\/strong> lopte u igri dona\u0161anja<\/li>\n<li><strong>pluta na vodi<\/strong><\/li>\n<li><strong>dostupna u dvije veli\u010dine<\/strong><\/li>\n<\/ul>\n<p>Starmark Swing &#8216;n Fling Durafoam Fetch Ball izvrstan je dodatak za zadovoljavanje \u017eelje va\u0161eg psa za igrom i lovom.<\/p>\n<p>Lopta je prikladna za sve dlakave prijatelje koji se vole igrati dovla\u010denja ili potezanja, koji vole gristi i \u017evakati svoje loptice te za one koji najvi\u0161e u\u017eivaju u igrama s vodom. Povrh toga, napravljen je od nevjerojatno mekanog materijala koji je nje\u017ean prema pse\u0107im zubima, ali je u isto vrijeme izdr\u017eljiv i dugotrajan.<\/p>\n","protected":false},"excerpt":{"rendered":"<p>Starmark Swing &#8216;n Fling Durafoam Fetch Ball izvrstan je dodatak za zadovoljavanje \u017eelje va\u0161eg psa za igrom i lovom. Lopta je prikladna za sve dlakave prijatelje koji se vole igrati dovla\u010denja ili potezanja, koji vole gristi i \u017evakati svoje loptice te za one koji najvi\u0161e u\u017eivaju u igrama s vodom. Povrh toga, napravljen je od nevjerojatno mekanog materijala koji je nje\u017ean prema pse\u0107im zubima, ali je u isto vrijeme izdr\u017eljiv i dugotrajan.<\/p>\n<ul>\n<li>pogodna za <strong>igru dono\u0161enje, \u017evakanje ili igru \u200b\u200bu vodi<\/strong><\/li>\n<li>izvrstna za <strong>higijenu zuba \u0161teneta<\/strong><\/li>\n<li><strong>izdr\u017eljiv i mekan materijal<\/strong>, prijatan za zube<\/li>\n<li>poseban oblik omogu\u0107uje <strong>dugo bacanje<\/strong> lopte u igri dona\u0161anja<\/li>\n<li><strong>pluta na vodi<\/strong><\/li>\n<li><strong>dostupna u dvije veli\u010dine<\/strong><\/li>\n<\/ul>\n<p>SAVJET: Lopte su namijenjene za zabavu i trening uz pomo\u0107 vodi\u010da, ne ostavljajte loptu i psa bez nadzora, jer to za psa ne zna\u010di igru \u200b\u200bi u\u010denje.<br \/>\nLopta nije namijenjena igri vu\u010denja (&#8221;tug of war&#8221;).<\/p>\n","protected":false},"featured_media":16163,"comment_status":"closed","ping_status":"closed","template":"","meta":{"_acf_changed":false},"product_brand":[2952],"product_cat":[809,1831,803,819,823],"product_tag":[747,1860],"class_list":{"0":"post-16153","1":"product","2":"type-product","3":"status-publish","4":"has-post-thumbnail","6":"product_brand-starmark","7":"product_cat-igra-uz-trening","8":"product_cat-loptice","9":"product_cat-oprema-za-psa","10":"product_cat-pomagala-za-trening","11":"product_cat-trening-vodljivosti","12":"product_tag-igra-hr","13":"product_tag-trening-hr","14":"pa_oblika-velikost-zoge-okrugla-promjer-89-cm","15":"pa_oblika-velikost-zoge-okrugla-promjer-64-cm","17":"first","18":"instock","19":"taxable","20":"shipping-taxable","21":"purchasable","22":"product-type-variable"},"acf":[],"_links":{"self":[{"href":"https:\/\/dingogear.si\/hr\/wp-json\/wp\/v2\/product\/16153","targetHints":{"allow":["GET"]}}],"collection":[{"href":"https:\/\/dingogear.si\/hr\/wp-json\/wp\/v2\/product"}],"about":[{"href":"https:\/\/dingogear.si\/hr\/wp-json\/wp\/v2\/types\/product"}],"replies":[{"embeddable":true,"href":"https:\/\/dingogear.si\/hr\/wp-json\/wp\/v2\/comments?post=16153"}],"wp:featuredmedia":[{"embeddable":true,"href":"https:\/\/dingogear.si\/hr\/wp-json\/wp\/v2\/media\/16163"}],"wp:attachment":[{"href":"https:\/\/dingogear.si\/hr\/wp-json\/wp\/v2\/media?parent=16153"}],"wp:term":[{"taxonomy":"product_brand","embeddable":true,"href":"https:\/\/dingogear.si\/hr\/wp-json\/wp\/v2\/product_brand?post=16153"},{"taxonomy":"product_cat","embeddable":true,"href":"https:\/\/dingogear.si\/hr\/wp-json\/wp\/v2\/product_cat?post=16153"},{"taxonomy":"product_tag","embeddable":true,"href":"https:\/\/dingogear.si\/hr\/wp-json\/wp\/v2\/product_tag?post=16153"}],"curies":[{"name":"wp","href":"https:\/\/api.w.org\/{rel}","templated":true}]}}