{"id":16845,"date":"2024-02-01T09:52:40","date_gmt":"2024-09-23T16:22:42","guid":{"rendered":"https:\/\/dingogear.si\/?post_type=product&#038;p=16845"},"modified":"2024-09-23T18:22:42","modified_gmt":"2024-09-23T16:22:42","slug":"prekrivac-za-auto-alu-mreza-kopija","status":"publish","type":"product","link":"https:\/\/dingogear.si\/hr\/prekrivac-za-auto-alu-mreza-kopija\/","title":{"rendered":"Pokriva\u010d za boks &#8211; aluminijska mre\u017ea 2x2m"},"content":{"rendered":"<p>Pokriva\u010d za bokse &#8211; aluminijska mre\u017ea za pokrivanje boksa ili odr\u017eavanje temperature u automobilu.<\/p>\n<div>Pametna mre\u017ea za sjen\u010denje.<\/div>\n<div><\/div>\n<div>&#8211; odbija 80% sun\u010deve svjetlosti<\/div>\n<div>&#8211; pru\u017ea ugodnu hladno\u0107u<\/div>\n<div>&#8211; vrlo lagana<\/div>\n<div>&#8211; za pri\u010dvr\u0161\u0107ivanje mre\u017ee &#8211; potreban vam je gumeni ekspander!<\/div>\n<div>&#8211; dimenzija 2&#215;2 m<\/div>\n<div><\/div>\n<div>Zahvaljuju\u0107i svojoj strukturi i premazu, aluminijska mre\u017ea mo\u017ee odbiti 80% sun\u010deve svjetlosti. To \u0161titi unutra\u0161njost va\u0161eg automobila, kamp prikolice, paviljona ili \u010dak terase od sunca, \u010dine\u0107i je ugodnijom od izravne sun\u010deve svjetlosti.<\/div>\n<div>Stoga je aluminijska mre\u017ea idealna za\u0161tita od sunca za vas, a posebno za va\u0161e \u010detverono\u017ene prijatelje.<\/div>\n<div><\/div>\n<div>Posebno za vlasnike pasa koji putuju automobilom, to je mobilno natkriveno parkirali\u0161te koje se, s te\u017einom manjom od 1 kg, lako mo\u017ee ponijeti bilo gdje.<\/div>\n<div><\/div>\n<div>Na uglovima mre\u017ee nalaze se u\u0161ice za pri\u010dvr\u0161\u0107ivanje, tako da mre\u017eu mo\u017eete dobro pri\u010dvrstiti \u010dak i u vjetrovitim uvjetima.<\/div>\n","protected":false},"excerpt":{"rendered":"<p>Pokriva\u010d za bokse &#8211; aluminijska mre\u017ea za pokrivanje boksa ili odr\u017eavanje temperature u automobilu.<\/p>\n<div>Pametna mre\u017ea za sjen\u010denje.<\/div>\n<div><\/div>\n<div>&#8211; odbija 80% sun\u010deve svjetlosti<\/div>\n<div>&#8211; pru\u017ea ugodnu hladno\u0107u<\/div>\n<div>&#8211; vrlo lagana<\/div>\n<div>&#8211; za pri\u010dvr\u0161\u0107ivanje mre\u017ee &#8211; potreban vam je gumeni ekspander!<\/div>\n<div>&#8211; dimenzija 2&#215;2 m<\/div>\n","protected":false},"featured_media":16852,"comment_status":"open","ping_status":"closed","template":"","meta":{"_acf_changed":false},"product_brand":[2951],"product_cat":[2530,783,2494,819,2686,2687],"product_tag":[],"class_list":{"0":"post-16845","1":"product","2":"type-product","3":"status-publish","4":"has-post-thumbnail","6":"product_brand-topmast","7":"product_cat-dodatci-za-auto","8":"product_cat-oprema-za-trening-poligon","9":"product_cat-pokrivalo-za-avto-sencenje-hlad-hr","10":"product_cat-pomagala-za-trening","11":"product_cat-transport-hr","12":"product_cat-transportni-alu-boksovi","14":"first","15":"onbackorder","16":"taxable","17":"shipping-taxable","18":"purchasable","19":"product-type-simple"},"acf":[],"_links":{"self":[{"href":"https:\/\/dingogear.si\/hr\/wp-json\/wp\/v2\/product\/16845","targetHints":{"allow":["GET"]}}],"collection":[{"href":"https:\/\/dingogear.si\/hr\/wp-json\/wp\/v2\/product"}],"about":[{"href":"https:\/\/dingogear.si\/hr\/wp-json\/wp\/v2\/types\/product"}],"replies":[{"embeddable":true,"href":"https:\/\/dingogear.si\/hr\/wp-json\/wp\/v2\/comments?post=16845"}],"wp:featuredmedia":[{"embeddable":true,"href":"https:\/\/dingogear.si\/hr\/wp-json\/wp\/v2\/media\/16852"}],"wp:attachment":[{"href":"https:\/\/dingogear.si\/hr\/wp-json\/wp\/v2\/media?parent=16845"}],"wp:term":[{"taxonomy":"product_brand","embeddable":true,"href":"https:\/\/dingogear.si\/hr\/wp-json\/wp\/v2\/product_brand?post=16845"},{"taxonomy":"product_cat","embeddable":true,"href":"https:\/\/dingogear.si\/hr\/wp-json\/wp\/v2\/product_cat?post=16845"},{"taxonomy":"product_tag","embeddable":true,"href":"https:\/\/dingogear.si\/hr\/wp-json\/wp\/v2\/product_tag?post=16845"}],"curies":[{"name":"wp","href":"https:\/\/api.w.org\/{rel}","templated":true}]}}