{"id":16889,"date":"2024-02-07T14:22:36","date_gmt":"2024-02-07T13:22:36","guid":{"rendered":"https:\/\/dingogear.si\/?post_type=product&#038;p=16889"},"modified":"2026-01-22T17:42:11","modified_gmt":"2026-01-22T16:42:11","slug":"zastitna-navlaka-za-rukav-tvrda-juta-pro","status":"publish","type":"product","link":"https:\/\/dingogear.si\/hr\/zastitna-navlaka-za-rukav-tvrda-juta-pro\/","title":{"rendered":"Za\u0161titna navlaka za rukav &#8211; TVRDA JUTA &#8211; PRO"},"content":{"rendered":"<p>Ru\u010dni rad stru\u010dnjaka za profesionalce! Zna\u010dajke:<\/p>\n<ul>\n<li>Juta, zahvaljuju\u0107i svojim svojstvima, omogu\u0107uje psu duboko zarivanje zuba bez opasnosti od ozljeda<\/li>\n<li>prava meko\u0107a i te\u017eina<\/li>\n<li>bez metalnih i plasti\u010dnih elemenata, \u0161to osigurava potpunu sigurnost<\/li>\n<li>iznutra je navlaka podstavljena poliesterskom podstavom \u0161to je \u010dini vrlo jednostavnom za kori\u0161tenje<\/li>\n<li>\u0161irok i mekani gumom oja\u010dani tra\u010dni rukohvat pru\u017ea pouzdano i udobno dr\u017eanje cijelog rukava kada se navlaka stavi na rukav<\/li>\n<li>petlje za pri\u010dvr\u0161\u0107ivanje na rukav<\/li>\n<\/ul>\n","protected":false},"excerpt":{"rendered":"<p>Za\u0161titna navlaka od tvrde jute &#8211; grubo i \u010dvrsto izvezena <strong>za profesionalnu natjecateljsku upotrebu<\/strong> . Prikladno za kori\u0161tenje samo sa sljede\u0107im podru\u010djima:<\/p>\n<ul>\n<li><a href=\"https:\/\/dingogear.si\/zascitni-igp-rokav-profi-soft\/\">S00507 &#8211; Univerzalni ko\u017eni za\u0161titni rukav SOFT<\/a><\/li>\n<li><a href=\"https:\/\/dingogear.si\/zascitni-igp-rokav-profi-wide\/?attribute_pa_levi-ali-desni-rokav=leva-roka\">S00505 &#8211; Za\u0161titna IGP navlaka PROFI WIDE lijeva ruka<\/a><\/li>\n<li><a href=\"https:\/\/dingogear.si\/zascitni-igp-rokav-profi-wide\/?attribute_pa_levi-ali-desni-rokav=desna-roka\">S00506 &#8211; Za\u0161titna IGP navlaka PROFI WIDE desna ruka<\/a><\/li>\n<li><a href=\"https:\/\/dingogear.si\/zascitni-igp-rokav-profi\/?attribute_pa_levi-ali-desni-rokav=leva-roka&amp;attribute_pa_trdota-podrokava=mehek\">S00502 Za\u0161titna IGP navlaka PROFI lijeva ruka &#8211; SOFT<\/a><\/li>\n<li><a href=\"https:\/\/dingogear.si\/zascitni-igp-rokav-profi\/?attribute_pa_levi-ali-desni-rokav=leva-roka&amp;attribute_pa_trdota-podrokava=trd\">S00501 Za\u0161titna IGP navlaka PROFI lijeva ruka &#8211; TVRDA<\/a><\/li>\n<li><a href=\"https:\/\/dingogear.si\/zascitni-igp-rokav-profi\/?attribute_pa_levi-ali-desni-rokav=desna-roka&amp;attribute_pa_trdota-podrokava=mehek\">S00504 Za\u0161titna IGP navlaka PROFI desna ruka &#8211; SOFT<\/a><\/li>\n<li><a href=\"https:\/\/dingogear.si\/zascitni-igp-rokav-profi\/?attribute_pa_levi-ali-desni-rokav=desna-roka&amp;attribute_pa_trdota-podrokava=trd\">S00503 Za\u0161titna IGP navlaka PROFI desna &#8211; HARD<\/a><\/li>\n<li><a href=\"https:\/\/dingogear.si\/zascitni-igp-rokav-rocky\/?attribute_pa_levi-ali-desni-rokav=leva-roka\">S00508 Za\u0161titna IGP navlaka ROCKY lijeva ruka<\/a><\/li>\n<li><a href=\"https:\/\/dingogear.si\/zascitni-igp-rokav-rocky\/?attribute_pa_levi-ali-desni-rokav=desna-roka\">S00509 Za\u0161titna IGP navlaka ROCKY desna ruka<\/a><\/li>\n<\/ul>\n<p>Testirano i odobreno od strane profesionalnih trenera. Pouzdana kvaliteta i izvrsnost izvedbe omogu\u0107uju 100% zadovoljstvo korisnika. Parametri: te\u017eina &#8211; 1,2 kg, duljina 60 cm, \u0161irina 30,5 cm, debljina 7 cm<\/p>\n","protected":false},"featured_media":16895,"comment_status":"open","ping_status":"closed","template":"","meta":{"_acf_changed":false},"product_brand":[2948],"product_cat":[781,817,821,1829,787],"product_tag":[775,1240],"class_list":{"0":"post-16889","1":"product","2":"type-product","3":"status-publish","4":"has-post-thumbnail","6":"product_brand-dingo-gear","7":"product_cat-oprema-za-markirante","8":"product_cat-oprema-za-vodica","9":"product_cat-trening-obrane","10":"product_cat-zastitne-navlake","11":"product_cat-zastitni-rukavi-i-navlake","12":"product_tag-navlake-za-rukav","13":"product_tag-obrana","14":"pa_material-prevleke-tvrda-juta","15":"pa_namen-rokava-zvecila-aporta-trening-odraslih-pasa","17":"first","18":"instock","19":"featured","20":"taxable","21":"shipping-taxable","22":"purchasable","23":"product-type-simple"},"acf":[],"_links":{"self":[{"href":"https:\/\/dingogear.si\/hr\/wp-json\/wp\/v2\/product\/16889","targetHints":{"allow":["GET"]}}],"collection":[{"href":"https:\/\/dingogear.si\/hr\/wp-json\/wp\/v2\/product"}],"about":[{"href":"https:\/\/dingogear.si\/hr\/wp-json\/wp\/v2\/types\/product"}],"replies":[{"embeddable":true,"href":"https:\/\/dingogear.si\/hr\/wp-json\/wp\/v2\/comments?post=16889"}],"wp:featuredmedia":[{"embeddable":true,"href":"https:\/\/dingogear.si\/hr\/wp-json\/wp\/v2\/media\/16895"}],"wp:attachment":[{"href":"https:\/\/dingogear.si\/hr\/wp-json\/wp\/v2\/media?parent=16889"}],"wp:term":[{"taxonomy":"product_brand","embeddable":true,"href":"https:\/\/dingogear.si\/hr\/wp-json\/wp\/v2\/product_brand?post=16889"},{"taxonomy":"product_cat","embeddable":true,"href":"https:\/\/dingogear.si\/hr\/wp-json\/wp\/v2\/product_cat?post=16889"},{"taxonomy":"product_tag","embeddable":true,"href":"https:\/\/dingogear.si\/hr\/wp-json\/wp\/v2\/product_tag?post=16889"}],"curies":[{"name":"wp","href":"https:\/\/api.w.org\/{rel}","templated":true}]}}