{"id":16932,"date":"2024-02-20T16:44:12","date_gmt":"2024-09-23T16:22:36","guid":{"rendered":"https:\/\/dingogear.si\/?post_type=product&#038;p=16932"},"modified":"2024-09-23T18:22:37","modified_gmt":"2024-09-23T16:22:37","slug":"set-predmeta-za-ipo-traganje-7-kom-u-kompletu-kopija","status":"publish","type":"product","link":"https:\/\/dingogear.si\/hr\/set-predmeta-za-ipo-traganje-7-kom-u-kompletu-kopija\/","title":{"rendered":"Drveni predmet za trag s preklopom"},"content":{"rendered":"<p>Drveni predmet za trag s rotiraju\u0107im preklopom za skrivanje mirisa. Dimenzije: Du\u017eina: 10 cm \u0160irina: 5 cm Visina uklju\u010duju\u0107i preklop: 2,5 cm Predmet slu\u017ei za obuku psa u IGP traganju.  &nbsp;<\/p>\n","protected":false},"excerpt":{"rendered":"<p>Drveni predmet za trag s rotiraju\u0107im preklopom za skrivanje mirisa. Dimenzije: Du\u017eina: 10 cm \u0160irina: 5 cm Visina uklju\u010duju\u0107i preklop: 2,5 cm Predmet slu\u017ei za obuku psa u IGP traganju. <\/p>\n","protected":false},"featured_media":16934,"comment_status":"open","ping_status":"closed","template":"","meta":{"_acf_changed":false},"product_brand":[2954],"product_cat":[783,817,819,825],"product_tag":[2779,761],"class_list":{"0":"post-16932","1":"product","2":"type-product","3":"status-publish","4":"has-post-thumbnail","6":"product_brand-sporthund","7":"product_cat-oprema-za-trening-poligon","8":"product_cat-oprema-za-vodica","9":"product_cat-pomagala-za-trening","10":"product_cat-trening-traganja","11":"product_tag-predmeti-za-trag","12":"product_tag-traganje","14":"first","15":"instock","16":"taxable","17":"shipping-taxable","18":"purchasable","19":"product-type-simple"},"acf":[],"_links":{"self":[{"href":"https:\/\/dingogear.si\/hr\/wp-json\/wp\/v2\/product\/16932","targetHints":{"allow":["GET"]}}],"collection":[{"href":"https:\/\/dingogear.si\/hr\/wp-json\/wp\/v2\/product"}],"about":[{"href":"https:\/\/dingogear.si\/hr\/wp-json\/wp\/v2\/types\/product"}],"replies":[{"embeddable":true,"href":"https:\/\/dingogear.si\/hr\/wp-json\/wp\/v2\/comments?post=16932"}],"wp:featuredmedia":[{"embeddable":true,"href":"https:\/\/dingogear.si\/hr\/wp-json\/wp\/v2\/media\/16934"}],"wp:attachment":[{"href":"https:\/\/dingogear.si\/hr\/wp-json\/wp\/v2\/media?parent=16932"}],"wp:term":[{"taxonomy":"product_brand","embeddable":true,"href":"https:\/\/dingogear.si\/hr\/wp-json\/wp\/v2\/product_brand?post=16932"},{"taxonomy":"product_cat","embeddable":true,"href":"https:\/\/dingogear.si\/hr\/wp-json\/wp\/v2\/product_cat?post=16932"},{"taxonomy":"product_tag","embeddable":true,"href":"https:\/\/dingogear.si\/hr\/wp-json\/wp\/v2\/product_tag?post=16932"}],"curies":[{"name":"wp","href":"https:\/\/api.w.org\/{rel}","templated":true}]}}