{"id":17047,"date":"2024-01-31T10:09:39","date_gmt":"2024-01-31T09:09:39","guid":{"rendered":"https:\/\/dingogear.si\/pawsport-iata-transportna-kutija-antracit\/"},"modified":"2024-03-13T08:30:40","modified_gmt":"2024-03-13T07:30:40","slug":"pawsport-iata-transportna-kutija-antracit","status":"publish","type":"product","link":"https:\/\/dingogear.si\/hr\/pawsport-iata-transportna-kutija-antracit\/","title":{"rendered":"PawSport IATA transportna kutija antracit"},"content":{"rendered":"<div>\n<p>PawSport IATA transportna kutija<span style=\"color: #555555; font-size: 14.4px;\">  pogodan je za putovanje avionom jer zadovoljava propisane standarde. Za vas i va\u0161eg ljubimca vi\u0161e nema ograni\u010denja!<\/span><\/p>\n<ul>\n<li>U skladu s IATA zrakoplovnim propisima<\/li>\n<li>Izuzetno tvrda plasti\u010dna i metalna vrata<\/li>\n<li>Posebne brave sa bravom i posudama za vodu i hranu<\/li>\n<li>Opremljen s \u010detiri okretna kota\u010da za jednostavno pomicanje.<\/li>\n<\/ul>\n<p>Automobilom, autobusom, vlakom ili avionom. Putovanje u stranu zemlju \u010desto zna biti vrlo stresno, kako za vlasnike tako i za njihove \u010detverono\u017ene prijatelje. Prikladna kutija rje\u0161ava ove probleme!<\/p>\n<p>Transportni sanduk ima propisane <strong>dimenzije za zra\u010dni promet<\/strong> . Me\u0111unarodno udru\u017eenje zra\u010dnog prometa <strong>(IATA)<\/strong> okuplja sve europske i veliku ve\u0107inu neeuropskih zra\u010dnih prijevoznika. Usvojili su univerzalna pravila koja vrijede za sve zrakoplovne tvrtke. Izme\u0111u ostalog, i pravilnik o dimenzijama transportnih boksova u kojima se mogu prevoziti ku\u0107ni ljubimci. Transporteri su dizajnirani prema ovim pravilima i s njima ne\u0107ete imati problema u zra\u010dnoj luci.<\/p>\n<p><strong>Za\u0161to odabrati IATA prijevoznika:<\/strong><\/p>\n<ul>\n<li><strong>Prikladno za putovanja zrakoplovom:<\/strong> svi nosa\u010di su <strong>dimenzija koje propisuje Me\u0111unarodno udru\u017eenje zra\u010dnih prijevoznika (IATA)<\/strong> i prihva\u0107aju ih sve europske zrakoplovne tvrtke.<\/li>\n<li><strong>Otvori za ventilaciju:<\/strong> tako da va\u0161 krzneni prijatelj uvijek ima <strong>izda\u0161nu koli\u010dinu zraka<\/strong> , \u0161to putovanje \u010dini ugodnijim.<\/li>\n<li><strong>Sigurnosna brava:<\/strong> za <strong>sigurnost<\/strong> ljubimca, \u010dak i kada niste u blizini.<\/li>\n<\/ul>\n<p><strong>Dimenzije:<\/strong><\/p>\n<ul>\n<li>Veli\u010dina M &#8211; \u0161irina 51 x dubina 71 x visina 48 cm<\/li>\n<li>Veli\u010dina L &#8211; \u0161irina 56 x dubina 80 x visina 59,5 cm<\/li>\n<li>Veli\u010dina XL &#8211; \u0161irina 60 x dubina 92 \u200b\u200bx visina 69 cm<\/li>\n<li>Veli\u010dina XXL &#8211; \u0161irina 67 x dubina 101 x visina 75 cm<\/li>\n<\/ul>\n<p><strong>Kako odabrati pravu veli\u010dinu sanduka za svog psa?<\/strong><br \/>\nBoks uvijek treba biti ve\u0107i od psa. U idealnom boksu pas ima dovoljno prostora da se mo\u017ee normalno okrenuti, stajati u njemu i udobno le\u017eati.<br \/>\nIzmjerite psa od nju\u0161ke do repa i od poda do vrha glave, dodajte nekoliko centimetara i dobit \u0107ete idealnu veli\u010dinu boksa!<\/p>\n<\/div>\n<div><\/div>\n<div><span data-text-color=\"alert\">Napomena: Izmjerite to\u010dno koliko prostora imate u prtlja\u017eniku i koje dimenzije kutije mo\u017eete staviti u svoj automobil. Ne prihva\u0107amo povrat ve\u0107 montiranih kutija jer prilikom rastavljanja ostaju tragovi kori\u0161tenja.<\/span><\/div>\n","protected":false},"excerpt":{"rendered":"<p>PawSport IATA transportna kutija<span style=\"color: #555555; font-size: 14.4px;\">  pogodan je za putovanje avionom jer zadovoljava propisane standarde. Za vas i va\u0161eg ljubimca vi\u0161e nema ograni\u010denja!<\/span><\/p>\n<ul>\n<li>U skladu s IATA zrakoplovnim propisima<\/li>\n<li>Izuzetno tvrda plasti\u010dna i metalna vrata<\/li>\n<li>Posebne brave sa bravom i posudama za vodu i hranu<\/li>\n<li>uklju\u010deni kota\u010di za lak\u0161e manevriranje s kutijom<\/li>\n<\/ul>\n<p><span data-text-color=\"alert\">Napomena: Izmjerite to\u010dno koliko prostora imate u prtlja\u017eniku i koje dimenzije kutije mo\u017eete staviti u svoj automobil. Ne prihva\u0107amo povrat ve\u0107 montiranih kutija jer prilikom rastavljanja ostaju tragovi kori\u0161tenja.<\/span><\/p>\n","protected":false},"featured_media":16832,"comment_status":"open","ping_status":"closed","template":"","meta":{"_acf_changed":false},"product_brand":[2951],"product_cat":[2687,2530,2686],"product_tag":[],"class_list":{"0":"post-17047","1":"product","2":"type-product","3":"status-publish","4":"has-post-thumbnail","6":"product_brand-topmast","7":"product_cat-transportni-alu-boksovi","8":"product_cat-dodatci-za-auto","9":"product_cat-transport-hr","10":"pa_mere-transportnega-boksa-l-56cm-x-80cm-x-595cm-hr","11":"pa_mere-transportnega-boksa-m-51cm-x-71cm-x-48cm-hr","12":"pa_mere-transportnega-boksa-xl-60cm-x-92cm-x-69cm-hr","13":"pa_mere-transportnega-boksa-xxl-67cm-x-101cm-x-75cm-hr","14":"pa_mere-transportnega-boksa-za-1-psa-hr","16":"first","17":"outofstock","18":"taxable","19":"shipping-taxable","20":"purchasable","21":"product-type-variable"},"acf":[],"_links":{"self":[{"href":"https:\/\/dingogear.si\/hr\/wp-json\/wp\/v2\/product\/17047","targetHints":{"allow":["GET"]}}],"collection":[{"href":"https:\/\/dingogear.si\/hr\/wp-json\/wp\/v2\/product"}],"about":[{"href":"https:\/\/dingogear.si\/hr\/wp-json\/wp\/v2\/types\/product"}],"replies":[{"embeddable":true,"href":"https:\/\/dingogear.si\/hr\/wp-json\/wp\/v2\/comments?post=17047"}],"wp:featuredmedia":[{"embeddable":true,"href":"https:\/\/dingogear.si\/hr\/wp-json\/wp\/v2\/media\/16832"}],"wp:attachment":[{"href":"https:\/\/dingogear.si\/hr\/wp-json\/wp\/v2\/media?parent=17047"}],"wp:term":[{"taxonomy":"product_brand","embeddable":true,"href":"https:\/\/dingogear.si\/hr\/wp-json\/wp\/v2\/product_brand?post=17047"},{"taxonomy":"product_cat","embeddable":true,"href":"https:\/\/dingogear.si\/hr\/wp-json\/wp\/v2\/product_cat?post=17047"},{"taxonomy":"product_tag","embeddable":true,"href":"https:\/\/dingogear.si\/hr\/wp-json\/wp\/v2\/product_tag?post=17047"}],"curies":[{"name":"wp","href":"https:\/\/api.w.org\/{rel}","templated":true}]}}