{"id":17214,"date":"2024-04-23T13:32:56","date_gmt":"2024-04-23T11:32:56","guid":{"rendered":"https:\/\/dingogear.si\/?post_type=product&#038;p=17214"},"modified":"2024-12-18T15:58:24","modified_gmt":"2024-12-18T14:58:24","slug":"ogrlica-drago-kopija","status":"publish","type":"product","link":"https:\/\/dingogear.si\/hr\/ogrlica-drago-kopija\/","title":{"rendered":"Ko\u017ena ogrlica s ru\u010dkom DRAGO"},"content":{"rendered":"<p>Zna\u010dajke ogrlice:<\/p>\n<ul>\n<li>Prava gove\u0111a ko\u017ea<\/li>\n<li>Glavni pojas podstavljen je vrlo mekim jastu\u010di\u0107em du\u017e cijelog unutarnjeg dijela ogrlice.<\/li>\n<li>Vrlo izdr\u017eljivi kromirani karabineri &#8211; kop\u010da i polukrug<\/li>\n<li>Polo\u017eaj polukru\u017ene kop\u010de na stra\u017enjoj strani ogrlice omogu\u0107uje brzo pri\u010dvr\u0161\u0107ivanje povodca ili u\u017eeta i dr\u017eanje psa<\/li>\n<li>Svaki od karabinera (\u0161tipaljki) je izoliran ko\u017enom podstavom, koja sprje\u010dava kontakt metala sa psom<\/li>\n<li>Dvostruko podebljani \u0161avovi za vrlo udobno dr\u017eanje ru\u010dke od prirodne ko\u017ee<\/li>\n<li>Najve\u0107a prednost ove ogrlice je \u0161to jastu\u010di\u0107 koji se nalazi po obodu vrata smanjuje neugodne u\u010dinke naglih pokreta tijekom obrane.<\/li>\n<li>Parametri: du\u017eina 40-48cm \/ 48-56cm \/ 56-64cm, \u0161irina 5cm, debljina 1.0cm<\/li>\n<li>Te\u017eina: 0,2kg<\/li>\n<\/ul>\n<p>Namjena ogrlice:<\/p>\n<ul>\n<li>trening pasa<\/li>\n<li>obrambena obuka<\/li>\n<\/ul>\n","protected":false},"excerpt":{"rendered":"<p>DRAGO je ko\u017ena ogrlica koja je zahvaljuju\u0107i ru\u010dki savr\u0161ena za profesionalnu obuku, u\u010denje obrane i vo\u0111enja velikog psa. Preporu\u010da se za njema\u010dkog ov\u010dara, belgijskog ili drugog sna\u017enog psa. Mo\u017ee slu\u017eiti kao obi\u010dna ogrlica, ali i kao podlinja\u010da. Glavni remen ogrlice podstavljen je po obodu s vrlo mekim jastukom, koji smanjuje neugodne u\u010dinke iznenadnih udaraca tijekom u\u010denja obrane. Ogrlica ima vrlo izdr\u017eljive kromirane okove: kop\u010du i polukrug. Polo\u017eaj polukruga omogu\u0107uje pri\u010dvr\u0161\u0107ivanje uzice ili u\u017eeta i istovremeno dr\u017eanje psa. Svaki priklju\u010dak je izoliran ko\u017enim flasterom koji sprje\u010dava kontakt metala s krznom psa. Dvostruko pro\u0161ivena, mekana i vrlo udobna ru\u010dka od prirodne ko\u017ee olak\u0161ava vo\u0111enje psa. Ogrlica je izra\u0111ena ru\u010dno s velikom pa\u017enjom na svaki detalj kako bi se osigurala sigurnost psa i njegova voditelja. Ne zaboravi! <strong>Kako ogrlica ne bi izgubila svojstva nakon \u0161etnje, posebno kada se smo\u010di, obri\u0161ite ga \u010distom, vla\u017enom krpom i ostavite da se osu\u0161i. Nakon su\u0161enja, ogrlica treba osvje\u017eiti sredstvom za njegu ko\u017ee. Zahvaljuju\u0107i takvim radnjama, ogrlica \u0107e dugo zasjati u svoj svojoj ljepoti. <\/strong><\/p>\n","protected":false},"featured_media":17236,"comment_status":"open","ping_status":"closed","template":"","meta":{"_acf_changed":false},"product_brand":[2948],"product_cat":[815,803,817,823],"product_tag":[1240,753],"class_list":{"0":"post-17214","1":"product","2":"type-product","3":"status-publish","4":"has-post-thumbnail","6":"product_brand-dingo-gear","7":"product_cat-ogrlice","8":"product_cat-oprema-za-psa","9":"product_cat-oprema-za-vodica","10":"product_cat-trening-vodljivosti","11":"product_tag-obrana","12":"product_tag-ogrlice-i-davilice","13":"pa_barva-izdelka-crvena","14":"pa_barva-izdelka-narandzasta","15":"pa_barva-izdelka-pink-hr","16":"pa_barva-izdelka-plava","17":"pa_barva-izdelka-smeda","18":"pa_barva-ovratnice-crvena","19":"pa_barva-ovratnice-narancasta","20":"pa_barva-ovratnice-pink-hr","21":"pa_barva-ovratnice-plava","22":"pa_barva-ovratnice-smeda","23":"pa_material-ovratnice-koza","24":"pa_material-ovratnice-koza-s-mekom-oblogom","25":"pa_posebnost-ovratnice-ogrlica-s-ruckom","26":"pa_velikost-ovratnice-40-48cm-hr","27":"pa_velikost-ovratnice-48-56cm-hr","28":"pa_velikost-ovratnice-56-64cm-hr","30":"first","31":"instock","32":"featured","33":"taxable","34":"shipping-taxable","35":"purchasable","36":"product-type-variable"},"acf":[],"_links":{"self":[{"href":"https:\/\/dingogear.si\/hr\/wp-json\/wp\/v2\/product\/17214","targetHints":{"allow":["GET"]}}],"collection":[{"href":"https:\/\/dingogear.si\/hr\/wp-json\/wp\/v2\/product"}],"about":[{"href":"https:\/\/dingogear.si\/hr\/wp-json\/wp\/v2\/types\/product"}],"replies":[{"embeddable":true,"href":"https:\/\/dingogear.si\/hr\/wp-json\/wp\/v2\/comments?post=17214"}],"wp:featuredmedia":[{"embeddable":true,"href":"https:\/\/dingogear.si\/hr\/wp-json\/wp\/v2\/media\/17236"}],"wp:attachment":[{"href":"https:\/\/dingogear.si\/hr\/wp-json\/wp\/v2\/media?parent=17214"}],"wp:term":[{"taxonomy":"product_brand","embeddable":true,"href":"https:\/\/dingogear.si\/hr\/wp-json\/wp\/v2\/product_brand?post=17214"},{"taxonomy":"product_cat","embeddable":true,"href":"https:\/\/dingogear.si\/hr\/wp-json\/wp\/v2\/product_cat?post=17214"},{"taxonomy":"product_tag","embeddable":true,"href":"https:\/\/dingogear.si\/hr\/wp-json\/wp\/v2\/product_tag?post=17214"}],"curies":[{"name":"wp","href":"https:\/\/api.w.org\/{rel}","templated":true}]}}