{"id":17388,"date":"2024-05-29T10:45:54","date_gmt":"2024-09-23T16:23:50","guid":{"rendered":"https:\/\/dingogear.si\/?post_type=product&#038;p=17388"},"modified":"2024-09-23T20:50:30","modified_gmt":"2024-09-23T18:50:30","slug":"aport-berta-odin-od-ring-materiala-kopija","status":"publish","type":"product","link":"https:\/\/dingogear.si\/hr\/aport-berta-odin-od-ring-materiala-kopija\/","title":{"rendered":"Aport TUBA od RING materijala"},"content":{"rendered":"<p><a href=\"https:\/\/dingogear.si\/wp-content\/uploads\/2024\/05\/jacek-szarpak-nylcot-tuba_725-04-2024-1024x732.jpg\"><img decoding=\"async\" class=\"alignleft wp-image-17393 \" src=\"https:\/\/dingogear.si\/wp-content\/uploads\/2024\/05\/jacek-szarpak-nylcot-tuba_725-04-2024-1024x732.jpg\" alt=\"\" width=\"589\" height=\"421\" title=\"\" srcset=\"https:\/\/dingogear.si\/wp-content\/uploads\/2024\/05\/jacek-szarpak-nylcot-tuba_725-04-2024-1024x732.jpg 1024w, https:\/\/dingogear.si\/wp-content\/uploads\/2024\/05\/jacek-szarpak-nylcot-tuba_725-04-2024-300x214.jpg 300w, https:\/\/dingogear.si\/wp-content\/uploads\/2024\/05\/jacek-szarpak-nylcot-tuba_725-04-2024-768x549.jpg 768w, https:\/\/dingogear.si\/wp-content\/uploads\/2024\/05\/jacek-szarpak-nylcot-tuba_725-04-2024-1536x1098.jpg 1536w, https:\/\/dingogear.si\/wp-content\/uploads\/2024\/05\/jacek-szarpak-nylcot-tuba_725-04-2024-500x357.jpg 500w, https:\/\/dingogear.si\/wp-content\/uploads\/2024\/05\/jacek-szarpak-nylcot-tuba_725-04-2024-700x500.jpg 700w, https:\/\/dingogear.si\/wp-content\/uploads\/2024\/05\/jacek-szarpak-nylcot-tuba_725-04-2024.jpg 2048w\" sizes=\"(max-width: 589px) 100vw, 589px\" \/><\/a> <a href=\"https:\/\/dingogear.si\/wp-content\/uploads\/2024\/05\/jacek-szarpak-nylcot-tuba_925-04-2024-1024x656.jpg\"><img decoding=\"async\" class=\"alignleft wp-image-17391 \" src=\"https:\/\/dingogear.si\/wp-content\/uploads\/2024\/05\/jacek-szarpak-nylcot-tuba_925-04-2024-1024x656.jpg\" alt=\"\" width=\"723\" height=\"463\" title=\"\" srcset=\"https:\/\/dingogear.si\/wp-content\/uploads\/2024\/05\/jacek-szarpak-nylcot-tuba_925-04-2024-1024x656.jpg 1024w, https:\/\/dingogear.si\/wp-content\/uploads\/2024\/05\/jacek-szarpak-nylcot-tuba_925-04-2024-300x192.jpg 300w, https:\/\/dingogear.si\/wp-content\/uploads\/2024\/05\/jacek-szarpak-nylcot-tuba_925-04-2024-768x492.jpg 768w, https:\/\/dingogear.si\/wp-content\/uploads\/2024\/05\/jacek-szarpak-nylcot-tuba_925-04-2024-1536x983.jpg 1536w, https:\/\/dingogear.si\/wp-content\/uploads\/2024\/05\/jacek-szarpak-nylcot-tuba_925-04-2024-500x320.jpg 500w, https:\/\/dingogear.si\/wp-content\/uploads\/2024\/05\/jacek-szarpak-nylcot-tuba_925-04-2024-700x448.jpg 700w, https:\/\/dingogear.si\/wp-content\/uploads\/2024\/05\/jacek-szarpak-nylcot-tuba_925-04-2024.jpg 2048w\" sizes=\"(max-width: 723px) 100vw, 723px\" \/><\/a><\/p>\n","protected":false},"excerpt":{"rendered":"<h5 class=\"serp-title\">Aport TUBA od RING materijala<\/h5>\n<p>Aport je izra\u0111en od vrlo izdr\u017eljivog i izdr\u017eljivog materijala, koji se tako\u0111er koristi za marker odijela. Sa dva remena. Aport TUBA, zahvaljuju\u0107i svojoj debljini, velika je pomo\u0107 u u\u010denju psa kako zagristi i formirati pravilan zahvat. <strong>Trake su \u0161ivane tako da mo\u017eete pri\u010dvrstiti i povodac u treningu obrane.<\/strong> Na\u0161i proizvodi namijenjeni su igri i treniranju uz pomo\u0107 vodi\u010da, ne ostavljajte ih psu bez nadzora. <strong>Dizajniran za zabavu psa i podu\u010davanje pravilnog ugriza.<\/strong> Testirano i odobreno od strane profesionalnih trenera pasa. Pouzdana kvaliteta i 100% zadovoljstvo. Ru\u010dno izra\u0111en i profesionalno izra\u0111en za profesionalnu upotrebu. Karakteristike:<\/p>\n<ul>\n<li>vrlo izdr\u017eljiv RING (nylcot) materijal<\/li>\n<li>meko\u0107a<\/li>\n<li>DEBLJINA aporta olak\u0161ava u\u010denje zagriza i pobolj\u0161ava stisak<\/li>\n<li>robusni i sna\u017eni \u0161avovi osiguravaju visoku toleranciju na jaka povla\u010denja<\/li>\n<li>te\u017eina 335g<\/li>\n<li>dimenzije 29x10cm<\/li>\n<\/ul>\n","protected":false},"featured_media":17400,"comment_status":"open","ping_status":"closed","template":"","meta":{"_acf_changed":false},"product_brand":[2948],"product_cat":[809,807,803,819,823],"product_tag":[747,745,1238],"class_list":{"0":"post-17388","1":"product","2":"type-product","3":"status-publish","4":"has-post-thumbnail","6":"product_brand-dingo-gear","7":"product_cat-igra-uz-trening","8":"product_cat-kobasice-aporti","9":"product_cat-oprema-za-psa","10":"product_cat-pomagala-za-trening","11":"product_cat-trening-vodljivosti","12":"product_tag-igra-hr","13":"product_tag-kobasice","14":"product_tag-vodljivost","15":"pa_barva-aporta-narancasta","16":"pa_barva-aporta-pink-hr","17":"pa_barva-aporta-plava","18":"pa_barva-izdelka-narandzasta","19":"pa_barva-izdelka-pink-hr","20":"pa_barva-izdelka-plava","21":"pa_dimenzije-aporta-10-x-29-cm","22":"pa_material-aporta-french-ring-nylcot-hr","23":"pa_oblika-aporta-cilindar","24":"pa_oblika-aporta-jastucic","25":"pa_stevilo-rocajev-na-aportu-2-rucke","27":"first","28":"instock","29":"featured","30":"taxable","31":"shipping-taxable","32":"purchasable","33":"product-type-variable"},"acf":[],"_links":{"self":[{"href":"https:\/\/dingogear.si\/hr\/wp-json\/wp\/v2\/product\/17388","targetHints":{"allow":["GET"]}}],"collection":[{"href":"https:\/\/dingogear.si\/hr\/wp-json\/wp\/v2\/product"}],"about":[{"href":"https:\/\/dingogear.si\/hr\/wp-json\/wp\/v2\/types\/product"}],"replies":[{"embeddable":true,"href":"https:\/\/dingogear.si\/hr\/wp-json\/wp\/v2\/comments?post=17388"}],"wp:featuredmedia":[{"embeddable":true,"href":"https:\/\/dingogear.si\/hr\/wp-json\/wp\/v2\/media\/17400"}],"wp:attachment":[{"href":"https:\/\/dingogear.si\/hr\/wp-json\/wp\/v2\/media?parent=17388"}],"wp:term":[{"taxonomy":"product_brand","embeddable":true,"href":"https:\/\/dingogear.si\/hr\/wp-json\/wp\/v2\/product_brand?post=17388"},{"taxonomy":"product_cat","embeddable":true,"href":"https:\/\/dingogear.si\/hr\/wp-json\/wp\/v2\/product_cat?post=17388"},{"taxonomy":"product_tag","embeddable":true,"href":"https:\/\/dingogear.si\/hr\/wp-json\/wp\/v2\/product_tag?post=17388"}],"curies":[{"name":"wp","href":"https:\/\/api.w.org\/{rel}","templated":true}]}}