{"id":17457,"date":"2024-06-13T11:07:57","date_gmt":"2024-06-13T09:07:57","guid":{"rendered":"https:\/\/dingogear.si\/?post_type=product&#038;p=17457"},"modified":"2026-02-03T10:44:46","modified_gmt":"2026-02-03T09:44:46","slug":"poslastica-za-pse-susena-goveda-jagodica-20-30cm-250-270g-kopija","status":"publish","type":"product","link":"https:\/\/dingogear.si\/hr\/poslastica-za-pse-susena-goveda-jagodica-20-30cm-250-270g-kopija\/","title":{"rendered":"Poslastica za pse COLLAGEN \u0161tapi\u0107 za \u017evakanje s lososom XL 22,5cm &#8211; 105g"},"content":{"rendered":"<p>Luna&#8217;s Choice Salmon \u0161tapi\u0107i za \u017evakanje Luna&#8217;s Choice Collagen Sticks Losos su ukusni \u0161tapi\u0107i lososa za \u017evakanje. Ove plo\u010dice su prirodno bogate kolagenom koji podr\u017eava zglobove, ko\u017eu i kosu. \u017dvakanje \u0161tapi\u0107a mo\u017ee pomo\u0107i u \u010di\u0161\u0107enju zuba i uklanjanju plaka.    <span data-text-color=\"alert\"><strong>Imajte na umu: uvijek pazite da va\u0161 pas ima dovoljno vode za pi\u0107e i nemojte ga ostavljati bez nadzora dok mu dajete \u017evake.<\/strong><\/span><\/p>\n<p><iframe loading=\"lazy\" title=\"Luna&#039;s Choice - Collagen Chews (EN)\" width=\"1020\" height=\"574\" src=\"https:\/\/www.youtube.com\/embed\/pB3qTTRQCm0?feature=oembed\" frameborder=\"0\" allow=\"accelerometer; autoplay; clipboard-write; encrypted-media; gyroscope; picture-in-picture; web-share\" referrerpolicy=\"strict-origin-when-cross-origin\" allowfullscreen><\/iframe><\/p>\n","protected":false},"excerpt":{"rendered":"<p>\u0160tapi\u0107 za \u017evakanje s lososom Izra\u0111en od mekanog unutarnjeg sloja kravlje ko\u017ee Bogat kolagenom Podr\u017eava zglobove, ko\u017eu i kosu Lako probavljiv Poma\u017ee u \u010di\u0161\u0107enju zubi  <strong>Dok se ve\u0107ina grickalica od sirove ko\u017ee izra\u0111uje od tvrdog i tvrdog sloja ko\u017ee, Luna&#8217;s Choice kolagenske grickalice izra\u0111uju se od unutarnjeg sloja kravlje ko\u017ee, \u0161to ih \u010dini vrlo mekanima i ukusnima. To tako\u0111er \u010dini grickalice vrlo probavljivima i sigurnima za pse <\/strong>.<br \/>\nPoleg okusa so te pal\u010dke nizkokalori\u010dne (343,6 Kcal na 100 gramov), zaradi \u010desar so odgovoren prigrizek.<br \/>\nVelikost: XL &#8211; 22,5 x 2,5 cm, po 105 gramov  <\/p>\n","protected":false},"featured_media":17459,"comment_status":"open","ping_status":"closed","template":"","meta":{"_acf_changed":false},"product_brand":[2956],"product_cat":[817,819,827],"product_tag":[747,755,2887],"class_list":{"0":"post-17457","1":"product","2":"type-product","3":"status-publish","4":"has-post-thumbnail","6":"product_brand-lunas-choice","7":"product_cat-oprema-za-vodica","8":"product_cat-pomagala-za-trening","9":"product_cat-poslastice-za-trening","10":"product_tag-igra-hr","11":"product_tag-poslastice-za-trening","12":"product_tag-suhomesnate-poslastice","14":"first","15":"instock","16":"taxable","17":"shipping-taxable","18":"purchasable","19":"product-type-simple"},"acf":[],"_links":{"self":[{"href":"https:\/\/dingogear.si\/hr\/wp-json\/wp\/v2\/product\/17457","targetHints":{"allow":["GET"]}}],"collection":[{"href":"https:\/\/dingogear.si\/hr\/wp-json\/wp\/v2\/product"}],"about":[{"href":"https:\/\/dingogear.si\/hr\/wp-json\/wp\/v2\/types\/product"}],"replies":[{"embeddable":true,"href":"https:\/\/dingogear.si\/hr\/wp-json\/wp\/v2\/comments?post=17457"}],"wp:featuredmedia":[{"embeddable":true,"href":"https:\/\/dingogear.si\/hr\/wp-json\/wp\/v2\/media\/17459"}],"wp:attachment":[{"href":"https:\/\/dingogear.si\/hr\/wp-json\/wp\/v2\/media?parent=17457"}],"wp:term":[{"taxonomy":"product_brand","embeddable":true,"href":"https:\/\/dingogear.si\/hr\/wp-json\/wp\/v2\/product_brand?post=17457"},{"taxonomy":"product_cat","embeddable":true,"href":"https:\/\/dingogear.si\/hr\/wp-json\/wp\/v2\/product_cat?post=17457"},{"taxonomy":"product_tag","embeddable":true,"href":"https:\/\/dingogear.si\/hr\/wp-json\/wp\/v2\/product_tag?post=17457"}],"curies":[{"name":"wp","href":"https:\/\/api.w.org\/{rel}","templated":true}]}}