{"id":17592,"date":"2024-07-23T13:38:31","date_gmt":"2024-09-23T18:56:12","guid":{"rendered":"https:\/\/dingogear.si\/?post_type=product&#038;p=17592"},"modified":"2024-09-23T20:56:12","modified_gmt":"2024-09-23T18:56:12","slug":"tailswingers-dimljene-kobasice-50kos-375g-kopija-kopija-kopija-kopija-kopija-kopija-kopija-kopija-kopija","status":"publish","type":"product","link":"https:\/\/dingogear.si\/hr\/tailswingers-dimljene-kobasice-50kos-375g-kopija-kopija-kopija-kopija-kopija-kopija-kopija-kopija-kopija\/","title":{"rendered":"Poslastica za pse suhe janje\u0107e tripice 15cm 500g"},"content":{"rendered":"<p>Poslastica za pse &#8211; su\u0161ene janje\u0107e tripice Ako ste u potrazi za dugotrajnim prirodnim \u017evakalicama, mo\u017eda ste ve\u0107 nai\u0161li na pse\u0107e tripice. Relativno su jeftini, mnogi ih cijene i vrlo su zdravi za va\u0161eg psa. Instinkt \u017evakanja kod pasa je jak i va\u017eno je dati im na\u010dine da ga izraze bez uni\u0161tavanja na\u0161ih cipela ili namje\u0161taja. Zadci su, kao i svi grickalice za \u017evakanje, dobar na\u010din da ukratko provedemo vrijeme za na\u0161e ljubimce. Tripice su zdrav dodatak prehrani Tripice nisu samo bogate bjelan\u010devinama, ve\u0107 se smatraju i lako probavljivima i pru\u017eaju kompletan profil aminokiselina. To, zajedno s \u010dinjenicom da imaju nizak udio masti, zna\u010di da se mogu smatrati zdravim dodatkom mnogim pse\u0107im dijetama. Protein je va\u017ean za rast i odr\u017eavanje mi\u0161i\u0107a, tako da je me\u0111uobrok s visokim sadr\u017eajem proteina dobar za \u0161tence u razvoju. Aktivni psi, kao \u0161to su radni ili sportski psi, tako\u0111er imaju koristi od dodatnih proteina u svojoj prehrani. Glavne prednosti gumenih bombona za pse: \u010ciste zube \u2013 desni mogu pomo\u0107i u uklanjanju naslaga i zubnog kamenca tijekom \u017evakanja. Nizak udio masti \u2013 Mo\u017ee biti dobar izbor za pse koji moraju ograni\u010diti unos masti zbog pankreatitisa. Dobro za mentalno zdravlje \u2013 Poma\u017ee zadovoljiti prirodnu potrebu za \u017evakanjem i promi\u010de dobro mentalno zdravlje. Dimenzije: Du\u017eina: \u00b1 15 CM Podaci o hranjivoj vrijednosti tripica: Proteini: 59-75% Pepeo: 2,6-11% Vlaga: 5,8-10% Vlakna: 1,2-4% Vitamini: Selen, Cink, Vitamin B12 <span data-text-color=\"alert\"><strong>Napomena : Uvijek pazite da va\u0161 pas ima dovoljno vode za pi\u0107e i nemojte ga ostavljati bez nadzora dok mu dajete \u017evake.<\/strong><\/span>           <\/p>\n","protected":false},"excerpt":{"rendered":"<p>Poslastica za pse &#8211; su\u0161ene janje\u0107e tripice Tripice nisu samo bogate proteinima, ve\u0107 se tako\u0111er smatraju lako probavljivima i daju savr\u0161en profil aminokiselina. To, zajedno s \u010dinjenicom da imaju nizak udio masti, zna\u010di da se mogu smatrati zdravim dodatkom mnogim pse\u0107im dijetama. Protein je va\u017ean za rast i odr\u017eavanje mi\u0161i\u0107a, tako da je me\u0111uobrok s visokim sadr\u017eajem proteina dobar za \u0161tence u razvoju. Aktivni psi, kao \u0161to su radni ili sportski psi, tako\u0111er imaju koristi od dodatnih proteina u svojoj prehrani. Glavne prednosti gumenih bombona za pse: \u010ciste zube \u2013 desni mogu pomo\u0107i u uklanjanju naslaga i zubnog kamenca tijekom \u017evakanja. Nizak udio masti \u2013 Mo\u017ee biti dobar izbor za pse koji moraju ograni\u010diti unos masti zbog pankreatitisa. Dobro za mentalno zdravlje \u2013 Poma\u017ee zadovoljiti prirodnu potrebu za \u017evakanjem i promi\u010de dobro mentalno zdravlje. Nutritivne informacije o buragu: Proteini: 59-75% Pepeo: 2,6-11% Vlaga: 5,8-10% Vlakna: 1,2-4% Vitamini: Selen, Cink, Vitamin B12 <span data-text-color=\"alert\"><strong>Imajte na umu: Uvijek pazite da va\u0161 pas ima dovoljno vode za pi\u0107e te da psa ne ostavljate bez nadzora kada mu dajete grickalice za \u017evakanje.<\/strong><\/span>       <\/p>\n","protected":false},"featured_media":17598,"comment_status":"open","ping_status":"closed","template":"","meta":{"_acf_changed":false},"product_brand":[2951],"product_cat":[817,819,827],"product_tag":[747,755,2887],"class_list":{"0":"post-17592","1":"product","2":"type-product","3":"status-publish","4":"has-post-thumbnail","6":"product_brand-topmast","7":"product_cat-oprema-za-vodica","8":"product_cat-pomagala-za-trening","9":"product_cat-poslastice-za-trening","10":"product_tag-igra-hr","11":"product_tag-poslastice-za-trening","12":"product_tag-suhomesnate-poslastice","13":"pa_okus-janjetina","15":"first","16":"outofstock","17":"taxable","18":"shipping-taxable","19":"purchasable","20":"product-type-simple"},"acf":[],"_links":{"self":[{"href":"https:\/\/dingogear.si\/hr\/wp-json\/wp\/v2\/product\/17592","targetHints":{"allow":["GET"]}}],"collection":[{"href":"https:\/\/dingogear.si\/hr\/wp-json\/wp\/v2\/product"}],"about":[{"href":"https:\/\/dingogear.si\/hr\/wp-json\/wp\/v2\/types\/product"}],"replies":[{"embeddable":true,"href":"https:\/\/dingogear.si\/hr\/wp-json\/wp\/v2\/comments?post=17592"}],"wp:featuredmedia":[{"embeddable":true,"href":"https:\/\/dingogear.si\/hr\/wp-json\/wp\/v2\/media\/17598"}],"wp:attachment":[{"href":"https:\/\/dingogear.si\/hr\/wp-json\/wp\/v2\/media?parent=17592"}],"wp:term":[{"taxonomy":"product_brand","embeddable":true,"href":"https:\/\/dingogear.si\/hr\/wp-json\/wp\/v2\/product_brand?post=17592"},{"taxonomy":"product_cat","embeddable":true,"href":"https:\/\/dingogear.si\/hr\/wp-json\/wp\/v2\/product_cat?post=17592"},{"taxonomy":"product_tag","embeddable":true,"href":"https:\/\/dingogear.si\/hr\/wp-json\/wp\/v2\/product_tag?post=17592"}],"curies":[{"name":"wp","href":"https:\/\/api.w.org\/{rel}","templated":true}]}}