{"id":17600,"date":"2024-07-23T13:57:50","date_gmt":"2024-07-23T11:57:50","guid":{"rendered":"https:\/\/dingogear.si\/?post_type=product&#038;p=17600"},"modified":"2024-09-23T20:56:09","modified_gmt":"2024-09-23T18:56:09","slug":"tailswingers-dimljene-kobasice-50kos-375g-kopija-kopija-kopija-kopija-kopija-kopija-kopija-kopija-kopija-kopija-2","status":"publish","type":"product","link":"https:\/\/dingogear.si\/hr\/tailswingers-dimljene-kobasice-50kos-375g-kopija-kopija-kopija-kopija-kopija-kopija-kopija-kopija-kopija-kopija-2\/","title":{"rendered":"Poslastica za pse kravlji rog &#8211; gove\u0111i rog 350-400g"},"content":{"rendered":"<p>Poslastica za pse &#8211; <span style=\"font-size: 14.4px;\">Rogovi goveda cca 350-400 grama<\/span> Rogovi goveda su vrlo tvrdi i stoga idealni za velike pse, za uporne \u017eva\u010de. \u017delite li svom psu pru\u017eiti dugotrajan u\u017eitak \u017evakanja, gove\u0111i rog je dobar i prirodan izbor. Tako\u0111er ih mo\u017eete napuniti pa\u0161tetom ili maslacem od kikirikija kako biste izazvali ili nau\u010dili svog psa \u017evakati. Rogovi malo variraju u veli\u010dini i prosje\u010dno su debeli 3 do 4 cm. Ovo je crni komad roga, idealan za pse s jakom potrebom za \u017evakanjem ili one koji nisu zadovoljni drugim kostima jer se tro\u0161e ili lako lome. Ovaj rog se ne kvari i tvrd je kao kamen. Napravljena od 100% \u010distog kravljeg roga, ova je grickalica bogata hranjivim tvarima i poma\u017ee u ja\u010danju zuba i \u010deljusti va\u0161eg psa. Struktura kravljeg roga je tvrda i robusna, \u0161to ga \u010dini izvrsnim izborom za pse s jakim \u010deljusnim mi\u0161i\u0107ima ili za pse sklone karijesu. Tvrdo\u0107a granula tako\u0111er poma\u017ee u uklanjanju naslaga i zubnog kamenca i odr\u017eavanju zdrave oralne higijene va\u0161eg psa. Prirodni izvor proteina Osim toga, kravlji rog je prirodni izvor proteina koji poma\u017ee va\u0161em psu u rastu i razvoju. Tako\u0111er sadr\u017ei minerale poput kalcija i fosfora koji pridonose zdravoj strukturi kostiju. \u010cvrsta grickalica za pse Topmast cow horn je bez umjetnih boja i aroma te je prikladna za pse svih dobi i pasmina. Jedna polovica otvorena, a druga polovica zatvorena.              <span data-text-color=\"alert\"><strong>Imajte na umu: uvijek pazite da va\u0161 pas ima dovoljno vode za pi\u0107e i nemojte ga ostavljati bez nadzora dok mu dajete \u017evake.<\/strong><\/span><\/p>\n","protected":false},"excerpt":{"rendered":"<p>Poslastica za pse &#8211; Gove\u0111i rogovi su vrlo tvrdi i stoga idealni za velike pse, za uporne \u017eva\u010de. \u017delite li svom psu pru\u017eiti dugotrajan u\u017eitak \u017evakanja, gove\u0111i rog je dobar i prirodan izbor. Tako\u0111er ih mo\u017eete napuniti pa\u0161tetom ili maslacem od kikirikija kako biste izazvali ili nau\u010dili svog psa \u017evakati. Rogovi malo variraju u veli\u010dini i prosje\u010dno su debeli 3 do 4 cm. Ovo je crni komad roga, idealan za pse s jakom potrebom za \u017evakanjem ili one koji nisu zadovoljni drugim kostima jer se tro\u0161e ili lako lome. Ovaj rog se ne kvari i tvrd je kao kamen. Osim toga, gove\u0111i rog prirodni je izvor proteina koji va\u0161em psu poma\u017ee u rastu i razvoju. Tako\u0111er sadr\u017ei minerale poput kalcija i fosfora koji doprinose zdravoj strukturi kostiju. \u010cvrsta grickalica za pse Topmast cow horn je bez umjetnih boja i aroma te je prikladna za pse svih dobi i pasmina.          <span data-text-color=\"alert\"><strong>Imajte na umu: uvijek pazite da va\u0161 pas ima dovoljno vode za pi\u0107e i nemojte ga ostavljati bez nadzora dok mu dajete \u017evake.<\/strong><\/span><\/p>\n","protected":false},"featured_media":17602,"comment_status":"open","ping_status":"closed","template":"","meta":{"_acf_changed":false},"product_brand":[],"product_cat":[817,819,827],"product_tag":[747,755,2887],"class_list":{"0":"post-17600","1":"product","2":"type-product","3":"status-publish","4":"has-post-thumbnail","6":"product_cat-oprema-za-vodica","7":"product_cat-pomagala-za-trening","8":"product_cat-poslastice-za-trening","9":"product_tag-igra-hr","10":"product_tag-poslastice-za-trening","11":"product_tag-suhomesnate-poslastice","12":"pa_okus-govedina-hr","14":"first","15":"instock","16":"taxable","17":"shipping-taxable","18":"purchasable","19":"product-type-simple"},"acf":[],"_links":{"self":[{"href":"https:\/\/dingogear.si\/hr\/wp-json\/wp\/v2\/product\/17600","targetHints":{"allow":["GET"]}}],"collection":[{"href":"https:\/\/dingogear.si\/hr\/wp-json\/wp\/v2\/product"}],"about":[{"href":"https:\/\/dingogear.si\/hr\/wp-json\/wp\/v2\/types\/product"}],"replies":[{"embeddable":true,"href":"https:\/\/dingogear.si\/hr\/wp-json\/wp\/v2\/comments?post=17600"}],"wp:featuredmedia":[{"embeddable":true,"href":"https:\/\/dingogear.si\/hr\/wp-json\/wp\/v2\/media\/17602"}],"wp:attachment":[{"href":"https:\/\/dingogear.si\/hr\/wp-json\/wp\/v2\/media?parent=17600"}],"wp:term":[{"taxonomy":"product_brand","embeddable":true,"href":"https:\/\/dingogear.si\/hr\/wp-json\/wp\/v2\/product_brand?post=17600"},{"taxonomy":"product_cat","embeddable":true,"href":"https:\/\/dingogear.si\/hr\/wp-json\/wp\/v2\/product_cat?post=17600"},{"taxonomy":"product_tag","embeddable":true,"href":"https:\/\/dingogear.si\/hr\/wp-json\/wp\/v2\/product_tag?post=17600"}],"curies":[{"name":"wp","href":"https:\/\/api.w.org\/{rel}","templated":true}]}}