{"id":17657,"date":"2024-08-01T10:17:59","date_gmt":"2024-09-23T18:56:07","guid":{"rendered":"https:\/\/dingogear.si\/?post_type=product&#038;p=17657"},"modified":"2025-03-12T16:08:39","modified_gmt":"2025-03-12T15:08:39","slug":"lopta-na-napuhavanje-od-eko-koze-sa-ruckom","status":"publish","type":"product","link":"https:\/\/dingogear.si\/hr\/lopta-na-napuhavanje-od-eko-koze-sa-ruckom\/","title":{"rendered":"Lopta NA NAPUHAVANJE od EKO ko\u017ee sa ru\u010dkom"},"content":{"rendered":"<p>Lopta NA NAPUHAVANJE od EKO ko\u017ee sa ru\u010dkom<\/p>\n","protected":false},"excerpt":{"rendered":"<p>LOPTA OD EKO KO\u017dE NA NAPUHAVANJE SA RU\u010cKOM &#8211; Lopta od meke eko ko\u017ee bez punila. Napumpajte loptu kao odbojka\u0161ku ili nogometnu loptu do \u017eeljene \u010dvrsto\u0107e. Materijal od kojeg je lopta izra\u0111ena je izdr\u017eljiv i otporan na o\u0161te\u0107enja i ugrize, a \u010dvrsti i jaki \u0161avovi osiguravaju dug vijek trajanja. Ru\u010dka je izra\u0111ena od mekane trake i pru\u017ea visoku udobnost dr\u017eanja. Lopta nije osjetljiva pa je mo\u017eete koristiti du\u017ee vrijeme za treniranje i igru \u200b\u200bsa svojim psom.<\/p>\n<p>Lopta je dostupna u dvije boje i dvije veli\u010dine:<\/p>\n<ul>\n<li>zelena ili naran\u010dasta<\/li>\n<li>promjer 8cm, 13cm ili 18cm<\/li>\n<\/ul>\n<p>Zna\u010dajke lopte:<\/p>\n<ul>\n<li>eco ko\u017ea<\/li>\n<li>ru\u010dno \u0161ivano<\/li>\n<li>na napuhavanje<\/li>\n<li>bez punila<\/li>\n<li>meka<\/li>\n<li>ru\u010dka od \u0161iroke i mekane trake<\/li>\n<li>\u010dvrsti i jaki \u0161avovi<\/li>\n<li>parametri: duljina ru\u010dke 18,5 cm; promjer 8cm\/13cm\/18cm; te\u017eina &#8211; 0,1 kg<\/li>\n<\/ul>\n<p>Svrha lopte:<\/p>\n<ul>\n<li>aportiranje \/ dono\u0161enje predmeta<\/li>\n<li>u\u010denje \u017evakanja<\/li>\n<li>trenirati pravilan ugriz psa<\/li>\n<li>igra<\/li>\n<\/ul>\n<p>Lopta nije namijenjena igri vu\u010de!<\/p>\n","protected":false},"featured_media":9696,"comment_status":"open","ping_status":"closed","template":"","meta":{"_acf_changed":false},"product_brand":[2948],"product_cat":[809,1831,803,819,823],"product_tag":[747,1238],"class_list":{"0":"post-17657","1":"product","2":"type-product","3":"status-publish","4":"has-post-thumbnail","6":"product_brand-dingo-gear","7":"product_cat-igra-uz-trening","8":"product_cat-loptice","9":"product_cat-oprema-za-psa","10":"product_cat-pomagala-za-trening","11":"product_cat-trening-vodljivosti","12":"product_tag-igra-hr","13":"product_tag-vodljivost","14":"pa_barva-izdelka-fluorescentno-narancasta","15":"pa_barva-izdelka-fluorescentno-zelena-hr","16":"pa_barva-zoge-fluorescentno-narancasta","17":"pa_barva-zoge-fluorescentno-zelena-hr","18":"pa_material-zoge-eco-koza","19":"pa_material-zoge-koza","20":"pa_oblika-velikost-zoge-okrugla-promjer-13cm","21":"pa_oblika-velikost-zoge-okrugla-promjer-18cm","22":"pa_oblika-velikost-zoge-okrugla-promjer-8-cm","24":"first","25":"instock","26":"featured","27":"taxable","28":"shipping-taxable","29":"purchasable","30":"product-type-variable"},"acf":[],"_links":{"self":[{"href":"https:\/\/dingogear.si\/hr\/wp-json\/wp\/v2\/product\/17657","targetHints":{"allow":["GET"]}}],"collection":[{"href":"https:\/\/dingogear.si\/hr\/wp-json\/wp\/v2\/product"}],"about":[{"href":"https:\/\/dingogear.si\/hr\/wp-json\/wp\/v2\/types\/product"}],"replies":[{"embeddable":true,"href":"https:\/\/dingogear.si\/hr\/wp-json\/wp\/v2\/comments?post=17657"}],"wp:featuredmedia":[{"embeddable":true,"href":"https:\/\/dingogear.si\/hr\/wp-json\/wp\/v2\/media\/9696"}],"wp:attachment":[{"href":"https:\/\/dingogear.si\/hr\/wp-json\/wp\/v2\/media?parent=17657"}],"wp:term":[{"taxonomy":"product_brand","embeddable":true,"href":"https:\/\/dingogear.si\/hr\/wp-json\/wp\/v2\/product_brand?post=17657"},{"taxonomy":"product_cat","embeddable":true,"href":"https:\/\/dingogear.si\/hr\/wp-json\/wp\/v2\/product_cat?post=17657"},{"taxonomy":"product_tag","embeddable":true,"href":"https:\/\/dingogear.si\/hr\/wp-json\/wp\/v2\/product_tag?post=17657"}],"curies":[{"name":"wp","href":"https:\/\/api.w.org\/{rel}","templated":true}]}}