{"id":17735,"date":"2024-08-12T17:28:32","date_gmt":"2024-09-23T15:52:50","guid":{"rendered":"https:\/\/dingogear.si\/?post_type=product&#038;p=17735"},"modified":"2025-03-12T16:16:57","modified_gmt":"2025-03-12T15:16:57","slug":"ultra-lagana-radna-orma","status":"publish","type":"product","link":"https:\/\/dingogear.si\/hr\/ultra-lagana-radna-orma\/","title":{"rendered":"Ultra lagana radna orma"},"content":{"rendered":"<p><a href=\"https:\/\/dingogear.si\/wp-content\/uploads\/2024\/08\/ultralight-harness-6-300x300.jpg\"><img decoding=\"async\" class=\"alignleft size-medium wp-image-17751\" src=\"https:\/\/dingogear.si\/wp-content\/uploads\/2024\/08\/ultralight-harness-6-300x300.jpg\" alt=\"\" width=\"300\" height=\"300\" title=\"\" srcset=\"https:\/\/dingogear.si\/wp-content\/uploads\/2024\/08\/ultralight-harness-6-300x300.jpg 300w, https:\/\/dingogear.si\/wp-content\/uploads\/2024\/08\/ultralight-harness-6-1024x1024.jpg 1024w, https:\/\/dingogear.si\/wp-content\/uploads\/2024\/08\/ultralight-harness-6-150x150.jpg 150w, https:\/\/dingogear.si\/wp-content\/uploads\/2024\/08\/ultralight-harness-6-768x768.jpg 768w, https:\/\/dingogear.si\/wp-content\/uploads\/2024\/08\/ultralight-harness-6-1536x1536.jpg 1536w, https:\/\/dingogear.si\/wp-content\/uploads\/2024\/08\/ultralight-harness-6-500x500.jpg 500w, https:\/\/dingogear.si\/wp-content\/uploads\/2024\/08\/ultralight-harness-6-700x700.jpg 700w, https:\/\/dingogear.si\/wp-content\/uploads\/2024\/08\/ultralight-harness-6-100x100.jpg 100w, https:\/\/dingogear.si\/wp-content\/uploads\/2024\/08\/ultralight-harness-6.jpg 2000w\" sizes=\"(max-width: 300px) 100vw, 300px\" \/><\/a><\/p>\n<p>Ultra lagana radna orma odli\u010dno je rje\u0161enje za radne pse, pse slu\u017ebenike i one koji sudjeluju u sportovima za pse kao \u0161to je IGP. Izvrstna je i za svakodnevnu upotrebu i rekreativne \u0161etnje. Izra\u0111ena je od visokokvalitetne polipropilenske trake, a istovremeno je izdr\u017eljiva i iznimno lagana, \u0161to pove\u0107ava udobnost no\u0161enja i \u010dini je gotovo neprimjetnom tijekom dugotrajnog kori\u0161tenja.<\/p>\n<p>Dvostrana prilagodba na trbuhu omogu\u0107uje savr\u0161eno pristajanje pojasa uz tijelo psa, osiguravaju\u0107i udobnost i sigurnost tijekom svake aktivnosti. Orma je opremljena prakti\u010dnom ru\u010dkom na stra\u017enjoj strani koja omogu\u0107uje lak\u0161e upravljanje psom u te\u0161kim situacijama. Osim toga, <strong>mogu\u0107nost pri\u010dvr\u0161\u0107ivanja povodca ispod trbuha i na le\u0111a<\/strong> nudi razli\u010dite mogu\u0107nosti kori\u0161tenja koje se prilago\u0111avaju individualnim potrebama vlasnika i njegovog psa.<\/p>\n<p>Zahvaljuju\u0107i elegantnoj klasi\u010dnoj crnoj boji, orma je moderna, au isto vrijeme jednostavan za odr\u017eavanje. Njezina izdr\u017eljiva konstrukcija osigurava dugotrajnu upotrebu, a lako\u0107a materijala \u010dini ga idealnim izborom za svakog psa, bez obzira na veli\u010dinu ili pasminu.<\/p>\n<p>Na\u0161e orme osiguravaju kvalitetu, izdr\u017eljivost i iznimnu udobnost za va\u0161eg ljubimca.<\/p>\n","protected":false},"excerpt":{"rendered":"<p>Ultra lagana radna orma dizajnirana je za aktivne pse i nudi ne samo udobnost ve\u0107 i potpunu slobodu kretanja. Izvrsno je rje\u0161enje za radne pse, slu\u017ebene pse i one koji sudjeluju u pse\u0107im sportovima kao \u0161to je IGP. Izvrstna je i za svakodnevnu upotrebu i rekreativne \u0161etnje. Izra\u0111ena je od visokokvalitetne polipropilenske trake, a istovremeno je izdr\u017eljiva i iznimno lagana, \u0161to pove\u0107ava udobnost no\u0161enja i \u010dini je gotovo neprimjetnom tijekom dugotrajnog kori\u0161tenja.<\/p>\n<p>Dvostrana prilagodba na trbuhu omogu\u0107uje savr\u0161eno pristajanje pojasa uz tijelo psa, osiguravaju\u0107i udobnost i sigurnost tijekom svake aktivnosti. Orma je opremljena prakti\u010dnom ru\u010dkom na stra\u017enjoj strani koja omogu\u0107uje lak\u0161e upravljanje psom u te\u0161kim situacijama. Osim toga, <strong>mogu\u0107nost pri\u010dvr\u0161\u0107ivanja povodca ispod trbuha i na le\u0111a<\/strong> nudi razli\u010dite mogu\u0107nosti kori\u0161tenja koje se prilago\u0111avaju individualnim potrebama vlasnika i njegovog psa.<\/p>\n<p><span data-text-color=\"alert\"><strong>Imajte na umu da je mjera A opseg kroz koji prolazi glava psa. Ovaj dio orme tada bi trebao biti ni\u017ee od vrata, tj. iznad prednjih nogu. Stoga razmislite o odabiru ve\u0107eg otvora. Ako va\u0161 pas ima obujam vrata od 45 cm, nabavite ormu s otvorom od 48 ili 55 cm (obavezno izmjerite!).<\/strong><\/span><\/p>\n","protected":false},"featured_media":17760,"comment_status":"open","ping_status":"closed","template":"","meta":{"_acf_changed":false},"product_brand":[2948],"product_cat":[813,803,821],"product_tag":[1242],"class_list":{"0":"post-17735","1":"product","2":"type-product","3":"status-publish","4":"has-post-thumbnail","6":"product_brand-dingo-gear","7":"product_cat-hamovi-orma","8":"product_cat-oprema-za-psa","9":"product_cat-trening-obrane","10":"product_tag-hamovi-i-orme","11":"pa_barva-oprsnice-crna-hr","12":"pa_material-delovne-oprsnice-polipropilen-hr","13":"pa_posebnost-oprsnice-radna-orma-orma-za-rad","14":"pa_velikost-delovne-oprsnice-velicina-1-otvor-na-ormi-36-cm-opseg-prsa-40-50-cm","15":"pa_velikost-delovne-oprsnice-velicina-2-otvor-na-ormi-40cm-opseg-prsa-50-65cm","16":"pa_velikost-delovne-oprsnice-velicina-3-otvor-na-ormi-45cm-opseg-prsa-50-65cm","17":"pa_velikost-delovne-oprsnice-velicina-4-otvor-na-ormi-48cm-opseg-prsa-50-93cm","18":"pa_velikost-delovne-oprsnice-velicina-5-otvor-na-ormi-55cm-opseg-prsa-50-100cm","19":"pa_velikost-delovne-oprsnice-velicina-6-otvor-na-ormi-67cm-opseg-prsa-50-105cm","20":"pa_velikost-delovne-oprsnice-velicina-7-otvor-na-ormi-72cm-opseg-prsa-50-120cm","22":"first","23":"instock","24":"taxable","25":"shipping-taxable","26":"purchasable","27":"product-type-variable"},"acf":[],"_links":{"self":[{"href":"https:\/\/dingogear.si\/hr\/wp-json\/wp\/v2\/product\/17735","targetHints":{"allow":["GET"]}}],"collection":[{"href":"https:\/\/dingogear.si\/hr\/wp-json\/wp\/v2\/product"}],"about":[{"href":"https:\/\/dingogear.si\/hr\/wp-json\/wp\/v2\/types\/product"}],"replies":[{"embeddable":true,"href":"https:\/\/dingogear.si\/hr\/wp-json\/wp\/v2\/comments?post=17735"}],"wp:featuredmedia":[{"embeddable":true,"href":"https:\/\/dingogear.si\/hr\/wp-json\/wp\/v2\/media\/17760"}],"wp:attachment":[{"href":"https:\/\/dingogear.si\/hr\/wp-json\/wp\/v2\/media?parent=17735"}],"wp:term":[{"taxonomy":"product_brand","embeddable":true,"href":"https:\/\/dingogear.si\/hr\/wp-json\/wp\/v2\/product_brand?post=17735"},{"taxonomy":"product_cat","embeddable":true,"href":"https:\/\/dingogear.si\/hr\/wp-json\/wp\/v2\/product_cat?post=17735"},{"taxonomy":"product_tag","embeddable":true,"href":"https:\/\/dingogear.si\/hr\/wp-json\/wp\/v2\/product_tag?post=17735"}],"curies":[{"name":"wp","href":"https:\/\/api.w.org\/{rel}","templated":true}]}}