{"id":17890,"date":"2024-09-18T09:46:09","date_gmt":"2024-09-18T07:46:09","guid":{"rendered":"https:\/\/dingogear.si\/?post_type=product&#038;p=17890"},"modified":"2024-12-17T13:38:46","modified_gmt":"2024-12-17T12:38:46","slug":"sprenger-ultra-plus-poluzatezna-bodljikava-ogrlica-od-curogana","status":"publish","type":"product","link":"https:\/\/dingogear.si\/hr\/sprenger-ultra-plus-poluzatezna-bodljikava-ogrlica-od-curogana\/","title":{"rendered":"SPRENGER ULTRA-PLUS poluzatezna bodljikava ogrlica od Curogana"},"content":{"rendered":"<p><span style=\"font-size: 14.4px;\"><br \/>\nKVALITETA S TRADICIJOM<\/span><\/p>\n<p>Visokokvalitetne ogrlice za pse od nehr\u0111aju\u0107eg \u010delika. Mnoge prednosti ove kvalitete razlog su za\u0161to vodi\u010di koji se bave sportom pasa i profesionalni treneri koriste upravo ove ogrlice od nehr\u0111aju\u0107eg \u010delika. Posebni koraci obrade u proizvodnji i izbor materijala stvaraju svojstva kao \u0161to su otpornost na morsku vodu, robusnost i sigurnost. Pri kupnji Sprenger proizvoda od nehr\u0111aju\u0107eg \u010delika obratite pa\u017enju na na\u0161u metalnu naljepnicu s crvenom to\u010dkom i \u017eigom HS-GERMANY INOX na svim prstenovima i zakretnicama, \u0161to vam jam\u010di opisanu vrhunsku SPRENGER kvalitetu<\/p>\n<p><a href=\"https:\/\/dingogear.si\/wp-content\/uploads\/2024\/09\/curogan_tabela-1024x351.jpg\"><img decoding=\"async\" class=\"size-large wp-image-17894 alignleft\" src=\"https:\/\/dingogear.si\/wp-content\/uploads\/2024\/09\/curogan_tabela-1024x351.jpg\" alt=\"\" width=\"1020\" height=\"350\" title=\"\" srcset=\"https:\/\/dingogear.si\/wp-content\/uploads\/2024\/09\/curogan_tabela-1024x351.jpg 1024w, https:\/\/dingogear.si\/wp-content\/uploads\/2024\/09\/curogan_tabela-300x103.jpg 300w, https:\/\/dingogear.si\/wp-content\/uploads\/2024\/09\/curogan_tabela-768x263.jpg 768w, https:\/\/dingogear.si\/wp-content\/uploads\/2024\/09\/curogan_tabela-1536x527.jpg 1536w, https:\/\/dingogear.si\/wp-content\/uploads\/2024\/09\/curogan_tabela-500x171.jpg 500w, https:\/\/dingogear.si\/wp-content\/uploads\/2024\/09\/curogan_tabela-700x240.jpg 700w, https:\/\/dingogear.si\/wp-content\/uploads\/2024\/09\/curogan_tabela.jpg 1703w\" sizes=\"(max-width: 1020px) 100vw, 1020px\" \/><\/a><\/p>\n","protected":false},"excerpt":{"rendered":"<p>Poluzatezna ogrlica SPRENGER ULTRA-PLUS od Curogana je klasi\u010dna verzija ogrlice za profesionalnu obuku pasa: Ova ogrlica za obuku u klasi\u010dnom stilu lanca standardna je verzija s dva prstena.<\/p>\n<p>Dostupne su sljede\u0107e dimenzije:<\/p>\n<table width=\"523\">\n<tbody>\n<tr>\n<td width=\"184\">Kod proizvoda<\/td>\n<td width=\"139\">du\u017eina ogrlice<\/td>\n<td width=\"200\">\u00d8 debelina rinke<\/td>\n<\/tr>\n<tr>\n<td width=\"184\">50035 010 67<\/td>\n<td width=\"139\">41cm<\/td>\n<td width=\"200\">2,5mm<\/td>\n<\/tr>\n<tr>\n<td width=\"184\"><span class=\"fontstyle0\">50004 010 67<\/span><\/td>\n<td width=\"139\">58cm<\/td>\n<td width=\"200\">3,2mm<\/td>\n<\/tr>\n<tr>\n<td width=\"184\">50045 010 67<\/td>\n<td width=\"139\">63cm<\/td>\n<td width=\"200\">4mm<\/td>\n<\/tr>\n<\/tbody>\n<\/table>\n<p><span data-text-color=\"alert\"><strong>Mogu\u0107nost varijabilne prilagodbe duljine zahvaljuju\u0107i dodatnim karikama koje se mogu kupiti pojedina\u010dno. <a href=\"https:\/\/dingogear.si\/dodatni-cleni-3kos-za-sprenger-ultra-plus-clicklock-bodecko\/\">Dodatni linkovi 3kom za SPRENGER ULTRA-PLUS ogrlicu<\/a><\/strong><\/span><\/p>\n<a href=\"https:\/\/dingogear.si\/dodatni-cleni-3kos-za-sprenger-ultra-plus-clicklock-bodecko\/\" class=\"button primary is-ALERT is-medium\" >\n\t\t<span>DODATNI linkovi<\/span>\n\t<\/a>\n\n<p><span data-text-color=\"success\"><strong>Opcija pokriva\u010da za oglicu<\/strong><\/span><\/p>\n<p><span style=\"color: green; font-size: 14.4px;\"><a href=\"https:\/\/dingogear.si\/prevleka-za-sprenger-ultra-plus-clicklock-ovratnice\/\" class=\"button primary is-ALERT is-medium\" >\n\t\t<span>NAVLAKE ZA OGRLICE<\/span>\n\t<\/a>\n<\/span><\/p>\n<p>Od Curogana, koji je 100% bez nikla.<\/p>\n<p><span data-text-color=\"alert\"><strong>U svojoj sr\u017ei, bodljikavi ovratnik je poseban alat za obuku koji bi trebali koristiti samo profesionalci. Ogrlica je uvijek samo pomo\u0107 u dresuri psa i nikada ne zamjenjuje zdravu i stru\u010dnu obuku. Zato Vas molimo da se kod odabira prave bodljikave ogrlice posavjetujete s nama te potra\u017eite pomo\u0107 iskusnog trenera i posjetite odgovaraju\u0107u \u0161kolu za pse.<\/strong><\/span><\/p>\n","protected":false},"featured_media":17902,"comment_status":"open","ping_status":"closed","template":"","meta":{"_acf_changed":false},"product_brand":[2950],"product_cat":[815,803,821,823],"product_tag":[3019,753,2692],"class_list":{"0":"post-17890","1":"product","2":"type-product","3":"status-publish","4":"has-post-thumbnail","6":"product_brand-sprenger","7":"product_cat-ogrlice","8":"product_cat-oprema-za-psa","9":"product_cat-trening-obrane","10":"product_cat-trening-vodljivosti","11":"product_tag-bodljikava-ogrlica","12":"product_tag-ogrlice-i-davilice","13":"product_tag-sprenger-ogrlice","14":"pa_barva-ovratnice-bakrena-hr","15":"pa_debelina-rinke-225mm-hr","16":"pa_debelina-rinke-3-2mm-hr","17":"pa_debelina-rinke-4mm-hr","18":"pa_material-ovratnice-curogan-hr","19":"pa_material-ovratnice-metalna","20":"pa_material-ovratnice-nehrdajuci-celik","21":"pa_posebnost-ovratnice-bodljikava-ogrlica","22":"pa_posebnost-ovratnice-zatezna-ogrlica","23":"pa_velikost-ovratnice-41cm-hr","24":"pa_velikost-ovratnice-58cm-hr","25":"pa_velikost-ovratnice-63cm-hr","27":"first","28":"instock","29":"taxable","30":"shipping-taxable","31":"purchasable","32":"product-type-variable"},"acf":[],"_links":{"self":[{"href":"https:\/\/dingogear.si\/hr\/wp-json\/wp\/v2\/product\/17890","targetHints":{"allow":["GET"]}}],"collection":[{"href":"https:\/\/dingogear.si\/hr\/wp-json\/wp\/v2\/product"}],"about":[{"href":"https:\/\/dingogear.si\/hr\/wp-json\/wp\/v2\/types\/product"}],"replies":[{"embeddable":true,"href":"https:\/\/dingogear.si\/hr\/wp-json\/wp\/v2\/comments?post=17890"}],"wp:featuredmedia":[{"embeddable":true,"href":"https:\/\/dingogear.si\/hr\/wp-json\/wp\/v2\/media\/17902"}],"wp:attachment":[{"href":"https:\/\/dingogear.si\/hr\/wp-json\/wp\/v2\/media?parent=17890"}],"wp:term":[{"taxonomy":"product_brand","embeddable":true,"href":"https:\/\/dingogear.si\/hr\/wp-json\/wp\/v2\/product_brand?post=17890"},{"taxonomy":"product_cat","embeddable":true,"href":"https:\/\/dingogear.si\/hr\/wp-json\/wp\/v2\/product_cat?post=17890"},{"taxonomy":"product_tag","embeddable":true,"href":"https:\/\/dingogear.si\/hr\/wp-json\/wp\/v2\/product_tag?post=17890"}],"curies":[{"name":"wp","href":"https:\/\/api.w.org\/{rel}","templated":true}]}}